{"id":3312,"date":"2021-06-04T09:52:29","date_gmt":"2021-06-04T08:52:29","guid":{"rendered":"https:\/\/www.campinganderwald.at\/novinky-tipy\/"},"modified":"2022-03-21T20:12:37","modified_gmt":"2022-03-21T19:12:37","slug":"novinky-tipy","status":"publish","type":"page","link":"https:\/\/www.campinganderwald.at\/cs\/novinky-tipy\/","title":{"rendered":"Novinky \/ tipy"},"content":{"rendered":"\t\t<div data-elementor-type=\"wp-page\" data-elementor-id=\"3312\" class=\"elementor elementor-3312 elementor-368\" data-elementor-post-type=\"page\">\n\t\t\t\t\t\t<section class=\"elementor-section elementor-top-section elementor-element elementor-element-72477a0 elementor-section-boxed elementor-section-height-default elementor-section-height-default qodef-elementor-content-no\" data-id=\"72477a0\" data-element_type=\"section\" data-e-type=\"section\">\n\t\t\t\t\t\t<div class=\"elementor-container elementor-column-gap-default\">\n\t\t\t\t\t<div class=\"elementor-column elementor-col-100 elementor-top-column elementor-element elementor-element-c6ce3e1\" data-id=\"c6ce3e1\" data-element_type=\"column\" data-e-type=\"column\">\n\t\t\t<div class=\"elementor-widget-wrap elementor-element-populated\">\n\t\t\t\t\t\t<div class=\"elementor-element elementor-element-97dc385 elementor-widget elementor-widget-qi_addons_for_elementor_blog_list\" data-id=\"97dc385\" data-element_type=\"widget\" data-e-type=\"widget\" data-widget_type=\"qi_addons_for_elementor_blog_list.default\">\n\t\t\t\t<div class=\"elementor-widget-container\">\n\t\t\t\t\t<div class=\"qodef-shortcode qodef-m qodef-addons-blog-list qodef-info-no-icons qodef-image--hover-zoom qodef-qi-grid qodef-layout--qi-columns qodef-col-num--3 qodef-item-layout--boxed qodef-responsive--predefined\" >\n\t<div class=\"qodef-grid-inner\">\n\t\t<article class=\"qodef-e qodef-blog-item qodef-grid-item qodef-item--full post-14056 post type-post status-publish format-standard hentry category-uncategorized-cs\">\n\t<div class=\"qodef-e-inner\">\n\t\t<div class=\"qodef-e-media-holder\">\n\t\t\t<div class=\"qodef-e-media\">\n\t<\/div>\n<div itemprop=\"dateCreated\" class=\"qodef-e-info-item qodef-e-info-date entry-date \">\n\t<a itemprop=\"url\" href=\"https:\/\/www.campinganderwald.at\/cs\/2025\/12\/\">\n\t\t31 Pro\t<\/a>\n<\/div>\n\t\t<\/div>\n\t\t<div class=\"qodef-e-content\">\n\t\t\t\t\t\t\t<div class=\"qodef-e-info qodef-info--top\">\n\t\t\t\t\t<div class=\"qodef-e-info-item qodef-e-info-category\">\n\t\t<a href=\"https:\/\/www.campinganderwald.at\/cs\/category\/uncategorized-cs\/\" rel=\"category tag\">Uncategorized @cs<\/a><\/div>\n\t\t\t\t<\/div>\n\t\t\t\t\t\t<div class=\"qodef-e-text\">\n\t\t\t\t<h5 itemprop=\"name\" class=\"qodef-e-title entry-title\">\n\t<a itemprop=\"url\" class=\"qodef-e-title-link\" href=\"https:\/\/www.campinganderwald.at\/cs\/momenty-2025\/\">\n\t\tMomenty 2025\t<\/a>\n<\/h5>\n\t\t<p itemprop=\"description\" class=\"qodef-e-excerpt\">\n\t\t\tZp\u011btn\u00e9 zrc\u00e1tko Zde je na\u0161e recenze &#8211; bez hodnocen\u00ed, ale se spoustou vzpom\u00ednek na rok 2025. Clemens Za\u010d\u00edn\u00e1me dobrou zpr\u00e1vou: Clemens, n\u00e1\u0161 spr\u00e1vce pozemk\u016f se smys\t\t<\/p>\n\t\t\t\t<\/div>\n\t\t\t\t\t\t\t<div class=\"qodef-e-info qodef-info--bottom\">\n\t\t\t\t\t\t<div class=\"qodef-e-read-more\">\n\t\t<a class=\"qodef-shortcode qodef-m qodef-qi-button qodef-html--link qodef-layout--textual qodef-type--standard qodef-icon--right qodef-hover--icon-move-horizontal-short\" href=\"https:\/\/www.campinganderwald.at\/cs\/momenty-2025\/\" target=\"_self\">\t<span class=\"qodef-m-text\">pokra\u010dovat ve \u010dten\u00ed<\/span>\t\t<span class=\"qodef-m-icon\">\t\t<span class=\"qodef-m-icon-inner\">\t\t\t<i aria-hidden=\"true\" class=\"fas fa-long-arrow-alt-right\"><\/i>\t\t\t\t\t<\/span>\t<\/span><\/a>\t<\/div>\n\t\t\t\t<\/div>\n\t\t\t\t\t<\/div>\n\t<\/div>\n<\/article>\n<article class=\"qodef-e qodef-blog-item qodef-grid-item qodef-item--full post-12995 post type-post status-publish format-standard has-post-thumbnail hentry category-uncategorized-cs\">\n\t<div class=\"qodef-e-inner\">\n\t\t<div class=\"qodef-e-media-holder\">\n\t\t\t<div class=\"qodef-e-media\">\n\t\t<div class=\"qodef-e-media-image\">\n\t\t<a itemprop=\"url\" href=\"https:\/\/www.campinganderwald.at\/cs\/korutanska-jezerni-smycka-jedna-z-legendarnich-cyklotras-v-evrope-podle-lo\/\">\n\t\t\t<img fetchpriority=\"high\" decoding=\"async\" width=\"2560\" height=\"1707\" src=\"https:\/\/www.campinganderwald.at\/wp-content\/uploads\/2024\/01\/Basecamp-Anderwald-46-2-scaled.jpg\" class=\"attachment-full size-full\" alt=\"\" srcset=\"https:\/\/www.campinganderwald.at\/wp-content\/uploads\/2024\/01\/Basecamp-Anderwald-46-2-scaled.jpg 2560w, https:\/\/www.campinganderwald.at\/wp-content\/uploads\/2024\/01\/Basecamp-Anderwald-46-2-300x200.jpg 300w, https:\/\/www.campinganderwald.at\/wp-content\/uploads\/2024\/01\/Basecamp-Anderwald-46-2-1024x683.jpg 1024w, https:\/\/www.campinganderwald.at\/wp-content\/uploads\/2024\/01\/Basecamp-Anderwald-46-2-768x512.jpg 768w, https:\/\/www.campinganderwald.at\/wp-content\/uploads\/2024\/01\/Basecamp-Anderwald-46-2-1536x1024.jpg 1536w, https:\/\/www.campinganderwald.at\/wp-content\/uploads\/2024\/01\/Basecamp-Anderwald-46-2-2048x1365.jpg 2048w\" sizes=\"(max-width: 2560px) 100vw, 2560px\" \/>\t\t<\/a>\n\t\t\t<\/div>\n<\/div>\n<div itemprop=\"dateCreated\" class=\"qodef-e-info-item qodef-e-info-date entry-date \">\n\t<a itemprop=\"url\" href=\"https:\/\/www.campinganderwald.at\/cs\/2024\/12\/\">\n\t\t29 Pro\t<\/a>\n<\/div>\n\t\t<\/div>\n\t\t<div class=\"qodef-e-content\">\n\t\t\t\t\t\t\t<div class=\"qodef-e-info qodef-info--top\">\n\t\t\t\t\t<div class=\"qodef-e-info-item qodef-e-info-category\">\n\t\t<a href=\"https:\/\/www.campinganderwald.at\/cs\/category\/uncategorized-cs\/\" rel=\"category tag\">Uncategorized @cs<\/a><\/div>\n\t\t\t\t<\/div>\n\t\t\t\t\t\t<div class=\"qodef-e-text\">\n\t\t\t\t<h5 itemprop=\"name\" class=\"qodef-e-title entry-title\">\n\t<a itemprop=\"url\" class=\"qodef-e-title-link\" href=\"https:\/\/www.campinganderwald.at\/cs\/korutanska-jezerni-smycka-jedna-z-legendarnich-cyklotras-v-evrope-podle-lo\/\">\n\t\tKorutansk\u00e1 jezern\u00ed smy\u010dka &#8211; jedna z legend\u00e1rn\u00edch cyklotras v Evrop\u011b (podle Lo\t<\/a>\n<\/h5>\n\t\t<p itemprop=\"description\" class=\"qodef-e-excerpt\">\n\t\t\tKorutansk\u00e1 jezern\u00ed smy\u010dka se dostala do seznamu legend\u00e1rn\u00edch cyklotras Conley Planet. Cyklotrasa je dlouh\u00e1 v\u00edce ne\u017e 400 kilometr\u016f a vede po etap\u00e1ch pod\u00e9l 20 nejkr\u00e1sn\u011bj\t\t<\/p>\n\t\t\t\t<\/div>\n\t\t\t\t\t\t\t<div class=\"qodef-e-info qodef-info--bottom\">\n\t\t\t\t\t\t<div class=\"qodef-e-read-more\">\n\t\t<a class=\"qodef-shortcode qodef-m qodef-qi-button qodef-html--link qodef-layout--textual qodef-type--standard qodef-icon--right qodef-hover--icon-move-horizontal-short\" href=\"https:\/\/www.campinganderwald.at\/cs\/korutanska-jezerni-smycka-jedna-z-legendarnich-cyklotras-v-evrope-podle-lo\/\" target=\"_self\">\t<span class=\"qodef-m-text\">pokra\u010dovat ve \u010dten\u00ed<\/span>\t\t<span class=\"qodef-m-icon\">\t\t<span class=\"qodef-m-icon-inner\">\t\t\t<i aria-hidden=\"true\" class=\"fas fa-long-arrow-alt-right\"><\/i>\t\t\t\t\t<\/span>\t<\/span><\/a>\t<\/div>\n\t\t\t\t<\/div>\n\t\t\t\t\t<\/div>\n\t<\/div>\n<\/article>\n<article class=\"qodef-e qodef-blog-item qodef-grid-item qodef-item--full post-10858 post type-post status-publish format-standard has-post-thumbnail hentry category-uncategorized-cs\">\n\t<div class=\"qodef-e-inner\">\n\t\t<div class=\"qodef-e-media-holder\">\n\t\t\t<div class=\"qodef-e-media\">\n\t\t<div class=\"qodef-e-media-image\">\n\t\t<a itemprop=\"url\" href=\"https:\/\/www.campinganderwald.at\/cs\/2024\/\">\n\t\t\t<img decoding=\"async\" width=\"1512\" height=\"2016\" src=\"https:\/\/www.campinganderwald.at\/wp-content\/uploads\/2023\/12\/kersihund-rotated.jpg\" class=\"attachment-full size-full\" alt=\"\" srcset=\"https:\/\/www.campinganderwald.at\/wp-content\/uploads\/2023\/12\/kersihund-rotated.jpg 1512w, https:\/\/www.campinganderwald.at\/wp-content\/uploads\/2023\/12\/kersihund-225x300.jpg 225w, https:\/\/www.campinganderwald.at\/wp-content\/uploads\/2023\/12\/kersihund-768x1024.jpg 768w, https:\/\/www.campinganderwald.at\/wp-content\/uploads\/2023\/12\/kersihund-1152x1536.jpg 1152w\" sizes=\"(max-width: 1512px) 100vw, 1512px\" \/>\t\t<\/a>\n\t\t\t<\/div>\n<\/div>\n<div itemprop=\"dateCreated\" class=\"qodef-e-info-item qodef-e-info-date entry-date \">\n\t<a itemprop=\"url\" href=\"https:\/\/www.campinganderwald.at\/cs\/2023\/12\/\">\n\t\t31 Pro\t<\/a>\n<\/div>\n\t\t<\/div>\n\t\t<div class=\"qodef-e-content\">\n\t\t\t\t\t\t\t<div class=\"qodef-e-info qodef-info--top\">\n\t\t\t\t\t<div class=\"qodef-e-info-item qodef-e-info-category\">\n\t\t<a href=\"https:\/\/www.campinganderwald.at\/cs\/category\/uncategorized-cs\/\" rel=\"category tag\">Uncategorized @cs<\/a><\/div>\n\t\t\t\t<\/div>\n\t\t\t\t\t\t<div class=\"qodef-e-text\">\n\t\t\t\t<h5 itemprop=\"name\" class=\"qodef-e-title entry-title\">\n\t<a itemprop=\"url\" class=\"qodef-e-title-link\" href=\"https:\/\/www.campinganderwald.at\/cs\/2024\/\">\n\t\t2024\t<\/a>\n<\/h5>\n\t\t<p itemprop=\"description\" class=\"qodef-e-excerpt\">\n\t\t\tNov\u00fd rok &#8211; a ka\u017ed\u00fd den nov\u00e1 v\u00fdzva pro na\u0161i rodinu: Amyotrofick\u00e1 later\u00e1ln\u00ed skler\u00f3za &#8211; ALS Proto jsme si letos dali za \u00fakol zv\u00fd\u0161it pov\u011bdom\u00ed o t\u00e9to velmi v\t\t<\/p>\n\t\t\t\t<\/div>\n\t\t\t\t\t\t\t<div class=\"qodef-e-info qodef-info--bottom\">\n\t\t\t\t\t\t<div class=\"qodef-e-read-more\">\n\t\t<a class=\"qodef-shortcode qodef-m qodef-qi-button qodef-html--link qodef-layout--textual qodef-type--standard qodef-icon--right qodef-hover--icon-move-horizontal-short\" href=\"https:\/\/www.campinganderwald.at\/cs\/2024\/\" target=\"_self\">\t<span class=\"qodef-m-text\">pokra\u010dovat ve \u010dten\u00ed<\/span>\t\t<span class=\"qodef-m-icon\">\t\t<span class=\"qodef-m-icon-inner\">\t\t\t<i aria-hidden=\"true\" class=\"fas fa-long-arrow-alt-right\"><\/i>\t\t\t\t\t<\/span>\t<\/span><\/a>\t<\/div>\n\t\t\t\t<\/div>\n\t\t\t\t\t<\/div>\n\t<\/div>\n<\/article>\n<article class=\"qodef-e qodef-blog-item qodef-grid-item qodef-item--full post-10109 post type-post status-publish format-standard has-post-thumbnail hentry category-kempovani\">\n\t<div class=\"qodef-e-inner\">\n\t\t<div class=\"qodef-e-media-holder\">\n\t\t\t<div class=\"qodef-e-media\">\n\t\t<div class=\"qodef-e-media-image\">\n\t\t<a itemprop=\"url\" href=\"https:\/\/www.campinganderwald.at\/cs\/zapiste-si-datum-oteviraci-doba-2024\/\">\n\t\t\t<img decoding=\"async\" width=\"2560\" height=\"1920\" src=\"https:\/\/www.campinganderwald.at\/wp-content\/uploads\/2023\/12\/Camping-Anderwald-am-Faaker-See-2-original-scaled.jpg\" class=\"attachment-full size-full\" alt=\"\" srcset=\"https:\/\/www.campinganderwald.at\/wp-content\/uploads\/2023\/12\/Camping-Anderwald-am-Faaker-See-2-original-scaled.jpg 2560w, https:\/\/www.campinganderwald.at\/wp-content\/uploads\/2023\/12\/Camping-Anderwald-am-Faaker-See-2-original-300x225.jpg 300w, https:\/\/www.campinganderwald.at\/wp-content\/uploads\/2023\/12\/Camping-Anderwald-am-Faaker-See-2-original-1024x768.jpg 1024w, https:\/\/www.campinganderwald.at\/wp-content\/uploads\/2023\/12\/Camping-Anderwald-am-Faaker-See-2-original-768x576.jpg 768w, https:\/\/www.campinganderwald.at\/wp-content\/uploads\/2023\/12\/Camping-Anderwald-am-Faaker-See-2-original-1536x1152.jpg 1536w, https:\/\/www.campinganderwald.at\/wp-content\/uploads\/2023\/12\/Camping-Anderwald-am-Faaker-See-2-original-2048x1536.jpg 2048w\" sizes=\"(max-width: 2560px) 100vw, 2560px\" \/>\t\t<\/a>\n\t\t\t<\/div>\n<\/div>\n<div itemprop=\"dateCreated\" class=\"qodef-e-info-item qodef-e-info-date entry-date \">\n\t<a itemprop=\"url\" href=\"https:\/\/www.campinganderwald.at\/cs\/2023\/12\/\">\n\t\t19 Pro\t<\/a>\n<\/div>\n\t\t<\/div>\n\t\t<div class=\"qodef-e-content\">\n\t\t\t\t\t\t\t<div class=\"qodef-e-info qodef-info--top\">\n\t\t\t\t\t<div class=\"qodef-e-info-item qodef-e-info-category\">\n\t\t<a href=\"https:\/\/www.campinganderwald.at\/cs\/category\/kempovani\/\" rel=\"category tag\">kempov\u00e1n\u00ed<\/a><\/div>\n\t\t\t\t<\/div>\n\t\t\t\t\t\t<div class=\"qodef-e-text\">\n\t\t\t\t<h5 itemprop=\"name\" class=\"qodef-e-title entry-title\">\n\t<a itemprop=\"url\" class=\"qodef-e-title-link\" href=\"https:\/\/www.campinganderwald.at\/cs\/zapiste-si-datum-oteviraci-doba-2024\/\">\n\t\tZapi\u0161te si datum: Otev\u00edrac\u00ed doba 2024\t<\/a>\n<\/h5>\n\t\t<p itemprop=\"description\" class=\"qodef-e-excerpt\">\n\t\t\tOtev\u00edrac\u00ed doba a term\u00edny d\u016fle\u017eit\u00fdch akc\u00ed na za\u010d\u00e1tku roku 2024: -V leto\u0161n\u00edm roce jsme otev\u0159eli n\u00e1\u0161 kemp od 1.4.2024 do 3.11.2024. Na\u0161e restaurace je otev\u0159ena od za\u010d\t\t<\/p>\n\t\t\t\t<\/div>\n\t\t\t\t\t\t\t<div class=\"qodef-e-info qodef-info--bottom\">\n\t\t\t\t\t\t<div class=\"qodef-e-read-more\">\n\t\t<a class=\"qodef-shortcode qodef-m qodef-qi-button qodef-html--link qodef-layout--textual qodef-type--standard qodef-icon--right qodef-hover--icon-move-horizontal-short\" href=\"https:\/\/www.campinganderwald.at\/cs\/zapiste-si-datum-oteviraci-doba-2024\/\" target=\"_self\">\t<span class=\"qodef-m-text\">pokra\u010dovat ve \u010dten\u00ed<\/span>\t\t<span class=\"qodef-m-icon\">\t\t<span class=\"qodef-m-icon-inner\">\t\t\t<i aria-hidden=\"true\" class=\"fas fa-long-arrow-alt-right\"><\/i>\t\t\t\t\t<\/span>\t<\/span><\/a>\t<\/div>\n\t\t\t\t<\/div>\n\t\t\t\t\t<\/div>\n\t<\/div>\n<\/article>\n<article class=\"qodef-e qodef-blog-item qodef-grid-item qodef-item--full post-3474 post type-post status-publish format-standard has-post-thumbnail hentry category-kempovani\">\n\t<div class=\"qodef-e-inner\">\n\t\t<div class=\"qodef-e-media-holder\">\n\t\t\t<div class=\"qodef-e-media\">\n\t\t<div class=\"qodef-e-media-image\">\n\t\t<a itemprop=\"url\" href=\"https:\/\/www.campinganderwald.at\/cs\/letos-slavime-70-let-od-sveho-zalozeni\/\">\n\t\t\t<img loading=\"lazy\" decoding=\"async\" width=\"1000\" height=\"705\" src=\"https:\/\/www.campinganderwald.at\/wp-content\/uploads\/2022\/01\/4b26409e86faa_o.jpg\" class=\"attachment-full size-full\" alt=\"\" srcset=\"https:\/\/www.campinganderwald.at\/wp-content\/uploads\/2022\/01\/4b26409e86faa_o.jpg 1000w, https:\/\/www.campinganderwald.at\/wp-content\/uploads\/2022\/01\/4b26409e86faa_o-300x212.jpg 300w, https:\/\/www.campinganderwald.at\/wp-content\/uploads\/2022\/01\/4b26409e86faa_o-768x541.jpg 768w\" sizes=\"(max-width: 1000px) 100vw, 1000px\" \/>\t\t<\/a>\n\t\t\t<\/div>\n<\/div>\n<div itemprop=\"dateCreated\" class=\"qodef-e-info-item qodef-e-info-date entry-date \">\n\t<a itemprop=\"url\" href=\"https:\/\/www.campinganderwald.at\/cs\/2021\/12\/\">\n\t\t31 Pro\t<\/a>\n<\/div>\n\t\t<\/div>\n\t\t<div class=\"qodef-e-content\">\n\t\t\t\t\t\t\t<div class=\"qodef-e-info qodef-info--top\">\n\t\t\t\t\t<div class=\"qodef-e-info-item qodef-e-info-category\">\n\t\t<a href=\"https:\/\/www.campinganderwald.at\/cs\/category\/kempovani\/\" rel=\"category tag\">kempov\u00e1n\u00ed<\/a><\/div>\n\t\t\t\t<\/div>\n\t\t\t\t\t\t<div class=\"qodef-e-text\">\n\t\t\t\t<h5 itemprop=\"name\" class=\"qodef-e-title entry-title\">\n\t<a itemprop=\"url\" class=\"qodef-e-title-link\" href=\"https:\/\/www.campinganderwald.at\/cs\/letos-slavime-70-let-od-sveho-zalozeni\/\">\n\t\tLetos slav\u00edme 70 let od sv\u00e9ho zalo\u017een\u00ed.\t<\/a>\n<\/h5>\n\t\t<p itemprop=\"description\" class=\"qodef-e-excerpt\">\n\t\t\tS kempem je to jako se mnou &#8211; proto\u017ee nikdy p\u0159esn\u011b nev\u00edm, kolik mi je let \ud83d\ude09 &#8211; V ka\u017ed\u00e9m p\u0159\u00edpad\u011b v roce 2022 oslav\u00edme 70 let Camping Anderwald. Proto\u017ee n\u011bk\t\t<\/p>\n\t\t\t\t<\/div>\n\t\t\t\t\t\t\t<div class=\"qodef-e-info qodef-info--bottom\">\n\t\t\t\t\t\t<div class=\"qodef-e-read-more\">\n\t\t<a class=\"qodef-shortcode qodef-m qodef-qi-button qodef-html--link qodef-layout--textual qodef-type--standard qodef-icon--right qodef-hover--icon-move-horizontal-short\" href=\"https:\/\/www.campinganderwald.at\/cs\/letos-slavime-70-let-od-sveho-zalozeni\/\" target=\"_self\">\t<span class=\"qodef-m-text\">pokra\u010dovat ve \u010dten\u00ed<\/span>\t\t<span class=\"qodef-m-icon\">\t\t<span class=\"qodef-m-icon-inner\">\t\t\t<i aria-hidden=\"true\" class=\"fas fa-long-arrow-alt-right\"><\/i>\t\t\t\t\t<\/span>\t<\/span><\/a>\t<\/div>\n\t\t\t\t<\/div>\n\t\t\t\t\t<\/div>\n\t<\/div>\n<\/article>\n\t<\/div>\n\t<\/div>\n\t\t\t\t<\/div>\n\t\t\t\t<\/div>\n\t\t\t\t\t<\/div>\n\t\t<\/div>\n\t\t\t\t\t<\/div>\n\t\t<\/section>\n\t\t\t\t<\/div>\n\t\t","protected":false},"excerpt":{"rendered":"<p>31 Dez Camping Wir feiern heuer unser 70 Jahr Jubil\u00e4um. Mit dem Campingplatz ist es wie mit mir selbst &#8211; ich wei\u00df n\u00e4mlich auch nie ganz genau wie alt ich bin \ud83d\ude09 &#8211; 2022 jedenfalls feiern wir 70 Jahre Camping Anderwald.Den pokra\u010dovat ve \u010dten\u00ed<\/p>\n","protected":false},"author":2,"featured_media":0,"parent":0,"menu_order":0,"comment_status":"closed","ping_status":"closed","template":"","meta":{"footnotes":""},"class_list":["post-3312","page","type-page","status-publish","hentry"],"yoast_head":"<!-- This site is optimized with the Yoast SEO plugin v27.4 - https:\/\/yoast.com\/product\/yoast-seo-wordpress\/ -->\n<title>Novinky \/ tipy - Camping Anderwald<\/title>\n<meta name=\"robots\" content=\"index, follow, max-snippet:-1, max-image-preview:large, max-video-preview:-1\" \/>\n<link rel=\"canonical\" href=\"https:\/\/www.campinganderwald.at\/cs\/novinky-tipy\/\" \/>\n<meta property=\"og:locale\" content=\"cs_CZ\" \/>\n<meta property=\"og:type\" content=\"article\" \/>\n<meta property=\"og:title\" content=\"Novinky \/ tipy - Camping Anderwald\" \/>\n<meta property=\"og:description\" content=\"31 Dez Camping Wir feiern heuer unser 70 Jahr Jubil\u00e4um. Mit dem Campingplatz ist es wie mit mir selbst &#8211; ich wei\u00df n\u00e4mlich auch nie ganz genau wie alt ich bin \ud83d\ude09 &#8211; 2022 jedenfalls feiern wir 70 Jahre Camping Anderwald.Den pokra\u010dovat ve \u010dten\u00ed\" \/>\n<meta property=\"og:url\" content=\"https:\/\/www.campinganderwald.at\/cs\/novinky-tipy\/\" \/>\n<meta property=\"og:site_name\" content=\"Camping Anderwald\" \/>\n<meta property=\"article:modified_time\" content=\"2022-03-21T19:12:37+00:00\" \/>\n<meta property=\"og:image\" content=\"https:\/\/www.campinganderwald.at\/wp-content\/uploads\/2022\/01\/4b26409e86faa_o.jpg\" \/>\n<meta name=\"twitter:card\" content=\"summary_large_image\" \/>\n<script type=\"application\/ld+json\" class=\"yoast-schema-graph\">{\"@context\":\"https:\\\/\\\/schema.org\",\"@graph\":[{\"@type\":\"WebPage\",\"@id\":\"https:\\\/\\\/www.campinganderwald.at\\\/cs\\\/novinky-tipy\\\/\",\"url\":\"https:\\\/\\\/www.campinganderwald.at\\\/cs\\\/novinky-tipy\\\/\",\"name\":\"Novinky \\\/ tipy - Camping Anderwald\",\"isPartOf\":{\"@id\":\"https:\\\/\\\/www.campinganderwald.at\\\/cs\\\/#website\"},\"primaryImageOfPage\":{\"@id\":\"https:\\\/\\\/www.campinganderwald.at\\\/cs\\\/novinky-tipy\\\/#primaryimage\"},\"image\":{\"@id\":\"https:\\\/\\\/www.campinganderwald.at\\\/cs\\\/novinky-tipy\\\/#primaryimage\"},\"thumbnailUrl\":\"https:\\\/\\\/www.campinganderwald.at\\\/wp-content\\\/uploads\\\/2022\\\/01\\\/4b26409e86faa_o.jpg\",\"datePublished\":\"2021-06-04T08:52:29+00:00\",\"dateModified\":\"2022-03-21T19:12:37+00:00\",\"breadcrumb\":{\"@id\":\"https:\\\/\\\/www.campinganderwald.at\\\/cs\\\/novinky-tipy\\\/#breadcrumb\"},\"inLanguage\":\"cs\",\"potentialAction\":[{\"@type\":\"ReadAction\",\"target\":[\"https:\\\/\\\/www.campinganderwald.at\\\/cs\\\/novinky-tipy\\\/\"]}]},{\"@type\":\"ImageObject\",\"inLanguage\":\"cs\",\"@id\":\"https:\\\/\\\/www.campinganderwald.at\\\/cs\\\/novinky-tipy\\\/#primaryimage\",\"url\":\"https:\\\/\\\/www.campinganderwald.at\\\/wp-content\\\/uploads\\\/2022\\\/01\\\/4b26409e86faa_o.jpg\",\"contentUrl\":\"https:\\\/\\\/www.campinganderwald.at\\\/wp-content\\\/uploads\\\/2022\\\/01\\\/4b26409e86faa_o.jpg\"},{\"@type\":\"BreadcrumbList\",\"@id\":\"https:\\\/\\\/www.campinganderwald.at\\\/cs\\\/novinky-tipy\\\/#breadcrumb\",\"itemListElement\":[{\"@type\":\"ListItem\",\"position\":1,\"name\":\"Startseite\",\"item\":\"https:\\\/\\\/www.campinganderwald.at\\\/cs\\\/\"},{\"@type\":\"ListItem\",\"position\":2,\"name\":\"Novinky \\\/ tipy\"}]},{\"@type\":\"WebSite\",\"@id\":\"https:\\\/\\\/www.campinganderwald.at\\\/cs\\\/#website\",\"url\":\"https:\\\/\\\/www.campinganderwald.at\\\/cs\\\/\",\"name\":\"Camping Anderwald\",\"description\":\"Unser Campingplatz liegt direkt am Faaker See in K\u00e4rnten, eingebettet in die traumhafte Kulisse der das gesamte Gebiet umgebenden Karawanken. Der Faaker See ist nicht nur der s\u00fcdlichste Badesee K\u00e4rntens, er ist auch einer der...\",\"publisher\":{\"@id\":\"https:\\\/\\\/www.campinganderwald.at\\\/cs\\\/#organization\"},\"potentialAction\":[{\"@type\":\"SearchAction\",\"target\":{\"@type\":\"EntryPoint\",\"urlTemplate\":\"https:\\\/\\\/www.campinganderwald.at\\\/cs\\\/?s={search_term_string}\"},\"query-input\":{\"@type\":\"PropertyValueSpecification\",\"valueRequired\":true,\"valueName\":\"search_term_string\"}}],\"inLanguage\":\"cs\"},{\"@type\":\"Organization\",\"@id\":\"https:\\\/\\\/www.campinganderwald.at\\\/cs\\\/#organization\",\"name\":\"Camping Anderwald\",\"url\":\"https:\\\/\\\/www.campinganderwald.at\\\/cs\\\/\",\"logo\":{\"@type\":\"ImageObject\",\"inLanguage\":\"cs\",\"@id\":\"https:\\\/\\\/www.campinganderwald.at\\\/cs\\\/#\\\/schema\\\/logo\\\/image\\\/\",\"url\":\"https:\\\/\\\/www.campinganderwald.at\\\/wp-content\\\/uploads\\\/2022\\\/01\\\/campingAnderwald-logo.svg\",\"contentUrl\":\"https:\\\/\\\/www.campinganderwald.at\\\/wp-content\\\/uploads\\\/2022\\\/01\\\/campingAnderwald-logo.svg\",\"caption\":\"Camping Anderwald\"},\"image\":{\"@id\":\"https:\\\/\\\/www.campinganderwald.at\\\/cs\\\/#\\\/schema\\\/logo\\\/image\\\/\"}}]}<\/script>\n<!-- \/ Yoast SEO plugin. -->","yoast_head_json":{"title":"Novinky \/ tipy - Camping Anderwald","robots":{"index":"index","follow":"follow","max-snippet":"max-snippet:-1","max-image-preview":"max-image-preview:large","max-video-preview":"max-video-preview:-1"},"canonical":"https:\/\/www.campinganderwald.at\/cs\/novinky-tipy\/","og_locale":"cs_CZ","og_type":"article","og_title":"Novinky \/ tipy - Camping Anderwald","og_description":"31 Dez Camping Wir feiern heuer unser 70 Jahr Jubil\u00e4um. Mit dem Campingplatz ist es wie mit mir selbst &#8211; ich wei\u00df n\u00e4mlich auch nie ganz genau wie alt ich bin \ud83d\ude09 &#8211; 2022 jedenfalls feiern wir 70 Jahre Camping Anderwald.Den pokra\u010dovat ve \u010dten\u00ed","og_url":"https:\/\/www.campinganderwald.at\/cs\/novinky-tipy\/","og_site_name":"Camping Anderwald","article_modified_time":"2022-03-21T19:12:37+00:00","og_image":[{"url":"https:\/\/www.campinganderwald.at\/wp-content\/uploads\/2022\/01\/4b26409e86faa_o.jpg","type":"","width":"","height":""}],"twitter_card":"summary_large_image","schema":{"@context":"https:\/\/schema.org","@graph":[{"@type":"WebPage","@id":"https:\/\/www.campinganderwald.at\/cs\/novinky-tipy\/","url":"https:\/\/www.campinganderwald.at\/cs\/novinky-tipy\/","name":"Novinky \/ tipy - Camping Anderwald","isPartOf":{"@id":"https:\/\/www.campinganderwald.at\/cs\/#website"},"primaryImageOfPage":{"@id":"https:\/\/www.campinganderwald.at\/cs\/novinky-tipy\/#primaryimage"},"image":{"@id":"https:\/\/www.campinganderwald.at\/cs\/novinky-tipy\/#primaryimage"},"thumbnailUrl":"https:\/\/www.campinganderwald.at\/wp-content\/uploads\/2022\/01\/4b26409e86faa_o.jpg","datePublished":"2021-06-04T08:52:29+00:00","dateModified":"2022-03-21T19:12:37+00:00","breadcrumb":{"@id":"https:\/\/www.campinganderwald.at\/cs\/novinky-tipy\/#breadcrumb"},"inLanguage":"cs","potentialAction":[{"@type":"ReadAction","target":["https:\/\/www.campinganderwald.at\/cs\/novinky-tipy\/"]}]},{"@type":"ImageObject","inLanguage":"cs","@id":"https:\/\/www.campinganderwald.at\/cs\/novinky-tipy\/#primaryimage","url":"https:\/\/www.campinganderwald.at\/wp-content\/uploads\/2022\/01\/4b26409e86faa_o.jpg","contentUrl":"https:\/\/www.campinganderwald.at\/wp-content\/uploads\/2022\/01\/4b26409e86faa_o.jpg"},{"@type":"BreadcrumbList","@id":"https:\/\/www.campinganderwald.at\/cs\/novinky-tipy\/#breadcrumb","itemListElement":[{"@type":"ListItem","position":1,"name":"Startseite","item":"https:\/\/www.campinganderwald.at\/cs\/"},{"@type":"ListItem","position":2,"name":"Novinky \/ tipy"}]},{"@type":"WebSite","@id":"https:\/\/www.campinganderwald.at\/cs\/#website","url":"https:\/\/www.campinganderwald.at\/cs\/","name":"Camping Anderwald","description":"Unser Campingplatz liegt direkt am Faaker See in K\u00e4rnten, eingebettet in die traumhafte Kulisse der das gesamte Gebiet umgebenden Karawanken. Der Faaker See ist nicht nur der s\u00fcdlichste Badesee K\u00e4rntens, er ist auch einer der...","publisher":{"@id":"https:\/\/www.campinganderwald.at\/cs\/#organization"},"potentialAction":[{"@type":"SearchAction","target":{"@type":"EntryPoint","urlTemplate":"https:\/\/www.campinganderwald.at\/cs\/?s={search_term_string}"},"query-input":{"@type":"PropertyValueSpecification","valueRequired":true,"valueName":"search_term_string"}}],"inLanguage":"cs"},{"@type":"Organization","@id":"https:\/\/www.campinganderwald.at\/cs\/#organization","name":"Camping Anderwald","url":"https:\/\/www.campinganderwald.at\/cs\/","logo":{"@type":"ImageObject","inLanguage":"cs","@id":"https:\/\/www.campinganderwald.at\/cs\/#\/schema\/logo\/image\/","url":"https:\/\/www.campinganderwald.at\/wp-content\/uploads\/2022\/01\/campingAnderwald-logo.svg","contentUrl":"https:\/\/www.campinganderwald.at\/wp-content\/uploads\/2022\/01\/campingAnderwald-logo.svg","caption":"Camping Anderwald"},"image":{"@id":"https:\/\/www.campinganderwald.at\/cs\/#\/schema\/logo\/image\/"}}]}},"_links":{"self":[{"href":"https:\/\/www.campinganderwald.at\/cs\/wp-json\/wp\/v2\/pages\/3312","targetHints":{"allow":["GET"]}}],"collection":[{"href":"https:\/\/www.campinganderwald.at\/cs\/wp-json\/wp\/v2\/pages"}],"about":[{"href":"https:\/\/www.campinganderwald.at\/cs\/wp-json\/wp\/v2\/types\/page"}],"author":[{"embeddable":true,"href":"https:\/\/www.campinganderwald.at\/cs\/wp-json\/wp\/v2\/users\/2"}],"replies":[{"embeddable":true,"href":"https:\/\/www.campinganderwald.at\/cs\/wp-json\/wp\/v2\/comments?post=3312"}],"version-history":[{"count":0,"href":"https:\/\/www.campinganderwald.at\/cs\/wp-json\/wp\/v2\/pages\/3312\/revisions"}],"wp:attachment":[{"href":"https:\/\/www.campinganderwald.at\/cs\/wp-json\/wp\/v2\/media?parent=3312"}],"curies":[{"name":"wp","href":"https:\/\/api.w.org\/{rel}","templated":true}]}}