{"id":3389,"date":"2021-06-09T09:00:27","date_gmt":"2021-06-09T08:00:27","guid":{"rendered":"https:\/\/www.campinganderwald.at\/kemp\/"},"modified":"2024-01-04T23:58:43","modified_gmt":"2024-01-04T22:58:43","slug":"kemp","status":"publish","type":"page","link":"https:\/\/www.campinganderwald.at\/cs\/kemp\/","title":{"rendered":"N\u00e1\u0161 kemp"},"content":{"rendered":"\t\t<div data-elementor-type=\"wp-page\" data-elementor-id=\"3389\" class=\"elementor elementor-3389 elementor-1186\" data-elementor-post-type=\"page\">\n\t\t\t\t\t\t<section class=\"elementor-section elementor-top-section elementor-element elementor-element-8106db2 elementor-section-full_width qodef-elementor-content-grid elementor-section-height-default elementor-section-height-default\" data-id=\"8106db2\" data-element_type=\"section\" data-e-type=\"section\">\n\t\t\t\t\t\t<div class=\"elementor-container elementor-column-gap-default\">\n\t\t\t\t\t<div class=\"elementor-column elementor-col-100 elementor-top-column elementor-element elementor-element-61e501d\" data-id=\"61e501d\" data-element_type=\"column\" data-e-type=\"column\">\n\t\t\t<div class=\"elementor-widget-wrap elementor-element-populated\">\n\t\t\t\t\t\t<div class=\"elementor-element elementor-element-cbd32f1 elementor-widget elementor-widget-qi_addons_for_elementor_section_title\" data-id=\"cbd32f1\" data-element_type=\"widget\" data-e-type=\"widget\" data-widget_type=\"qi_addons_for_elementor_section_title.default\">\n\t\t\t\t<div class=\"elementor-widget-container\">\n\t\t\t\t\t<div class=\"qodef-shortcode qodef-m qodef-qi-section-title qodef-decoration--italic qodef-link--underline-draw qodef-subtitle-icon--left\">\n\t\t\t\t<h5 class=\"qodef-m-subtitle\">\n\t\tFreedom\t\t\t<\/h5>\n\t\t\t<h2 class=\"qodef-m-title\">\n\t\tkemp\t<\/h2>\n\t\t\t<div class=\"qodef-m-text\"><p>N\u00e1\u0161 kemp se nach\u00e1z\u00ed v p\u0159\u00edrodn\u00edm lese - p\u0159\u00edmo u kr\u00e1sn\u00e9ho jezera Faaker See. Jednotliv\u00e1 m\u00edsta pro stany a podobn\u011b jsou tvo\u0159ena stromy, ke\u0159i a rostlinami a v\u0161echna maj\u00ed sv\u00e9 vlastn\u00ed vlastnosti, velikost a tvar. M\u016f\u017eete voln\u011b st\u00e1t v otev\u0159en\u00e9m lese - bez p\u0159\u00edsn\u00e9 parcelace, bez \u010d\u00edsel parcel - ale se spoustou stinn\u00fdch strom\u016f a m\u00edstem pro houpac\u00ed s\u00ed\u0165.<\/p><p> <\/p><p>Mno\u017estv\u00ed strom\u016f zaji\u0161\u0165uje dobr\u00e9 klima, p\u0159\u00edjemnou atmosf\u00e9ru a \u00fatuln\u00e9 kempov\u00e1n\u00ed.<\/p><\/div>\n\t\t<div class=\"qodef-m-button qodef-qi-clear\">\n\t\t<a class=\"qodef-shortcode qodef-m qodef-qi-button qodef-html--link qodef-layout--textual qodef-type--standard qodef-icon--left qodef-hover--icon-move-horizontal-short\" href=\"\" target=\"_self\">\t<span class=\"qodef-m-text\"><\/span>\t<\/a>\t<\/div>\n<\/div>\n\t\t\t\t<\/div>\n\t\t\t\t<\/div>\n\t\t\t\t<div class=\"elementor-element elementor-element-57c35bc elementor-widget elementor-widget-spacer\" data-id=\"57c35bc\" data-element_type=\"widget\" data-e-type=\"widget\" data-widget_type=\"spacer.default\">\n\t\t\t\t<div class=\"elementor-widget-container\">\n\t\t\t\t\t\t\t<div class=\"elementor-spacer\">\n\t\t\t<div class=\"elementor-spacer-inner\"><\/div>\n\t\t<\/div>\n\t\t\t\t\t\t<\/div>\n\t\t\t\t<\/div>\n\t\t\t\t<div class=\"elementor-element elementor-element-61aadb5 elementor-widget elementor-widget-qi_addons_for_elementor_dual_image_with_content\" data-id=\"61aadb5\" data-element_type=\"widget\" data-e-type=\"widget\" data-widget_type=\"qi_addons_for_elementor_dual_image_with_content.default\">\n\t\t\t\t<div class=\"elementor-widget-container\">\n\t\t\t\t\t<div class=\"qodef-shortcode qodef-m qodef-qi-dual-image-with-content qodef--content-left qodef-decoration--italic qodef-link--underline-draw qodef-qi--has-appear\">\n\t<div class=\"qodef-dual-content\">\n\t\t<div class=\"qodef-m-inner-content\">\n\t\t\t\t<h2 class=\"qodef-m-title\">\n\t\tNa pl\u00e1\u017ei\t<\/h2>\n\t\t\t\t<p class=\"qodef-m-text\">V na\u0161em rodinn\u00e9m lese u \u0159eky t\u00e1bo\u0159\u00ed cestovatel\u00e9 ji\u017e 70 let. V prvn\u00edch letech, kdy byla v\u0161echna m\u00edsta obsazen\u00e1 a p\u0159ij\u00ed\u017ed\u011bli nov\u00ed host\u00e9, vyk\u00e1celi kus porostu a vytvo\u0159ili \u00fatuln\u00e9 m\u00edsto - a t\u00edm i n\u00e1\u0161 kemp.\nTak trochu to tak funguje i dnes - po p\u0159\u00edjezdu se s v\u00e1mi vyd\u00e1me hledat m\u00edsto v \u0159\u00ed\u010dn\u00edm lese - stejn\u011b jako pion\u00fd\u0159i p\u0159ed 60 lety.\n<\/p>\n\t\t<\/div>\n\t\t<div class=\"qodef-m-inner-bottom\">\n\t\t\t\t\t<\/div>\n\t<\/div>\n\t<div class=\"qodef-image-holder\">\n\t\t<div class=\"qodef-m-main-image\">\n\t<img fetchpriority=\"high\" decoding=\"async\" width=\"1300\" height=\"650\" src=\"https:\/\/www.campinganderwald.at\/wp-content\/uploads\/2024\/01\/Ohne-Titel-6-1300x650.jpg\" class=\"attachment-qi_addons_for_elementor_image_size_landscape size-qi_addons_for_elementor_image_size_landscape\" alt=\"\" \/><\/div>\n\t\t<div class=\"qodef-m-second-image\">\n\t<\/div>\n\t<\/div>\n<\/div>\n\t\t\t\t<\/div>\n\t\t\t\t<\/div>\n\t\t\t\t<div class=\"elementor-element elementor-element-885db07 elementor-widget elementor-widget-spacer\" data-id=\"885db07\" data-element_type=\"widget\" data-e-type=\"widget\" data-widget_type=\"spacer.default\">\n\t\t\t\t<div class=\"elementor-widget-container\">\n\t\t\t\t\t\t\t<div class=\"elementor-spacer\">\n\t\t\t<div class=\"elementor-spacer-inner\"><\/div>\n\t\t<\/div>\n\t\t\t\t\t\t<\/div>\n\t\t\t\t<\/div>\n\t\t\t\t<section class=\"elementor-section elementor-inner-section elementor-element elementor-element-069dae2 elementor-section-boxed elementor-section-height-default elementor-section-height-default qodef-elementor-content-no\" data-id=\"069dae2\" data-element_type=\"section\" data-e-type=\"section\">\n\t\t\t\t\t\t<div class=\"elementor-container elementor-column-gap-default\">\n\t\t\t\t\t<div class=\"elementor-column elementor-col-50 elementor-inner-column elementor-element elementor-element-01df8df\" data-id=\"01df8df\" data-element_type=\"column\" data-e-type=\"column\">\n\t\t\t<div class=\"elementor-widget-wrap\">\n\t\t\t\t\t\t\t<\/div>\n\t\t<\/div>\n\t\t\t\t<div class=\"elementor-column elementor-col-50 elementor-inner-column elementor-element elementor-element-c694298\" data-id=\"c694298\" data-element_type=\"column\" data-e-type=\"column\">\n\t\t\t<div class=\"elementor-widget-wrap\">\n\t\t\t\t\t\t\t<\/div>\n\t\t<\/div>\n\t\t\t\t\t<\/div>\n\t\t<\/section>\n\t\t\t\t<div class=\"elementor-element elementor-element-a03f981 elementor-widget elementor-widget-spacer\" data-id=\"a03f981\" data-element_type=\"widget\" data-e-type=\"widget\" data-widget_type=\"spacer.default\">\n\t\t\t\t<div class=\"elementor-widget-container\">\n\t\t\t\t\t\t\t<div class=\"elementor-spacer\">\n\t\t\t<div class=\"elementor-spacer-inner\"><\/div>\n\t\t<\/div>\n\t\t\t\t\t\t<\/div>\n\t\t\t\t<\/div>\n\t\t\t\t<div class=\"elementor-element elementor-element-9ffe627 elementor-widget elementor-widget-qi_addons_for_elementor_section_title\" data-id=\"9ffe627\" data-element_type=\"widget\" data-e-type=\"widget\" data-widget_type=\"qi_addons_for_elementor_section_title.default\">\n\t\t\t\t<div class=\"elementor-widget-container\">\n\t\t\t\t\t<div class=\"qodef-shortcode qodef-m qodef-qi-section-title qodef-decoration--italic qodef-link--underline-draw qodef-subtitle-icon--left\">\n\t\t\t\t<h5 class=\"qodef-m-subtitle\">\n\t\tVoln\u00e9 str\u00e1nky\t\t\t<\/h5>\n\t\t\t<h2 class=\"qodef-m-title\">\n\t\tRezervace\t<\/h2>\n\t\t\t<div class=\"qodef-m-text\"><h6>M\u016f\u017eete si u n\u00e1s ud\u011blat rezervaci. Konkr\u00e9tn\u00ed m\u00edsto v\u0161ak s rezervac\u00ed nep\u0159id\u011bl\u00edme, proto\u017ee neexistuj\u00ed \u017e\u00e1dn\u00e1 pevn\u00e1 m\u00edsta. Po p\u0159\u00edjezdu v\u00e1m uk\u00e1\u017eeme n\u011bkolik mo\u017enost\u00ed, z nich\u017e si m\u016f\u017eete vybrat tu, kter\u00e1 se v\u00e1m nejv\u00edce l\u00edb\u00ed. N\u00e1\u0161 rezerva\u010dn\u00ed syst\u00e9m je velmi flexibiln\u00ed, \u00fasp\u011b\u0161n\u00fd ji\u017e mnoho let a u na\u0161ich host\u016f obl\u00edben\u00fd.<\/h6><h6>Z\u00e1loha nen\u00ed nutn\u00e1, dovolenou u n\u00e1s m\u016f\u017eete str\u00e1vit i libovoln\u011b dlouho, nemus\u00edte se dr\u017eet pevn\u00e9ho term\u00ednu odjezdu. Pokud odjedete d\u0159\u00edve, ne\u017e bylo pl\u00e1nov\u00e1no, plat\u00edte pouze za dobu, kterou jste u n\u00e1s skute\u010dn\u011b z\u016fstali.<br>Tato flexibilita je obecn\u011b velmi oce\u0148ov\u00e1na, ale m\u016f\u017ee tak\u00e9 znamenat, \u017ee n\u011bkdo, kdo pr\u00e1v\u011b dorazil (krom\u011b na\u0161ich host\u016f se stanem, samoz\u0159ejm\u011b), m\u016f\u017ee \u010dekat noc na preferovan\u00e9 h\u0159i\u0161t\u011b nebo se mus\u00ed jednou p\u0159est\u011bhovat.<\/h6><h6> <\/h6><\/div>\n\t\t<div class=\"qodef-m-button qodef-qi-clear\">\n\t\t<a class=\"qodef-shortcode qodef-m qodef-qi-button qodef-html--link qodef-layout--textual qodef-type--standard qodef-icon--left qodef-hover--icon-move-horizontal-short\" href=\"\" target=\"_self\">\t<span class=\"qodef-m-text\"><\/span>\t<\/a>\t<\/div>\n<\/div>\n\t\t\t\t<\/div>\n\t\t\t\t<\/div>\n\t\t\t\t<div class=\"elementor-element elementor-element-26f5dff elementor-widget elementor-widget-qi_addons_for_elementor_section_title\" data-id=\"26f5dff\" data-element_type=\"widget\" data-e-type=\"widget\" data-widget_type=\"qi_addons_for_elementor_section_title.default\">\n\t\t\t\t<div class=\"elementor-widget-container\">\n\t\t\t\t\t<div class=\"qodef-shortcode qodef-m qodef-qi-section-title qodef-decoration--italic qodef-link--underline-draw qodef-subtitle-icon--left\">\n\t\t\t\t\t\t\t\t<div class=\"qodef-m-text\"><h6>Takov\u00ed jsme a tak chceme z\u016fstat, proto\u017ee kempov\u00e1n\u00ed pro n\u00e1s tak\u00e9 znamen\u00e1 \u201esvobodu a spont\u00e1nnost\u201c, ani\u017e bychom byli uv\u011bzn\u011bni pevn\u00fdmi daty nebo p\u0159estali rozpozn\u00e1vat touhu po \u017eivot\u011b a p\u0159\u00edrod\u011b, proto\u017ee<br>ztr\u00e1c\u00edte p\u0159ehled o tom, co je v \u201elese\u201c z\u00e1kazov\u00fdch zna\u010dek skute\u010dn\u011b d\u016fle\u017eit\u00e9.<br>Tak\u017ee p\u0159ije\u010fte, uvoln\u011bte se a relaxujte...;)<\/h6><\/div>\n\t\t<div class=\"qodef-m-button qodef-qi-clear\">\n\t\t<a class=\"qodef-shortcode qodef-m qodef-qi-button qodef-html--link qodef-layout--textual qodef-type--standard qodef-icon--left qodef-hover--icon-move-horizontal-short\" href=\"\" target=\"_self\">\t<span class=\"qodef-m-text\"><\/span>\t<\/a>\t<\/div>\n<\/div>\n\t\t\t\t<\/div>\n\t\t\t\t<\/div>\n\t\t\t\t<section class=\"elementor-section elementor-inner-section elementor-element elementor-element-1718e38 elementor-section-boxed elementor-section-height-default elementor-section-height-default qodef-elementor-content-no\" data-id=\"1718e38\" data-element_type=\"section\" data-e-type=\"section\">\n\t\t\t\t\t\t<div class=\"elementor-container elementor-column-gap-default\">\n\t\t\t\t\t<div class=\"elementor-column elementor-col-50 elementor-inner-column elementor-element elementor-element-e402265\" data-id=\"e402265\" data-element_type=\"column\" data-e-type=\"column\">\n\t\t\t<div class=\"elementor-widget-wrap\">\n\t\t\t\t\t\t\t<\/div>\n\t\t<\/div>\n\t\t\t\t<div class=\"elementor-column elementor-col-50 elementor-inner-column elementor-element elementor-element-6780e32\" data-id=\"6780e32\" data-element_type=\"column\" data-e-type=\"column\">\n\t\t\t<div class=\"elementor-widget-wrap\">\n\t\t\t\t\t\t\t<\/div>\n\t\t<\/div>\n\t\t\t\t\t<\/div>\n\t\t<\/section>\n\t\t\t\t\t<\/div>\n\t\t<\/div>\n\t\t\t\t\t<\/div>\n\t\t<\/section>\n\t\t\t\t<section class=\"elementor-section elementor-top-section elementor-element elementor-element-e479295 elementor-section-full_width elementor-section-height-default elementor-section-height-default qodef-elementor-content-no\" data-id=\"e479295\" data-element_type=\"section\" data-e-type=\"section\">\n\t\t\t\t\t\t<div class=\"elementor-container elementor-column-gap-default\">\n\t\t\t\t\t<div class=\"elementor-column elementor-col-100 elementor-top-column elementor-element elementor-element-98fe950\" data-id=\"98fe950\" data-element_type=\"column\" data-e-type=\"column\">\n\t\t\t<div class=\"elementor-widget-wrap\">\n\t\t\t\t\t\t\t<\/div>\n\t\t<\/div>\n\t\t\t\t\t<\/div>\n\t\t<\/section>\n\t\t\t\t<section class=\"elementor-section elementor-top-section elementor-element elementor-element-b6f5076 elementor-section-boxed elementor-section-height-default elementor-section-height-default qodef-elementor-content-no\" data-id=\"b6f5076\" data-element_type=\"section\" data-e-type=\"section\">\n\t\t\t\t\t\t<div class=\"elementor-container elementor-column-gap-default\">\n\t\t\t\t\t<div class=\"elementor-column elementor-col-100 elementor-top-column elementor-element elementor-element-4a78e86\" data-id=\"4a78e86\" data-element_type=\"column\" data-e-type=\"column\">\n\t\t\t<div class=\"elementor-widget-wrap elementor-element-populated\">\n\t\t\t\t\t\t<div class=\"elementor-element elementor-element-892760e elementor-widget elementor-widget-spacer\" data-id=\"892760e\" data-element_type=\"widget\" data-e-type=\"widget\" data-widget_type=\"spacer.default\">\n\t\t\t\t<div class=\"elementor-widget-container\">\n\t\t\t\t\t\t\t<div class=\"elementor-spacer\">\n\t\t\t<div class=\"elementor-spacer-inner\"><\/div>\n\t\t<\/div>\n\t\t\t\t\t\t<\/div>\n\t\t\t\t<\/div>\n\t\t\t\t\t<\/div>\n\t\t<\/div>\n\t\t\t\t\t<\/div>\n\t\t<\/section>\n\t\t\t\t<\/div>\n\t\t","protected":false},"excerpt":{"rendered":"<p>Freedom kemp N\u00e1\u0161 kemp se nach\u00e1z\u00ed v p\u0159\u00edrodn\u00edm lese &#8211; p\u0159\u00edmo u kr\u00e1sn\u00e9ho jezera Faaker See. Jednotliv\u00e1 m\u00edsta pro stany a podobn\u011b jsou tvo\u0159ena stromy, ke\u0159i a rostlinami a v\u0161echna maj\u00ed sv\u00e9 vlastn\u00ed vlastnosti, velikost a tvar. M\u016f\u017eete voln\u011b st\u00e1t v otev\u0159en\u00e9m lese &#8211; bez p\u0159\u00edsn\u00e9 parcelace, bez \u010d\u00edsel parcel &#8211; ale se spoustou stinn\u00fdch [&hellip;]<\/p>\n","protected":false},"author":2,"featured_media":0,"parent":0,"menu_order":0,"comment_status":"closed","ping_status":"closed","template":"page-full-width.php","meta":{"footnotes":""},"class_list":["post-3389","page","type-page","status-publish","hentry"],"yoast_head":"<!-- This site is optimized with the Yoast SEO plugin v27.6 - https:\/\/yoast.com\/product\/yoast-seo-wordpress\/ -->\n<title>N\u00e1\u0161 kemp - Camping Anderwald<\/title>\n<meta name=\"robots\" content=\"index, follow, max-snippet:-1, max-image-preview:large, max-video-preview:-1\" \/>\n<link rel=\"canonical\" href=\"https:\/\/www.campinganderwald.at\/cs\/kemp\/\" \/>\n<meta property=\"og:locale\" content=\"cs_CZ\" \/>\n<meta property=\"og:type\" content=\"article\" \/>\n<meta property=\"og:title\" content=\"N\u00e1\u0161 kemp - Camping Anderwald\" \/>\n<meta property=\"og:description\" content=\"Freedom kemp N\u00e1\u0161 kemp se nach\u00e1z\u00ed v p\u0159\u00edrodn\u00edm lese &#8211; p\u0159\u00edmo u kr\u00e1sn\u00e9ho jezera Faaker See. Jednotliv\u00e1 m\u00edsta pro stany a podobn\u011b jsou tvo\u0159ena stromy, ke\u0159i a rostlinami a v\u0161echna maj\u00ed sv\u00e9 vlastn\u00ed vlastnosti, velikost a tvar. M\u016f\u017eete voln\u011b st\u00e1t v otev\u0159en\u00e9m lese &#8211; bez p\u0159\u00edsn\u00e9 parcelace, bez \u010d\u00edsel parcel &#8211; ale se spoustou stinn\u00fdch [&hellip;]\" \/>\n<meta property=\"og:url\" content=\"https:\/\/www.campinganderwald.at\/cs\/kemp\/\" \/>\n<meta property=\"og:site_name\" content=\"Camping Anderwald\" \/>\n<meta property=\"article:modified_time\" content=\"2024-01-04T22:58:43+00:00\" \/>\n<meta property=\"og:image\" content=\"https:\/\/www.campinganderwald.at\/wp-content\/uploads\/2024\/01\/Ohne-Titel-6-1300x650.jpg\" \/>\n<meta name=\"twitter:card\" content=\"summary_large_image\" \/>\n<meta name=\"twitter:label1\" content=\"Odhadovan\u00e1 doba \u010dten\u00ed\" \/>\n\t<meta name=\"twitter:data1\" content=\"2 minuty\" \/>\n<script type=\"application\/ld+json\" class=\"yoast-schema-graph\">{\"@context\":\"https:\\\/\\\/schema.org\",\"@graph\":[{\"@type\":\"WebPage\",\"@id\":\"https:\\\/\\\/www.campinganderwald.at\\\/cs\\\/kemp\\\/\",\"url\":\"https:\\\/\\\/www.campinganderwald.at\\\/cs\\\/kemp\\\/\",\"name\":\"N\u00e1\u0161 kemp - Camping Anderwald\",\"isPartOf\":{\"@id\":\"https:\\\/\\\/www.campinganderwald.at\\\/cs\\\/#website\"},\"primaryImageOfPage\":{\"@id\":\"https:\\\/\\\/www.campinganderwald.at\\\/cs\\\/kemp\\\/#primaryimage\"},\"image\":{\"@id\":\"https:\\\/\\\/www.campinganderwald.at\\\/cs\\\/kemp\\\/#primaryimage\"},\"thumbnailUrl\":\"https:\\\/\\\/www.campinganderwald.at\\\/wp-content\\\/uploads\\\/2024\\\/01\\\/Ohne-Titel-6-1300x650.jpg\",\"datePublished\":\"2021-06-09T08:00:27+00:00\",\"dateModified\":\"2024-01-04T22:58:43+00:00\",\"breadcrumb\":{\"@id\":\"https:\\\/\\\/www.campinganderwald.at\\\/cs\\\/kemp\\\/#breadcrumb\"},\"inLanguage\":\"cs\",\"potentialAction\":[{\"@type\":\"ReadAction\",\"target\":[\"https:\\\/\\\/www.campinganderwald.at\\\/cs\\\/kemp\\\/\"]}]},{\"@type\":\"ImageObject\",\"inLanguage\":\"cs\",\"@id\":\"https:\\\/\\\/www.campinganderwald.at\\\/cs\\\/kemp\\\/#primaryimage\",\"url\":\"https:\\\/\\\/www.campinganderwald.at\\\/wp-content\\\/uploads\\\/2024\\\/01\\\/Ohne-Titel-6-1300x650.jpg\",\"contentUrl\":\"https:\\\/\\\/www.campinganderwald.at\\\/wp-content\\\/uploads\\\/2024\\\/01\\\/Ohne-Titel-6-1300x650.jpg\"},{\"@type\":\"BreadcrumbList\",\"@id\":\"https:\\\/\\\/www.campinganderwald.at\\\/cs\\\/kemp\\\/#breadcrumb\",\"itemListElement\":[{\"@type\":\"ListItem\",\"position\":1,\"name\":\"Startseite\",\"item\":\"https:\\\/\\\/www.campinganderwald.at\\\/cs\\\/\"},{\"@type\":\"ListItem\",\"position\":2,\"name\":\"N\u00e1\u0161 kemp\"}]},{\"@type\":\"WebSite\",\"@id\":\"https:\\\/\\\/www.campinganderwald.at\\\/cs\\\/#website\",\"url\":\"https:\\\/\\\/www.campinganderwald.at\\\/cs\\\/\",\"name\":\"Camping Anderwald\",\"description\":\"Unser Campingplatz liegt direkt am Faaker See in K\u00e4rnten, eingebettet in die traumhafte Kulisse der das gesamte Gebiet umgebenden Karawanken. Der Faaker See ist nicht nur der s\u00fcdlichste Badesee K\u00e4rntens, er ist auch einer der...\",\"publisher\":{\"@id\":\"https:\\\/\\\/www.campinganderwald.at\\\/cs\\\/#organization\"},\"potentialAction\":[{\"@type\":\"SearchAction\",\"target\":{\"@type\":\"EntryPoint\",\"urlTemplate\":\"https:\\\/\\\/www.campinganderwald.at\\\/cs\\\/?s={search_term_string}\"},\"query-input\":{\"@type\":\"PropertyValueSpecification\",\"valueRequired\":true,\"valueName\":\"search_term_string\"}}],\"inLanguage\":\"cs\"},{\"@type\":\"Organization\",\"@id\":\"https:\\\/\\\/www.campinganderwald.at\\\/cs\\\/#organization\",\"name\":\"Camping Anderwald\",\"url\":\"https:\\\/\\\/www.campinganderwald.at\\\/cs\\\/\",\"logo\":{\"@type\":\"ImageObject\",\"inLanguage\":\"cs\",\"@id\":\"https:\\\/\\\/www.campinganderwald.at\\\/cs\\\/#\\\/schema\\\/logo\\\/image\\\/\",\"url\":\"https:\\\/\\\/www.campinganderwald.at\\\/wp-content\\\/uploads\\\/2022\\\/01\\\/campingAnderwald-logo.svg\",\"contentUrl\":\"https:\\\/\\\/www.campinganderwald.at\\\/wp-content\\\/uploads\\\/2022\\\/01\\\/campingAnderwald-logo.svg\",\"caption\":\"Camping Anderwald\"},\"image\":{\"@id\":\"https:\\\/\\\/www.campinganderwald.at\\\/cs\\\/#\\\/schema\\\/logo\\\/image\\\/\"}}]}<\/script>\n<!-- \/ Yoast SEO plugin. -->","yoast_head_json":{"title":"N\u00e1\u0161 kemp - Camping Anderwald","robots":{"index":"index","follow":"follow","max-snippet":"max-snippet:-1","max-image-preview":"max-image-preview:large","max-video-preview":"max-video-preview:-1"},"canonical":"https:\/\/www.campinganderwald.at\/cs\/kemp\/","og_locale":"cs_CZ","og_type":"article","og_title":"N\u00e1\u0161 kemp - Camping Anderwald","og_description":"Freedom kemp N\u00e1\u0161 kemp se nach\u00e1z\u00ed v p\u0159\u00edrodn\u00edm lese &#8211; p\u0159\u00edmo u kr\u00e1sn\u00e9ho jezera Faaker See. Jednotliv\u00e1 m\u00edsta pro stany a podobn\u011b jsou tvo\u0159ena stromy, ke\u0159i a rostlinami a v\u0161echna maj\u00ed sv\u00e9 vlastn\u00ed vlastnosti, velikost a tvar. M\u016f\u017eete voln\u011b st\u00e1t v otev\u0159en\u00e9m lese &#8211; bez p\u0159\u00edsn\u00e9 parcelace, bez \u010d\u00edsel parcel &#8211; ale se spoustou stinn\u00fdch [&hellip;]","og_url":"https:\/\/www.campinganderwald.at\/cs\/kemp\/","og_site_name":"Camping Anderwald","article_modified_time":"2024-01-04T22:58:43+00:00","og_image":[{"url":"https:\/\/www.campinganderwald.at\/wp-content\/uploads\/2024\/01\/Ohne-Titel-6-1300x650.jpg","type":"","width":"","height":""}],"twitter_card":"summary_large_image","twitter_misc":{"Odhadovan\u00e1 doba \u010dten\u00ed":"2 minuty"},"schema":{"@context":"https:\/\/schema.org","@graph":[{"@type":"WebPage","@id":"https:\/\/www.campinganderwald.at\/cs\/kemp\/","url":"https:\/\/www.campinganderwald.at\/cs\/kemp\/","name":"N\u00e1\u0161 kemp - Camping Anderwald","isPartOf":{"@id":"https:\/\/www.campinganderwald.at\/cs\/#website"},"primaryImageOfPage":{"@id":"https:\/\/www.campinganderwald.at\/cs\/kemp\/#primaryimage"},"image":{"@id":"https:\/\/www.campinganderwald.at\/cs\/kemp\/#primaryimage"},"thumbnailUrl":"https:\/\/www.campinganderwald.at\/wp-content\/uploads\/2024\/01\/Ohne-Titel-6-1300x650.jpg","datePublished":"2021-06-09T08:00:27+00:00","dateModified":"2024-01-04T22:58:43+00:00","breadcrumb":{"@id":"https:\/\/www.campinganderwald.at\/cs\/kemp\/#breadcrumb"},"inLanguage":"cs","potentialAction":[{"@type":"ReadAction","target":["https:\/\/www.campinganderwald.at\/cs\/kemp\/"]}]},{"@type":"ImageObject","inLanguage":"cs","@id":"https:\/\/www.campinganderwald.at\/cs\/kemp\/#primaryimage","url":"https:\/\/www.campinganderwald.at\/wp-content\/uploads\/2024\/01\/Ohne-Titel-6-1300x650.jpg","contentUrl":"https:\/\/www.campinganderwald.at\/wp-content\/uploads\/2024\/01\/Ohne-Titel-6-1300x650.jpg"},{"@type":"BreadcrumbList","@id":"https:\/\/www.campinganderwald.at\/cs\/kemp\/#breadcrumb","itemListElement":[{"@type":"ListItem","position":1,"name":"Startseite","item":"https:\/\/www.campinganderwald.at\/cs\/"},{"@type":"ListItem","position":2,"name":"N\u00e1\u0161 kemp"}]},{"@type":"WebSite","@id":"https:\/\/www.campinganderwald.at\/cs\/#website","url":"https:\/\/www.campinganderwald.at\/cs\/","name":"Camping Anderwald","description":"Unser Campingplatz liegt direkt am Faaker See in K\u00e4rnten, eingebettet in die traumhafte Kulisse der das gesamte Gebiet umgebenden Karawanken. Der Faaker See ist nicht nur der s\u00fcdlichste Badesee K\u00e4rntens, er ist auch einer der...","publisher":{"@id":"https:\/\/www.campinganderwald.at\/cs\/#organization"},"potentialAction":[{"@type":"SearchAction","target":{"@type":"EntryPoint","urlTemplate":"https:\/\/www.campinganderwald.at\/cs\/?s={search_term_string}"},"query-input":{"@type":"PropertyValueSpecification","valueRequired":true,"valueName":"search_term_string"}}],"inLanguage":"cs"},{"@type":"Organization","@id":"https:\/\/www.campinganderwald.at\/cs\/#organization","name":"Camping Anderwald","url":"https:\/\/www.campinganderwald.at\/cs\/","logo":{"@type":"ImageObject","inLanguage":"cs","@id":"https:\/\/www.campinganderwald.at\/cs\/#\/schema\/logo\/image\/","url":"https:\/\/www.campinganderwald.at\/wp-content\/uploads\/2022\/01\/campingAnderwald-logo.svg","contentUrl":"https:\/\/www.campinganderwald.at\/wp-content\/uploads\/2022\/01\/campingAnderwald-logo.svg","caption":"Camping Anderwald"},"image":{"@id":"https:\/\/www.campinganderwald.at\/cs\/#\/schema\/logo\/image\/"}}]}},"_links":{"self":[{"href":"https:\/\/www.campinganderwald.at\/cs\/wp-json\/wp\/v2\/pages\/3389","targetHints":{"allow":["GET"]}}],"collection":[{"href":"https:\/\/www.campinganderwald.at\/cs\/wp-json\/wp\/v2\/pages"}],"about":[{"href":"https:\/\/www.campinganderwald.at\/cs\/wp-json\/wp\/v2\/types\/page"}],"author":[{"embeddable":true,"href":"https:\/\/www.campinganderwald.at\/cs\/wp-json\/wp\/v2\/users\/2"}],"replies":[{"embeddable":true,"href":"https:\/\/www.campinganderwald.at\/cs\/wp-json\/wp\/v2\/comments?post=3389"}],"version-history":[{"count":3,"href":"https:\/\/www.campinganderwald.at\/cs\/wp-json\/wp\/v2\/pages\/3389\/revisions"}],"predecessor-version":[{"id":11241,"href":"https:\/\/www.campinganderwald.at\/cs\/wp-json\/wp\/v2\/pages\/3389\/revisions\/11241"}],"wp:attachment":[{"href":"https:\/\/www.campinganderwald.at\/cs\/wp-json\/wp\/v2\/media?parent=3389"}],"curies":[{"name":"wp","href":"https:\/\/api.w.org\/{rel}","templated":true}]}}