{"id":3476,"date":"2022-03-15T16:32:13","date_gmt":"2022-03-15T15:32:13","guid":{"rendered":"https:\/\/www.campinganderwald.at\/soukromi\/"},"modified":"2022-03-17T21:35:58","modified_gmt":"2022-03-17T20:35:58","slug":"soukromi","status":"publish","type":"page","link":"https:\/\/www.campinganderwald.at\/cs\/soukromi\/","title":{"rendered":"Soukrom\u00ed"},"content":{"rendered":"\t\t<div data-elementor-type=\"wp-page\" data-elementor-id=\"3476\" class=\"elementor elementor-3476 elementor-1723\" data-elementor-post-type=\"page\">\n\t\t\t\t\t\t<section class=\"elementor-section elementor-top-section elementor-element elementor-element-3c6f68a elementor-section-boxed elementor-section-height-default elementor-section-height-default qodef-elementor-content-no\" data-id=\"3c6f68a\" data-element_type=\"section\" data-e-type=\"section\">\n\t\t\t\t\t\t<div class=\"elementor-container elementor-column-gap-default\">\n\t\t\t\t\t<div class=\"elementor-column elementor-col-100 elementor-top-column elementor-element elementor-element-2a5dc37\" data-id=\"2a5dc37\" data-element_type=\"column\" data-e-type=\"column\">\n\t\t\t<div class=\"elementor-widget-wrap elementor-element-populated\">\n\t\t\t\t\t\t<div class=\"elementor-element elementor-element-eb1219b elementor-widget elementor-widget-text-editor\" data-id=\"eb1219b\" data-element_type=\"widget\" data-e-type=\"widget\" data-widget_type=\"text-editor.default\">\n\t\t\t\t<div class=\"elementor-widget-container\">\n\t\t\t\t\t\t\t\t\t<p>Ochrana dat<br><br>Ochrana va\u0161ich osobn\u00edch \u00fadaj\u016f je pro n\u00e1s obzvl\u00e1\u0161t\u011b d\u016fle\u017eit\u00e1. Va\u0161e \u00fadaje proto zpracov\u00e1v\u00e1me v\u00fdhradn\u011b na z\u00e1klad\u011b z\u00e1konn\u00fdch ustanoven\u00ed (GDPR, TKG 2003). V t\u011bchto informac\u00edch o ochran\u011b \u00fadaj\u016f v\u00e1s informujeme o nejd\u016fle\u017eit\u011bj\u0161\u00edch aspektech zpracov\u00e1n\u00ed \u00fadaj\u016f v r\u00e1mci na\u0161ich webov\u00fdch str\u00e1nek.<br><br>Na\u0161e webov\u00e9 str\u00e1nky lze obvykle pou\u017e\u00edvat bez poskytnut\u00ed jak\u00fdchkoli osobn\u00edch \u00fadaj\u016f. Pokud jsou na na\u0161ich webov\u00fdch str\u00e1nk\u00e1ch shroma\u017e\u010fov\u00e1ny osobn\u00ed \u00fadaje (nap\u0159. jm\u00e9no, adresa nebo e-mailov\u00e9 adresy), d\u011bje se tak v\u017edy, pokud je to mo\u017en\u00e9, dobrovoln\u011b. Tyto \u00fadaje nebudou bez va\u0161eho v\u00fdslovn\u00e9ho souhlasu p\u0159ed\u00e1ny t\u0159et\u00edm stran\u00e1m.<br><br>R\u00e1di bychom upozornili, \u017ee p\u0159enos dat na internetu (nap\u0159. p\u0159i komunikaci e-mailem) m\u016f\u017ee m\u00edt bezpe\u010dnostn\u00ed mezery. \u00dapln\u00e1 ochrana dat p\u0159ed p\u0159\u00edstupem t\u0159et\u00edch stran nen\u00ed mo\u017en\u00e1.<br><br>Pou\u017eit\u00ed kontaktn\u00edch \u00fadaj\u016f zve\u0159ejn\u011bn\u00fdch v r\u00e1mci tir\u00e1\u017eov\u00e9 povinnosti t\u0159et\u00edmi osobami za \u00fa\u010delem zas\u00edl\u00e1n\u00ed nevy\u017e\u00e1dan\u00e9 reklamy a informa\u010dn\u00edch materi\u00e1l\u016f je t\u00edmto v\u00fdslovn\u011b zak\u00e1z\u00e1no. Provozovatel\u00e9 str\u00e1nek si v\u00fdslovn\u011b vyhrazuj\u00ed pr\u00e1vo podniknout pr\u00e1vn\u00ed kroky v p\u0159\u00edpad\u011b zas\u00edl\u00e1n\u00ed nevy\u017e\u00e1dan\u00e9 reklamy, jako jsou spamov\u00e9 e-maily.<br><br><br><br>kontaktujte n\u00e1s<br><br>Pokud n\u00e1s kontaktujete pomoc\u00ed formul\u00e1\u0159e na webov\u00fdch str\u00e1nk\u00e1ch nebo e-mailem, \u00fadaje, kter\u00e9 n\u00e1m poskytnete, budou u n\u00e1s ulo\u017eeny po dobu \u0161esti m\u011bs\u00edc\u016f za \u00fa\u010delem vy\u0159\u00edzen\u00ed \u017e\u00e1dosti a pro p\u0159\u00edpad n\u00e1sledn\u00fdch dotaz\u016f. Tyto \u00fadaje nep\u0159ed\u00e1v\u00e1me bez va\u0161eho souhlasu.<br><br><br><br>Pou\u017eit\u00ed Google Analytics<br><br>Tento web pou\u017e\u00edv\u00e1 Google Analytics, slu\u017ebu webov\u00e9 anal\u00fdzy poskytovanou spole\u010dnost\u00ed Google Inc. (&#8222;Google&#8220;). Google Analytics pou\u017e\u00edv\u00e1 takzvan\u00e9 \u201ecookies\u201c, textov\u00e9 soubory, kter\u00e9 se ukl\u00e1daj\u00ed ve va\u0161em po\u010d\u00edta\u010di a umo\u017e\u0148uj\u00ed anal\u00fdzu va\u0161eho pou\u017e\u00edv\u00e1n\u00ed webov\u00e9 str\u00e1nky. Informace generovan\u00e9 souborem cookie o va\u0161em pou\u017e\u00edv\u00e1n\u00ed t\u00e9to webov\u00e9 str\u00e1nky se obvykle p\u0159en\u00e1\u0161ej\u00ed na server Google v USA a tam se ukl\u00e1daj\u00ed.<br>Z d\u016fvodu aktivace anonymizace IP na tomto webu v\u0161ak bude va\u0161e IP adresa spole\u010dnost\u00ed Google p\u0159edem zkr\u00e1cena v r\u00e1mci \u010dlensk\u00fdch st\u00e1t\u016f Evropsk\u00e9 unie nebo v jin\u00fdch smluvn\u00edch st\u00e1tech Dohody o Evropsk\u00e9m hospod\u00e1\u0159sk\u00e9m prostoru. Pouze ve v\u00fdjime\u010dn\u00fdch p\u0159\u00edpadech bude \u00fapln\u00e1 IP adresa odesl\u00e1na na server Google v USA a tam zkr\u00e1cena.<br><br>Jm\u00e9nem provozovatele tohoto webu bude Google pou\u017e\u00edvat tyto informace k vyhodnocen\u00ed va\u0161eho pou\u017e\u00edv\u00e1n\u00ed webu, k sestavov\u00e1n\u00ed zpr\u00e1v o aktivit\u011b webu a k poskytov\u00e1n\u00ed dal\u0161\u00edch slu\u017eeb souvisej\u00edc\u00edch s aktivitou na webu a pou\u017e\u00edv\u00e1n\u00edm internetu provozovateli webu. IP adresa p\u0159en\u00e1\u0161en\u00e1 va\u0161\u00edm prohl\u00ed\u017ee\u010dem v r\u00e1mci Google Analytics nebude slou\u010dena s jin\u00fdmi \u00fadaji Google.<br><br>Ukl\u00e1d\u00e1n\u00ed soubor\u016f cookie m\u016f\u017eete zabr\u00e1nit odpov\u00eddaj\u00edc\u00edm nastaven\u00edm softwaru va\u0161eho prohl\u00ed\u017ee\u010de; r\u00e1di bychom v\u00e1s v\u0161ak upozornili, \u017ee v tomto p\u0159\u00edpad\u011b p\u0159\u00edpadn\u011b nebudete moci vyu\u017e\u00edvat v\u0161echny funkce t\u00e9to webov\u00e9 str\u00e1nky v pln\u00e9m rozsahu.<br>M\u016f\u017eete tak\u00e9 zabr\u00e1nit spole\u010dnosti Google ve shroma\u017e\u010fov\u00e1n\u00ed \u00fadaj\u016f generovan\u00fdch souborem cookie a souvisej\u00edc\u00edch s va\u0161\u00edm pou\u017e\u00edv\u00e1n\u00edm webov\u00e9 str\u00e1nky (v\u010detn\u011b va\u0161\u00ed IP adresy) a ve zpracov\u00e1n\u00ed t\u011bchto \u00fadaj\u016f spole\u010dnost\u00ed Google t\u00edm, \u017ee si st\u00e1hnete z\u00e1suvn\u00fd modul prohl\u00ed\u017ee\u010de dostupn\u00fd pod n\u00e1sleduj\u00edc\u00edm odkazem a nainstalujete <a class=\"intext ext\" href=\"http:\/\/tools.google.com\/dlpage\/gaoptout?hl=de\" target=\"_blank\" rel=\"noopener\">http: \/\/tools.google.com\/dlpage\/gaoptout?hl=de<\/a><br><br><br><br>V\u00edce informac\u00ed o podm\u00ednk\u00e1ch pou\u017eit\u00ed a ochran\u011b \u00fadaj\u016f naleznete v podm\u00ednk\u00e1ch Google Analytics nebo v p\u0159ehledu Google Analytics. R\u00e1di bychom upozornili, \u017ee na tomto webu byla slu\u017eba Google Analytics roz\u0161\u00ed\u0159ena o k\u00f3d &#8222;gat._anonymizeIp();&#8220; byl roz\u0161\u00ed\u0159en o zaji\u0161t\u011bn\u00ed anonymn\u00edho sb\u011bru IP adres (tzv. IP maskov\u00e1n\u00ed).<br><br>Zpracov\u00e1n\u00ed \u00fadaj\u016f prob\u00edh\u00e1 na z\u00e1klad\u011b z\u00e1konn\u00fdch ustanoven\u00ed \u00a7 96 odst. 3 TKG a \u010dl. 6 odst. 1 p\u00edsmeno a (souhlas) a\/nebo (opr\u00e1vn\u011bn\u00fd z\u00e1jem) GDPR.<br><br>Na\u0161\u00ed starost\u00ed ve smyslu GDPR (opr\u00e1vn\u011bn\u00fd z\u00e1jem) je zlep\u0161ov\u00e1n\u00ed na\u0161\u00ed nab\u00eddky a na\u0161ich webov\u00fdch str\u00e1nek.<br><br><br><br>Google mapy<br>Tento web pou\u017e\u00edv\u00e1 produkt Mapy Google od spole\u010dnosti Google Inc. Pou\u017e\u00edv\u00e1n\u00edm tohoto webu souhlas\u00edte se shroma\u017e\u010fov\u00e1n\u00edm, zpracov\u00e1n\u00edm a pou\u017e\u00edv\u00e1n\u00edm automaticky shrom\u00e1\u017ed\u011bn\u00fdch \u00fadaj\u016f spole\u010dnost\u00ed Google Inc, jej\u00edmi z\u00e1stupci a t\u0159et\u00edmi stranami.<br>Podm\u00ednky pou\u017eit\u00ed Map Google naleznete v \u010d\u00e1sti \u201ePodm\u00ednky pou\u017eit\u00ed Map Google\u201c.<br><br><br><br><br><br>cookies<br><br>Cookies jsou textov\u00e9 soubory, kter\u00e9 se automaticky ukl\u00e1daj\u00ed lok\u00e1ln\u011b v prohl\u00ed\u017ee\u010di n\u00e1v\u0161t\u011bvn\u00edka p\u0159i vyvol\u00e1n\u00ed webov\u00e9 str\u00e1nky. Tento web pou\u017e\u00edv\u00e1 soubory cookie, aby byla nab\u00eddka u\u017eivatelsky p\u0159\u00edv\u011btiv\u011bj\u0161\u00ed a funk\u010dn\u00ed. D\u00edky t\u011bmto soubor\u016fm je mo\u017en\u00e9 nap\u0159\u00edklad na str\u00e1nce zobrazovat informace \u0161it\u00e9 na m\u00edru jednotliv\u00fdm z\u00e1jm\u016fm. Funkce souvisej\u00edc\u00ed se zabezpe\u010den\u00edm pro ochranu va\u0161eho soukrom\u00ed jsou tak\u00e9 umo\u017en\u011bny pomoc\u00ed soubor\u016f cookie. Jedin\u00fdm \u00fa\u010delem je tedy co nejlep\u0161\u00ed p\u0159izp\u016fsoben\u00ed na\u0161\u00ed nab\u00eddky va\u0161im po\u017eadavk\u016fm z\u00e1kazn\u00edka a co nejpohodln\u011bj\u0161\u00ed pou\u017e\u00edv\u00e1n\u00ed str\u00e1nek. S aplikac\u00ed GDPR 2018 jsou webmaste\u0159i povinni dodr\u017eovat z\u00e1kladn\u00ed na\u0159\u00edzen\u00ed zve\u0159ejn\u011bn\u00e9 na <a class=\"intext ext\" href=\"https:\/\/eu-datenschutz.org\/\" target=\"_blank\" rel=\"noopener\">https:\/\/eu-datenschutz.org\/<\/a> a o shroma\u017e\u010fov\u00e1n\u00ed a vyhodnocov\u00e1n\u00ed \u00fadaj\u016f n\u00e1le\u017eit\u011b informovat sv\u00e9 u\u017eivatele. Z\u00e1konnost zpracov\u00e1n\u00ed je zalo\u017eena na kapitole 2, \u010dl. 6 GDPR.<br><br><br><br>Soci\u00e1ln\u00ed pluginy<br>Tato webov\u00e1 str\u00e1nka pou\u017e\u00edv\u00e1 soci\u00e1ln\u00ed pluginy (pluginy) z r\u016fzn\u00fdch soci\u00e1ln\u00edch s\u00edt\u00ed jako \u201efacebook.com\u201c nebo \u201eXing\u201c. Tyto pluginy lze rozpoznat podle jejich p\u0159\u00edslu\u0161n\u00fdch log.<br><br>Pokud na na\u0161\u00ed webov\u00e9 str\u00e1nce vyvol\u00e1te webovou str\u00e1nku s odpov\u00eddaj\u00edc\u00edmi soci\u00e1ln\u00edmi pluginy, v\u00e1\u0161 prohl\u00ed\u017ee\u010d nav\u00e1\u017ee p\u0159\u00edm\u00e9 spojen\u00ed se servery p\u0159\u00edslu\u0161n\u00e9ho provozovatele loga (nap\u0159. facebook.com nebo twitter.com). Obsah pluginu je poskytovatelem slu\u017eby p\u0159enesen p\u0159\u00edmo do va\u0161eho prohl\u00ed\u017ee\u010de a poskytovatelem integrov\u00e1n do webov\u00e9 str\u00e1nky. Vezm\u011bte pros\u00edm na v\u011bdom\u00ed, \u017ee zpracov\u00e1n\u00ed \u00fadaj\u016f ze strany Facebooku, Twitteru a Yahoo prob\u00edh\u00e1 mimo Evropskou unii. Krom\u011b toho nem\u00e1me \u017e\u00e1dn\u00fd vliv na rozsah \u00fadaj\u016f shrom\u00e1\u017ed\u011bn\u00fdch pomoc\u00ed soci\u00e1ln\u00edch plugin\u016f, a proto v\u00e1s podle na\u0161ich znalost\u00ed informujeme:<br><br>Integrac\u00ed soci\u00e1ln\u00edch plugin\u016f poskytovatel\u00e9 obdr\u017e\u00ed informaci, \u017ee jste nav\u0161t\u00edvili p\u0159\u00edslu\u0161nou webovou str\u00e1nku na na\u0161em webu. Pokud jste p\u0159ihl\u00e1\u0161eni ke slu\u017eb\u011b, jako je Facebook, Twitter nebo jin\u00e9, m\u016f\u017ee tento poskytovatel p\u0159i\u0159adit n\u00e1v\u0161t\u011bvu k va\u0161emu \u00fa\u010dtu. Pokud interagujete s pluginem, nap\u0159\u00edklad stisknete tla\u010d\u00edtko Facebook \u201eTo se mi l\u00edb\u00ed\u201c nebo zanech\u00e1te koment\u00e1\u0159, p\u0159\u00edslu\u0161n\u00e9 informace se p\u0159\u00edmo z va\u0161eho prohl\u00ed\u017ee\u010de p\u0159enesou p\u0159\u00edslu\u0161n\u00e9mu poskytovateli slu\u017eeb a tam se ulo\u017e\u00ed. Pokud nejste \u010dlenem soci\u00e1ln\u00ed s\u00edt\u011b, st\u00e1le existuje mo\u017enost, \u017ee poskytovatel va\u0161i IP adresu zjist\u00ed a ulo\u017e\u00ed. \u00da\u010del a rozsah shroma\u017e\u010fov\u00e1n\u00ed \u00fadaj\u016f prost\u0159ednictv\u00edm dal\u0161\u00edho zpracov\u00e1n\u00ed a pou\u017e\u00edv\u00e1n\u00ed \u00fadaj\u016f poskytovatelem slu\u017eeb a va\u0161e pr\u00e1va v tomto ohledu naleznete v p\u0159\u00edslu\u0161n\u00e9m prohl\u00e1\u0161en\u00ed o ochran\u011b \u00fadaj\u016f:<br><br><br><br><a class=\"intext ext\" href=\"http:\/\/www.facebook.com\/policy.php\" target=\"_blank\" rel=\"noopener\">http:\/\/www.facebook.com\/policy.php<\/a><br><a class=\"intext ext\" href=\"https:\/\/www.xing.com\/privacy\" target=\"_blank\" rel=\"noopener\">https:\/\/www.xing.com\/privacy<\/a><br><br><a class=\"intext ext\" href=\"https:\/\/wordpress.org\/about\/privacy\/\" target=\"_blank\" rel=\"noopener\">https:\/\/wordpress.org\/about\/privacy\/<\/a><br><br><a class=\"intext ext\" href=\"https:\/\/policies.google.com\/privacy\" target=\"_blank\" rel=\"noopener\">https:\/\/policies.google.com\/privacy<\/a><br><br><br><br>Integraci soci\u00e1ln\u00edch z\u00e1suvn\u00fdch modul\u016f, ale tak\u00e9 pou\u017e\u00edv\u00e1n\u00ed softwaru pro anal\u00fdzu webov\u00fdch str\u00e1nek m\u016f\u017eete zabr\u00e1nit pou\u017eit\u00edm vhodn\u00e9ho softwaru \u2013 nap\u0159. programu \u201eGhostery\u201c.<br><br><br><br>Vlevo, odjet<br>Tato str\u00e1nka obsahuje odkazy na jin\u00e9 str\u00e1nky. Vezm\u011bte pros\u00edm na v\u011bdom\u00ed, \u017ee Strandcamping Anderwald Gmbh. nep\u0159eb\u00edr\u00e1 \u017e\u00e1dnou odpov\u011bdnost za ochranu \u00fadaj\u016f praktikovanou na jin\u00fdch str\u00e1nk\u00e1ch a za obsah na nich zve\u0159ejn\u011bn\u00fd.<br><br><br>Va\u0161e pr\u00e1va<br><br>V z\u00e1sad\u011b m\u00e1te pr\u00e1vo na informace, opravu, v\u00fdmaz, omezen\u00ed, p\u0159enositelnost \u00fadaj\u016f, odvol\u00e1n\u00ed a n\u00e1mitku. Pokud se domn\u00edv\u00e1te, \u017ee zpracov\u00e1n\u00edm va\u0161ich \u00fadaj\u016f doch\u00e1z\u00ed k poru\u0161en\u00ed z\u00e1kona o ochran\u011b \u00fadaj\u016f nebo do\u0161lo k jin\u00e9mu poru\u0161en\u00ed va\u0161ich pr\u00e1v na ochranu \u00fadaj\u016f, m\u016f\u017eete si st\u011b\u017eovat u dozorov\u00e9ho \u00fa\u0159adu. V Rakousku je to Rakousk\u00fd \u00fa\u0159ad pro ochranu \u00fadaj\u016f (DSB), Wickenburggasse 8-10, 1080 V\u00edde\u0148.<br><br><br><br>\u017d\u00e1d\u00e1me V\u00e1s v\u0161ak, abyste n\u00e1s jako prvn\u00ed krok neprodlen\u011b kontaktovali, abychom mohli probl\u00e9m ihned spole\u010dn\u011b vy\u0159e\u0161it.<br><br>V tomto p\u0159\u00edpad\u011b pros\u00edm kontaktujte: <a class=\"intext mail\" href=\"https:\/\/www.campinganderwald.at\/de\/datenschutz\/#\">datenschutz@campinganderwald.at<\/a><br><br><br><br><br><br>M\u016f\u017eete n\u00e1s tak\u00e9 kontaktovat pomoc\u00ed n\u00e1sleduj\u00edc\u00edch kontaktn\u00edch \u00fadaj\u016f:<br><br>Strandcamping Anderwald GmbH<br><br>ATA 66 50 16 35<br><br>Severn\u00ed pl\u00e1\u017e 4<br><br>9583 Faak am See<br><br>M. 0043 650 9933 093<br><br>F. 0043 4254 2297<br><br>M. <a class=\"intext mail\" href=\"https:\/\/www.campinganderwald.at\/de\/datenschutz\/#\">office@campinganderwald.at<\/a><br><br><br><br>Stav: 04\/2018<\/p>\t\t\t\t\t\t\t\t<\/div>\n\t\t\t\t<\/div>\n\t\t\t\t\t<\/div>\n\t\t<\/div>\n\t\t\t\t\t<\/div>\n\t\t<\/section>\n\t\t\t\t<\/div>\n\t\t","protected":false},"excerpt":{"rendered":"<p>Ochrana dat Ochrana va\u0161ich osobn\u00edch \u00fadaj\u016f je pro n\u00e1s obzvl\u00e1\u0161t\u011b d\u016fle\u017eit\u00e1. Va\u0161e \u00fadaje proto zpracov\u00e1v\u00e1me v\u00fdhradn\u011b na z\u00e1klad\u011b z\u00e1konn\u00fdch ustanoven\u00ed (GDPR, TKG 2003). V t\u011bchto informac\u00edch o ochran\u011b \u00fadaj\u016f v\u00e1s informujeme o nejd\u016fle\u017eit\u011bj\u0161\u00edch aspektech zpracov\u00e1n\u00ed \u00fadaj\u016f v r\u00e1mci na\u0161ich webov\u00fdch str\u00e1nek. Na\u0161e webov\u00e9 str\u00e1nky lze obvykle pou\u017e\u00edvat bez poskytnut\u00ed jak\u00fdchkoli osobn\u00edch \u00fadaj\u016f. Pokud jsou na [&hellip;]<\/p>\n","protected":false},"author":2,"featured_media":0,"parent":0,"menu_order":0,"comment_status":"closed","ping_status":"closed","template":"","meta":{"footnotes":""},"class_list":["post-3476","page","type-page","status-publish","hentry"],"yoast_head":"<!-- This site is optimized with the Yoast SEO plugin v27.4 - https:\/\/yoast.com\/product\/yoast-seo-wordpress\/ -->\n<title>Soukrom\u00ed - Camping Anderwald<\/title>\n<meta name=\"robots\" content=\"index, follow, max-snippet:-1, max-image-preview:large, max-video-preview:-1\" \/>\n<link rel=\"canonical\" href=\"https:\/\/www.campinganderwald.at\/cs\/soukromi\/\" \/>\n<meta property=\"og:locale\" content=\"cs_CZ\" \/>\n<meta property=\"og:type\" content=\"article\" \/>\n<meta property=\"og:title\" content=\"Soukrom\u00ed - Camping Anderwald\" \/>\n<meta property=\"og:description\" content=\"Ochrana dat Ochrana va\u0161ich osobn\u00edch \u00fadaj\u016f je pro n\u00e1s obzvl\u00e1\u0161t\u011b d\u016fle\u017eit\u00e1. Va\u0161e \u00fadaje proto zpracov\u00e1v\u00e1me v\u00fdhradn\u011b na z\u00e1klad\u011b z\u00e1konn\u00fdch ustanoven\u00ed (GDPR, TKG 2003). V t\u011bchto informac\u00edch o ochran\u011b \u00fadaj\u016f v\u00e1s informujeme o nejd\u016fle\u017eit\u011bj\u0161\u00edch aspektech zpracov\u00e1n\u00ed \u00fadaj\u016f v r\u00e1mci na\u0161ich webov\u00fdch str\u00e1nek. Na\u0161e webov\u00e9 str\u00e1nky lze obvykle pou\u017e\u00edvat bez poskytnut\u00ed jak\u00fdchkoli osobn\u00edch \u00fadaj\u016f. Pokud jsou na [&hellip;]\" \/>\n<meta property=\"og:url\" content=\"https:\/\/www.campinganderwald.at\/cs\/soukromi\/\" \/>\n<meta property=\"og:site_name\" content=\"Camping Anderwald\" \/>\n<meta property=\"article:modified_time\" content=\"2022-03-17T20:35:58+00:00\" \/>\n<meta name=\"twitter:card\" content=\"summary_large_image\" \/>\n<meta name=\"twitter:label1\" content=\"Odhadovan\u00e1 doba \u010dten\u00ed\" \/>\n\t<meta name=\"twitter:data1\" content=\"8 minut\" \/>\n<script type=\"application\/ld+json\" class=\"yoast-schema-graph\">{\"@context\":\"https:\\\/\\\/schema.org\",\"@graph\":[{\"@type\":\"WebPage\",\"@id\":\"https:\\\/\\\/www.campinganderwald.at\\\/cs\\\/soukromi\\\/\",\"url\":\"https:\\\/\\\/www.campinganderwald.at\\\/cs\\\/soukromi\\\/\",\"name\":\"Soukrom\u00ed - Camping Anderwald\",\"isPartOf\":{\"@id\":\"https:\\\/\\\/www.campinganderwald.at\\\/cs\\\/#website\"},\"datePublished\":\"2022-03-15T15:32:13+00:00\",\"dateModified\":\"2022-03-17T20:35:58+00:00\",\"breadcrumb\":{\"@id\":\"https:\\\/\\\/www.campinganderwald.at\\\/cs\\\/soukromi\\\/#breadcrumb\"},\"inLanguage\":\"cs\",\"potentialAction\":[{\"@type\":\"ReadAction\",\"target\":[\"https:\\\/\\\/www.campinganderwald.at\\\/cs\\\/soukromi\\\/\"]}]},{\"@type\":\"BreadcrumbList\",\"@id\":\"https:\\\/\\\/www.campinganderwald.at\\\/cs\\\/soukromi\\\/#breadcrumb\",\"itemListElement\":[{\"@type\":\"ListItem\",\"position\":1,\"name\":\"Startseite\",\"item\":\"https:\\\/\\\/www.campinganderwald.at\\\/cs\\\/\"},{\"@type\":\"ListItem\",\"position\":2,\"name\":\"Soukrom\u00ed\"}]},{\"@type\":\"WebSite\",\"@id\":\"https:\\\/\\\/www.campinganderwald.at\\\/cs\\\/#website\",\"url\":\"https:\\\/\\\/www.campinganderwald.at\\\/cs\\\/\",\"name\":\"Camping Anderwald\",\"description\":\"Unser Campingplatz liegt direkt am Faaker See in K\u00e4rnten, eingebettet in die traumhafte Kulisse der das gesamte Gebiet umgebenden Karawanken. Der Faaker See ist nicht nur der s\u00fcdlichste Badesee K\u00e4rntens, er ist auch einer der...\",\"publisher\":{\"@id\":\"https:\\\/\\\/www.campinganderwald.at\\\/cs\\\/#organization\"},\"potentialAction\":[{\"@type\":\"SearchAction\",\"target\":{\"@type\":\"EntryPoint\",\"urlTemplate\":\"https:\\\/\\\/www.campinganderwald.at\\\/cs\\\/?s={search_term_string}\"},\"query-input\":{\"@type\":\"PropertyValueSpecification\",\"valueRequired\":true,\"valueName\":\"search_term_string\"}}],\"inLanguage\":\"cs\"},{\"@type\":\"Organization\",\"@id\":\"https:\\\/\\\/www.campinganderwald.at\\\/cs\\\/#organization\",\"name\":\"Camping Anderwald\",\"url\":\"https:\\\/\\\/www.campinganderwald.at\\\/cs\\\/\",\"logo\":{\"@type\":\"ImageObject\",\"inLanguage\":\"cs\",\"@id\":\"https:\\\/\\\/www.campinganderwald.at\\\/cs\\\/#\\\/schema\\\/logo\\\/image\\\/\",\"url\":\"https:\\\/\\\/www.campinganderwald.at\\\/wp-content\\\/uploads\\\/2022\\\/01\\\/campingAnderwald-logo.svg\",\"contentUrl\":\"https:\\\/\\\/www.campinganderwald.at\\\/wp-content\\\/uploads\\\/2022\\\/01\\\/campingAnderwald-logo.svg\",\"caption\":\"Camping Anderwald\"},\"image\":{\"@id\":\"https:\\\/\\\/www.campinganderwald.at\\\/cs\\\/#\\\/schema\\\/logo\\\/image\\\/\"}}]}<\/script>\n<!-- \/ Yoast SEO plugin. -->","yoast_head_json":{"title":"Soukrom\u00ed - Camping Anderwald","robots":{"index":"index","follow":"follow","max-snippet":"max-snippet:-1","max-image-preview":"max-image-preview:large","max-video-preview":"max-video-preview:-1"},"canonical":"https:\/\/www.campinganderwald.at\/cs\/soukromi\/","og_locale":"cs_CZ","og_type":"article","og_title":"Soukrom\u00ed - Camping Anderwald","og_description":"Ochrana dat Ochrana va\u0161ich osobn\u00edch \u00fadaj\u016f je pro n\u00e1s obzvl\u00e1\u0161t\u011b d\u016fle\u017eit\u00e1. Va\u0161e \u00fadaje proto zpracov\u00e1v\u00e1me v\u00fdhradn\u011b na z\u00e1klad\u011b z\u00e1konn\u00fdch ustanoven\u00ed (GDPR, TKG 2003). V t\u011bchto informac\u00edch o ochran\u011b \u00fadaj\u016f v\u00e1s informujeme o nejd\u016fle\u017eit\u011bj\u0161\u00edch aspektech zpracov\u00e1n\u00ed \u00fadaj\u016f v r\u00e1mci na\u0161ich webov\u00fdch str\u00e1nek. Na\u0161e webov\u00e9 str\u00e1nky lze obvykle pou\u017e\u00edvat bez poskytnut\u00ed jak\u00fdchkoli osobn\u00edch \u00fadaj\u016f. Pokud jsou na [&hellip;]","og_url":"https:\/\/www.campinganderwald.at\/cs\/soukromi\/","og_site_name":"Camping Anderwald","article_modified_time":"2022-03-17T20:35:58+00:00","twitter_card":"summary_large_image","twitter_misc":{"Odhadovan\u00e1 doba \u010dten\u00ed":"8 minut"},"schema":{"@context":"https:\/\/schema.org","@graph":[{"@type":"WebPage","@id":"https:\/\/www.campinganderwald.at\/cs\/soukromi\/","url":"https:\/\/www.campinganderwald.at\/cs\/soukromi\/","name":"Soukrom\u00ed - Camping Anderwald","isPartOf":{"@id":"https:\/\/www.campinganderwald.at\/cs\/#website"},"datePublished":"2022-03-15T15:32:13+00:00","dateModified":"2022-03-17T20:35:58+00:00","breadcrumb":{"@id":"https:\/\/www.campinganderwald.at\/cs\/soukromi\/#breadcrumb"},"inLanguage":"cs","potentialAction":[{"@type":"ReadAction","target":["https:\/\/www.campinganderwald.at\/cs\/soukromi\/"]}]},{"@type":"BreadcrumbList","@id":"https:\/\/www.campinganderwald.at\/cs\/soukromi\/#breadcrumb","itemListElement":[{"@type":"ListItem","position":1,"name":"Startseite","item":"https:\/\/www.campinganderwald.at\/cs\/"},{"@type":"ListItem","position":2,"name":"Soukrom\u00ed"}]},{"@type":"WebSite","@id":"https:\/\/www.campinganderwald.at\/cs\/#website","url":"https:\/\/www.campinganderwald.at\/cs\/","name":"Camping Anderwald","description":"Unser Campingplatz liegt direkt am Faaker See in K\u00e4rnten, eingebettet in die traumhafte Kulisse der das gesamte Gebiet umgebenden Karawanken. Der Faaker See ist nicht nur der s\u00fcdlichste Badesee K\u00e4rntens, er ist auch einer der...","publisher":{"@id":"https:\/\/www.campinganderwald.at\/cs\/#organization"},"potentialAction":[{"@type":"SearchAction","target":{"@type":"EntryPoint","urlTemplate":"https:\/\/www.campinganderwald.at\/cs\/?s={search_term_string}"},"query-input":{"@type":"PropertyValueSpecification","valueRequired":true,"valueName":"search_term_string"}}],"inLanguage":"cs"},{"@type":"Organization","@id":"https:\/\/www.campinganderwald.at\/cs\/#organization","name":"Camping Anderwald","url":"https:\/\/www.campinganderwald.at\/cs\/","logo":{"@type":"ImageObject","inLanguage":"cs","@id":"https:\/\/www.campinganderwald.at\/cs\/#\/schema\/logo\/image\/","url":"https:\/\/www.campinganderwald.at\/wp-content\/uploads\/2022\/01\/campingAnderwald-logo.svg","contentUrl":"https:\/\/www.campinganderwald.at\/wp-content\/uploads\/2022\/01\/campingAnderwald-logo.svg","caption":"Camping Anderwald"},"image":{"@id":"https:\/\/www.campinganderwald.at\/cs\/#\/schema\/logo\/image\/"}}]}},"_links":{"self":[{"href":"https:\/\/www.campinganderwald.at\/cs\/wp-json\/wp\/v2\/pages\/3476","targetHints":{"allow":["GET"]}}],"collection":[{"href":"https:\/\/www.campinganderwald.at\/cs\/wp-json\/wp\/v2\/pages"}],"about":[{"href":"https:\/\/www.campinganderwald.at\/cs\/wp-json\/wp\/v2\/types\/page"}],"author":[{"embeddable":true,"href":"https:\/\/www.campinganderwald.at\/cs\/wp-json\/wp\/v2\/users\/2"}],"replies":[{"embeddable":true,"href":"https:\/\/www.campinganderwald.at\/cs\/wp-json\/wp\/v2\/comments?post=3476"}],"version-history":[{"count":0,"href":"https:\/\/www.campinganderwald.at\/cs\/wp-json\/wp\/v2\/pages\/3476\/revisions"}],"wp:attachment":[{"href":"https:\/\/www.campinganderwald.at\/cs\/wp-json\/wp\/v2\/media?parent=3476"}],"curies":[{"name":"wp","href":"https:\/\/api.w.org\/{rel}","templated":true}]}}