{"id":4194,"date":"2022-02-20T14:58:46","date_gmt":"2022-02-20T13:58:46","guid":{"rendered":"https:\/\/www.campinganderwald.at\/tura-2\/"},"modified":"2023-01-18T17:37:45","modified_gmt":"2023-01-18T16:37:45","slug":"tura-2","status":"publish","type":"page","link":"https:\/\/www.campinganderwald.at\/cs\/tura-2\/","title":{"rendered":"Vyl\u00e9zt"},"content":{"rendered":"\t\t<div data-elementor-type=\"wp-page\" data-elementor-id=\"4194\" class=\"elementor elementor-4194 elementor-1711\" data-elementor-post-type=\"page\">\n\t\t\t\t\t\t<section class=\"elementor-section elementor-top-section elementor-element elementor-element-ed5d843 elementor-section-boxed elementor-section-height-default elementor-section-height-default qodef-elementor-content-no\" data-id=\"ed5d843\" data-element_type=\"section\" data-e-type=\"section\">\n\t\t\t\t\t\t<div class=\"elementor-container elementor-column-gap-default\">\n\t\t\t\t\t<div class=\"elementor-column elementor-col-100 elementor-top-column elementor-element elementor-element-b142fe4\" data-id=\"b142fe4\" data-element_type=\"column\" data-e-type=\"column\">\n\t\t\t<div class=\"elementor-widget-wrap elementor-element-populated\">\n\t\t\t\t\t\t<div class=\"elementor-element elementor-element-48ab2f9 elementor-widget elementor-widget-qi_addons_for_elementor_section_title\" data-id=\"48ab2f9\" data-element_type=\"widget\" data-e-type=\"widget\" data-widget_type=\"qi_addons_for_elementor_section_title.default\">\n\t\t\t\t<div class=\"elementor-widget-container\">\n\t\t\t\t\t<div class=\"qodef-shortcode qodef-m qodef-qi-section-title qodef-decoration--italic qodef-link--underline-draw qodef-subtitle-icon--left\">\n\t\t\t\t<h5 class=\"qodef-m-subtitle\">\n\t\tZam\u011b\u0159te se vysoko\t\t\t<\/h5>\n\t\t\t<h2 class=\"qodef-m-title\">\n\t\tVyl\u00e9zt\t<\/h2>\n\t\t\t<div class=\"qodef-m-text\"><p>M\u00edrn\u00e9 klima na ji\u017en\u00edm okraji Alp poskytuje ide\u00e1ln\u00ed podm\u00ednky pro lezen\u00ed u\u017e od dubna. N\u00e1\u0161 Kanzianiberg se st\u00e1le v\u00edce rozv\u00edj\u00ed jako m\u00edsto setk\u00e1v\u00e1n\u00ed v r\u00e1mci lezeck\u00e9 sc\u00e9ny. Nejv\u011bt\u0161\u00ed a nejpozoruhodn\u011bj\u0161\u00ed sportovn\u00ed lezeck\u00e1 zahrada na jihu Rakouska je jednou z nejlep\u0161\u00edch lezeck\u00fdch zahrad v Rakousku s v\u00edce ne\u017e 300 cestami a 400 stanovi\u0161ti. Jsme z\u00e1kladn\u00edm t\u00e1borem pro v\u0161echny, kte\u0159\u00ed u\u017e um\u00ed l\u00e9zt, pro ty, kte\u0159\u00ed cht\u011bj\u00ed p\u0159ej\u00edt z haly na sk\u00e1lu, a pro za\u010d\u00e1te\u010dn\u00edky a rodiny, kter\u00e9 si cht\u011bj\u00ed lezen\u00ed vyzkou\u0161et poprv\u00e9.<\/p><\/div>\n\t<\/div>\n\t\t\t\t<\/div>\n\t\t\t\t<\/div>\n\t\t\t\t\t<\/div>\n\t\t<\/div>\n\t\t\t\t\t<\/div>\n\t\t<\/section>\n\t\t\t\t<section class=\"elementor-section elementor-top-section elementor-element elementor-element-573b9a2 elementor-section-full_width elementor-section-height-default elementor-section-height-default qodef-elementor-content-no\" data-id=\"573b9a2\" data-element_type=\"section\" data-e-type=\"section\">\n\t\t\t\t\t\t<div class=\"elementor-container elementor-column-gap-default\">\n\t\t\t\t\t<div class=\"elementor-column elementor-col-100 elementor-top-column elementor-element elementor-element-d7c0207\" data-id=\"d7c0207\" data-element_type=\"column\" data-e-type=\"column\">\n\t\t\t<div class=\"elementor-widget-wrap elementor-element-populated\">\n\t\t\t\t\t\t<div class=\"elementor-element elementor-element-b7b01d4 elementor-widget elementor-widget-kamperen_core_image_slider\" data-id=\"b7b01d4\" data-element_type=\"widget\" data-e-type=\"widget\" data-widget_type=\"kamperen_core_image_slider.default\">\n\t\t\t\t<div class=\"elementor-widget-container\">\n\t\t\t\t\t<div class=\"qodef-shortcode qodef-m  qodef-image-slider qodef-col-width-auto qodef-magnific-popup qodef-popup-gallery qodef-grid qodef-swiper-container   qodef-col-num--1  qodef-responsive--predefined\" data-options='{\"slidesPerView\":\"auto\", \"loop\":\"true\", \"centeredSlides\":\"true\", \"slidesPerView1440\":\"auto\", \"slidesPerView1366\":\"auto\", \"slidesPerView1024\":\"auto\", \"slidesPerView768\":\"auto\", \"slidesPerView680\":\"auto\", \"slidesPerView480\":\"auto\"}'>\n\t<div class=\"swiper-wrapper\">\n\t\t<div class=\"qodef-e qodef-image-wrapper swiper-slide\">\n\t\t\t<a class=\"qodef-popup-item\" itemprop=\"image\" href=\"https:\/\/www.campinganderwald.at\/wp-content\/uploads\/2022\/02\/57bf163fe722a_o.jpg\" data-type=\"image\" title=\"\">\n\t\t\t<img fetchpriority=\"high\" decoding=\"async\" src=\"https:\/\/www.campinganderwald.at\/wp-content\/uploads\/2022\/02\/57bf163fe722a_o-300x300.jpg\" alt=\"\" width=\"300\" height=\"300\" data-ratio=\"1\" \/>\t\t\t<\/a>\n\t<\/div>\n<div class=\"qodef-e qodef-image-wrapper swiper-slide\">\n\t\t\t<a class=\"qodef-popup-item\" itemprop=\"image\" href=\"https:\/\/www.campinganderwald.at\/wp-content\/uploads\/2022\/03\/4c0eb17bced59_o.jpg\" data-type=\"image\" title=\"\">\n\t\t\t<img decoding=\"async\" src=\"https:\/\/www.campinganderwald.at\/wp-content\/uploads\/2022\/03\/4c0eb17bced59_o-300x300.jpg\" alt=\"\" width=\"300\" height=\"300\" data-ratio=\"1\" \/>\t\t\t<\/a>\n\t<\/div>\n<div class=\"qodef-e qodef-image-wrapper swiper-slide\">\n\t\t\t<a class=\"qodef-popup-item\" itemprop=\"image\" href=\"https:\/\/www.campinganderwald.at\/wp-content\/uploads\/2022\/03\/532c392656181_o.jpg\" data-type=\"image\" title=\"\">\n\t\t\t<img decoding=\"async\" src=\"https:\/\/www.campinganderwald.at\/wp-content\/uploads\/2022\/03\/532c392656181_o-300x300.jpg\" alt=\"\" width=\"300\" height=\"300\" data-ratio=\"1\" \/>\t\t\t<\/a>\n\t<\/div>\n<div class=\"qodef-e qodef-image-wrapper swiper-slide\">\n\t\t\t<a class=\"qodef-popup-item\" itemprop=\"image\" href=\"https:\/\/www.campinganderwald.at\/wp-content\/uploads\/2022\/03\/520e9283aa67f_o.jpg\" data-type=\"image\" title=\"\">\n\t\t\t<img loading=\"lazy\" decoding=\"async\" src=\"https:\/\/www.campinganderwald.at\/wp-content\/uploads\/2022\/03\/520e9283aa67f_o-300x300.jpg\" alt=\"\" width=\"300\" height=\"300\" data-ratio=\"1\" \/>\t\t\t<\/a>\n\t<\/div>\n<div class=\"qodef-e qodef-image-wrapper swiper-slide\">\n\t\t\t<a class=\"qodef-popup-item\" itemprop=\"image\" href=\"https:\/\/www.campinganderwald.at\/wp-content\/uploads\/2022\/03\/57bf180a898bb_o.jpg\" data-type=\"image\" title=\"\">\n\t\t\t<img loading=\"lazy\" decoding=\"async\" src=\"https:\/\/www.campinganderwald.at\/wp-content\/uploads\/2022\/03\/57bf180a898bb_o-300x300.jpg\" alt=\"\" width=\"300\" height=\"300\" data-ratio=\"1\" \/>\t\t\t<\/a>\n\t<\/div>\n<div class=\"qodef-e qodef-image-wrapper swiper-slide\">\n\t\t\t<a class=\"qodef-popup-item\" itemprop=\"image\" href=\"https:\/\/www.campinganderwald.at\/wp-content\/uploads\/2022\/03\/532c39593d303_o.jpg\" data-type=\"image\" title=\"\">\n\t\t\t<img loading=\"lazy\" decoding=\"async\" src=\"https:\/\/www.campinganderwald.at\/wp-content\/uploads\/2022\/03\/532c39593d303_o-300x300.jpg\" alt=\"\" width=\"300\" height=\"300\" data-ratio=\"1\" \/>\t\t\t<\/a>\n\t<\/div>\n<div class=\"qodef-e qodef-image-wrapper swiper-slide\">\n\t\t\t<a class=\"qodef-popup-item\" itemprop=\"image\" href=\"https:\/\/www.campinganderwald.at\/wp-content\/uploads\/2022\/03\/4c0eb16600d6b_o.jpg\" data-type=\"image\" title=\"\">\n\t\t\t<img loading=\"lazy\" decoding=\"async\" src=\"https:\/\/www.campinganderwald.at\/wp-content\/uploads\/2022\/03\/4c0eb16600d6b_o-300x300.jpg\" alt=\"\" width=\"300\" height=\"300\" data-ratio=\"1\" \/>\t\t\t<\/a>\n\t<\/div>\n<div class=\"qodef-e qodef-image-wrapper swiper-slide\">\n\t\t\t<a class=\"qodef-popup-item\" itemprop=\"image\" href=\"https:\/\/www.campinganderwald.at\/wp-content\/uploads\/2022\/03\/532c390cccfbf_o.jpg\" data-type=\"image\" title=\"\">\n\t\t\t<img loading=\"lazy\" decoding=\"async\" src=\"https:\/\/www.campinganderwald.at\/wp-content\/uploads\/2022\/03\/532c390cccfbf_o-300x300.jpg\" alt=\"\" width=\"300\" height=\"300\" data-ratio=\"1\" \/>\t\t\t<\/a>\n\t<\/div>\n<div class=\"qodef-e qodef-image-wrapper swiper-slide\">\n\t\t\t<a class=\"qodef-popup-item\" itemprop=\"image\" href=\"https:\/\/www.campinganderwald.at\/wp-content\/uploads\/2022\/03\/532c39030457b_o.jpg\" data-type=\"image\" title=\"\">\n\t\t\t<img loading=\"lazy\" decoding=\"async\" src=\"https:\/\/www.campinganderwald.at\/wp-content\/uploads\/2022\/03\/532c39030457b_o-300x300.jpg\" alt=\"\" width=\"300\" height=\"300\" data-ratio=\"1\" \/>\t\t\t<\/a>\n\t<\/div>\n<div class=\"qodef-e qodef-image-wrapper swiper-slide\">\n\t\t\t<a class=\"qodef-popup-item\" itemprop=\"image\" href=\"https:\/\/www.campinganderwald.at\/wp-content\/uploads\/2022\/03\/532c394f4288a_o.jpg\" data-type=\"image\" title=\"\">\n\t\t\t<img loading=\"lazy\" decoding=\"async\" src=\"https:\/\/www.campinganderwald.at\/wp-content\/uploads\/2022\/03\/532c394f4288a_o-300x300.jpg\" alt=\"\" width=\"300\" height=\"300\" data-ratio=\"1\" \/>\t\t\t<\/a>\n\t<\/div>\n<div class=\"qodef-e qodef-image-wrapper swiper-slide\">\n\t\t\t<a class=\"qodef-popup-item\" itemprop=\"image\" href=\"https:\/\/www.campinganderwald.at\/wp-content\/uploads\/2022\/03\/532c3934ba516_o.jpg\" data-type=\"image\" title=\"\">\n\t\t\t<img loading=\"lazy\" decoding=\"async\" src=\"https:\/\/www.campinganderwald.at\/wp-content\/uploads\/2022\/03\/532c3934ba516_o-300x300.jpg\" alt=\"\" width=\"300\" height=\"300\" data-ratio=\"1\" \/>\t\t\t<\/a>\n\t<\/div>\n<div class=\"qodef-e qodef-image-wrapper swiper-slide\">\n\t\t\t<a class=\"qodef-popup-item\" itemprop=\"image\" href=\"https:\/\/www.campinganderwald.at\/wp-content\/uploads\/2022\/03\/532c39195330d_o.jpg\" data-type=\"image\" title=\"\">\n\t\t\t<img loading=\"lazy\" decoding=\"async\" src=\"https:\/\/www.campinganderwald.at\/wp-content\/uploads\/2022\/03\/532c39195330d_o-300x300.jpg\" alt=\"\" width=\"300\" height=\"300\" data-ratio=\"1\" \/>\t\t\t<\/a>\n\t<\/div>\n\t<\/div>\n\t\t<div class=\"swiper-button-prev \"><svg  xmlns=\"http:\/\/www.w3.org\/2000\/svg\" width=\"30.256\" height=\"25.243\" viewBox=\"0 0 30.256 25.243\"><g transform=\"translate(30.621 30.621) rotate(180)\"><path d=\"M7.5,18H31.159\" transform=\"translate(-5.635)\" fill=\"none\" stroke=\"#fff\" stroke-linecap=\"square\" stroke-linejoin=\"round\" stroke-width=\"3\"\/><path d=\"M18,7.5,28.5,18,18,28.5\" fill=\"none\" stroke=\"#fff\" stroke-linecap=\"square\" stroke-width=\"3\"\/><\/g><\/svg><\/div>\n\t<div class=\"swiper-button-next \"><svg  xmlns=\"http:\/\/www.w3.org\/2000\/svg\" width=\"30.256\" height=\"25.243\" viewBox=\"0 0 30.256 25.243\"><g transform=\"translate(-0.365 -5.379)\"><path d=\"M7.5,18H31.159\" transform=\"translate(-5.635)\" fill=\"none\" stroke=\"#fff\" stroke-linecap=\"square\" stroke-linejoin=\"round\" stroke-width=\"3\"\/><path d=\"M18,7.5,28.5,18,18,28.5\" fill=\"none\" stroke=\"#fff\" stroke-linecap=\"square\" stroke-width=\"3\"\/><\/g><\/svg><\/div>\n\t<\/div>\n\t\t\t\t<\/div>\n\t\t\t\t<\/div>\n\t\t\t\t\t<\/div>\n\t\t<\/div>\n\t\t\t\t\t<\/div>\n\t\t<\/section>\n\t\t\t\t<section class=\"elementor-section elementor-top-section elementor-element elementor-element-f5a7d6c elementor-section-boxed elementor-section-height-default elementor-section-height-default qodef-elementor-content-no\" data-id=\"f5a7d6c\" data-element_type=\"section\" data-e-type=\"section\">\n\t\t\t\t\t\t<div class=\"elementor-container elementor-column-gap-default\">\n\t\t\t\t\t\t<\/div>\n\t\t<\/section>\n\t\t\t\t<section class=\"elementor-section elementor-top-section elementor-element elementor-element-772b9a9 elementor-section-boxed elementor-section-height-default elementor-section-height-default qodef-elementor-content-no\" data-id=\"772b9a9\" data-element_type=\"section\" data-e-type=\"section\">\n\t\t\t\t\t\t<div class=\"elementor-container elementor-column-gap-default\">\n\t\t\t\t\t\t<\/div>\n\t\t<\/section>\n\t\t\t\t<section class=\"elementor-section elementor-top-section elementor-element elementor-element-e9ad205 elementor-section-boxed elementor-section-height-default elementor-section-height-default qodef-elementor-content-no\" data-id=\"e9ad205\" data-element_type=\"section\" data-e-type=\"section\">\n\t\t\t\t\t\t<div class=\"elementor-container elementor-column-gap-default\">\n\t\t\t\t\t\t<\/div>\n\t\t<\/section>\n\t\t\t\t<section class=\"elementor-section elementor-top-section elementor-element elementor-element-dafc96c elementor-section-boxed elementor-section-height-default elementor-section-height-default qodef-elementor-content-no\" data-id=\"dafc96c\" data-element_type=\"section\" data-e-type=\"section\">\n\t\t\t\t\t\t<div class=\"elementor-container elementor-column-gap-default\">\n\t\t\t\t\t\t<\/div>\n\t\t<\/section>\n\t\t\t\t<section class=\"elementor-section elementor-top-section elementor-element elementor-element-fd07165 elementor-section-boxed elementor-section-height-default elementor-section-height-default qodef-elementor-content-no\" data-id=\"fd07165\" data-element_type=\"section\" data-e-type=\"section\">\n\t\t\t\t\t\t<div class=\"elementor-container elementor-column-gap-default\">\n\t\t\t\t\t\t<\/div>\n\t\t<\/section>\n\t\t\t\t<section class=\"elementor-section elementor-top-section elementor-element elementor-element-08fce25 elementor-section-boxed elementor-section-height-default elementor-section-height-default qodef-elementor-content-no\" data-id=\"08fce25\" data-element_type=\"section\" data-e-type=\"section\">\n\t\t\t\t\t\t<div class=\"elementor-container elementor-column-gap-default\">\n\t\t\t\t\t<div class=\"elementor-column elementor-col-50 elementor-top-column elementor-element elementor-element-00479e8\" data-id=\"00479e8\" data-element_type=\"column\" data-e-type=\"column\">\n\t\t\t<div class=\"elementor-widget-wrap elementor-element-populated\">\n\t\t\t\t\t\t<div class=\"elementor-element elementor-element-52f5bb1 elementor-widget elementor-widget-text-editor\" data-id=\"52f5bb1\" data-element_type=\"widget\" data-e-type=\"widget\" data-widget_type=\"text-editor.default\">\n\t\t\t\t<div class=\"elementor-widget-container\">\n\t\t\t\t\t\t\t\t\t<h4>Na\u0161e slu\u017eby pro v\u0161echny horolezce<\/h4>\n<ul>\n<li>Topos z Kanzianibergu<\/li>\n<li>Ochutn\u00e1vka lezen\u00ed s horskou \u0161kolou &#8222;high life&#8220;<\/li>\n<li>Kurzy lezen\u00ed s horskou \u0161kolou &#8222;high life&#8220;<\/li>\n<li>Pron\u00e1jem set\u016f Via ferrata pro na\u0161e hosty<\/li>\n<li>V\u00fdlety po via ferrat\u00e1ch s pr\u016fvodcem v na\u0161\u00ed horsk\u00e9 \u0161kole<\/li>\n<\/ul>\n\t\t\t\t\t\t\t\t<\/div>\n\t\t\t\t<\/div>\n\t\t\t\t\t<\/div>\n\t\t<\/div>\n\t\t\t\t<div class=\"elementor-column elementor-col-50 elementor-top-column elementor-element elementor-element-0c4c226\" data-id=\"0c4c226\" data-element_type=\"column\" data-e-type=\"column\">\n\t\t\t<div class=\"elementor-widget-wrap elementor-element-populated\">\n\t\t\t\t\t\t<div class=\"elementor-element elementor-element-760c63f elementor-widget elementor-widget-text-editor\" data-id=\"760c63f\" data-element_type=\"widget\" data-e-type=\"widget\" data-widget_type=\"text-editor.default\">\n\t\t\t\t<div class=\"elementor-widget-container\">\n\t\t\t\t\t\t\t\t\t<h4>Co dal\u0161\u00edho z n\u00e1s d\u011bl\u00e1 perfektn\u00ed z\u00e1kladn\u00ed t\u00e1bor pro v\u0161echny fanou\u0161ky lezen\u00ed?<\/h4>\n<ul>\n<li>T\u00e1bo\u0159en\u00ed v p\u0159\u00edrod\u011b<\/li>\n<li>Ide\u00e1ln\u00ed m\u00edsta pro stany a autobusy<\/li>\n<li>Na\u0161e vynikaj\u00edc\u00ed restaurace, kde m\u016f\u017eete na\u010derpat nov\u00e9 s\u00edly.<\/li>\n<li>Koup\u00e1n\u00ed v k\u0159i\u0161\u0165\u00e1lov\u011b \u010dist\u00e9m a tepl\u00e9m Faaker See.<\/li>\n<li>Les u jezera p\u0159\u00edmo u nejji\u017en\u011bj\u0161\u00edho rakousk\u00e9ho jezera ke koup\u00e1n\u00ed!<\/li>\n<li>Mnoho strom\u016f na slackline ;-)&#8230;.a bezplatn\u00fd workshop, abyste se to nau\u010dili &#8222;po\u0159\u00e1dn\u011b&#8220; \ud83d\ude09<\/li>\n<\/ul>\n\t\t\t\t\t\t\t\t<\/div>\n\t\t\t\t<\/div>\n\t\t\t\t\t<\/div>\n\t\t<\/div>\n\t\t\t\t\t<\/div>\n\t\t<\/section>\n\t\t\t\t<\/div>\n\t\t","protected":false},"excerpt":{"rendered":"<p>Zam\u011b\u0159te se vysoko Vyl\u00e9zt M\u00edrn\u00e9 klima na ji\u017en\u00edm okraji Alp poskytuje ide\u00e1ln\u00ed podm\u00ednky pro lezen\u00ed u\u017e od dubna. N\u00e1\u0161 Kanzianiberg se st\u00e1le v\u00edce rozv\u00edj\u00ed jako m\u00edsto setk\u00e1v\u00e1n\u00ed v r\u00e1mci lezeck\u00e9 sc\u00e9ny. Nejv\u011bt\u0161\u00ed a nejpozoruhodn\u011bj\u0161\u00ed sportovn\u00ed lezeck\u00e1 zahrada na jihu Rakouska je jednou z nejlep\u0161\u00edch lezeck\u00fdch zahrad v Rakousku s v\u00edce ne\u017e 300 cestami a 400 [&hellip;]<\/p>\n","protected":false},"author":2,"featured_media":0,"parent":0,"menu_order":0,"comment_status":"closed","ping_status":"closed","template":"","meta":{"footnotes":""},"class_list":["post-4194","page","type-page","status-publish","hentry"],"yoast_head":"<!-- This site is optimized with the Yoast SEO plugin v27.4 - https:\/\/yoast.com\/product\/yoast-seo-wordpress\/ -->\n<title>Vyl\u00e9zt - Camping Anderwald<\/title>\n<meta name=\"robots\" content=\"index, follow, max-snippet:-1, max-image-preview:large, max-video-preview:-1\" \/>\n<link rel=\"canonical\" href=\"https:\/\/www.campinganderwald.at\/cs\/tura-2\/\" \/>\n<meta property=\"og:locale\" content=\"cs_CZ\" \/>\n<meta property=\"og:type\" content=\"article\" \/>\n<meta property=\"og:title\" content=\"Vyl\u00e9zt - Camping Anderwald\" \/>\n<meta property=\"og:description\" content=\"Zam\u011b\u0159te se vysoko Vyl\u00e9zt M\u00edrn\u00e9 klima na ji\u017en\u00edm okraji Alp poskytuje ide\u00e1ln\u00ed podm\u00ednky pro lezen\u00ed u\u017e od dubna. N\u00e1\u0161 Kanzianiberg se st\u00e1le v\u00edce rozv\u00edj\u00ed jako m\u00edsto setk\u00e1v\u00e1n\u00ed v r\u00e1mci lezeck\u00e9 sc\u00e9ny. Nejv\u011bt\u0161\u00ed a nejpozoruhodn\u011bj\u0161\u00ed sportovn\u00ed lezeck\u00e1 zahrada na jihu Rakouska je jednou z nejlep\u0161\u00edch lezeck\u00fdch zahrad v Rakousku s v\u00edce ne\u017e 300 cestami a 400 [&hellip;]\" \/>\n<meta property=\"og:url\" content=\"https:\/\/www.campinganderwald.at\/cs\/tura-2\/\" \/>\n<meta property=\"og:site_name\" content=\"Camping Anderwald\" \/>\n<meta property=\"article:modified_time\" content=\"2023-01-18T16:37:45+00:00\" \/>\n<meta property=\"og:image\" content=\"https:\/\/www.campinganderwald.at\/wp-content\/uploads\/2022\/02\/57bf163fe722a_o-300x300.jpg\" \/>\n<meta name=\"twitter:card\" content=\"summary_large_image\" \/>\n<meta name=\"twitter:label1\" content=\"Odhadovan\u00e1 doba \u010dten\u00ed\" \/>\n\t<meta name=\"twitter:data1\" content=\"1 minuta\" \/>\n<script type=\"application\/ld+json\" class=\"yoast-schema-graph\">{\"@context\":\"https:\\\/\\\/schema.org\",\"@graph\":[{\"@type\":\"WebPage\",\"@id\":\"https:\\\/\\\/www.campinganderwald.at\\\/cs\\\/tura-2\\\/\",\"url\":\"https:\\\/\\\/www.campinganderwald.at\\\/cs\\\/tura-2\\\/\",\"name\":\"Vyl\u00e9zt - Camping Anderwald\",\"isPartOf\":{\"@id\":\"https:\\\/\\\/www.campinganderwald.at\\\/cs\\\/#website\"},\"primaryImageOfPage\":{\"@id\":\"https:\\\/\\\/www.campinganderwald.at\\\/cs\\\/tura-2\\\/#primaryimage\"},\"image\":{\"@id\":\"https:\\\/\\\/www.campinganderwald.at\\\/cs\\\/tura-2\\\/#primaryimage\"},\"thumbnailUrl\":\"https:\\\/\\\/www.campinganderwald.at\\\/wp-content\\\/uploads\\\/2022\\\/02\\\/57bf163fe722a_o-300x300.jpg\",\"datePublished\":\"2022-02-20T13:58:46+00:00\",\"dateModified\":\"2023-01-18T16:37:45+00:00\",\"breadcrumb\":{\"@id\":\"https:\\\/\\\/www.campinganderwald.at\\\/cs\\\/tura-2\\\/#breadcrumb\"},\"inLanguage\":\"cs\",\"potentialAction\":[{\"@type\":\"ReadAction\",\"target\":[\"https:\\\/\\\/www.campinganderwald.at\\\/cs\\\/tura-2\\\/\"]}]},{\"@type\":\"ImageObject\",\"inLanguage\":\"cs\",\"@id\":\"https:\\\/\\\/www.campinganderwald.at\\\/cs\\\/tura-2\\\/#primaryimage\",\"url\":\"https:\\\/\\\/www.campinganderwald.at\\\/wp-content\\\/uploads\\\/2022\\\/02\\\/57bf163fe722a_o-300x300.jpg\",\"contentUrl\":\"https:\\\/\\\/www.campinganderwald.at\\\/wp-content\\\/uploads\\\/2022\\\/02\\\/57bf163fe722a_o-300x300.jpg\"},{\"@type\":\"BreadcrumbList\",\"@id\":\"https:\\\/\\\/www.campinganderwald.at\\\/cs\\\/tura-2\\\/#breadcrumb\",\"itemListElement\":[{\"@type\":\"ListItem\",\"position\":1,\"name\":\"Startseite\",\"item\":\"https:\\\/\\\/www.campinganderwald.at\\\/cs\\\/\"},{\"@type\":\"ListItem\",\"position\":2,\"name\":\"Vyl\u00e9zt\"}]},{\"@type\":\"WebSite\",\"@id\":\"https:\\\/\\\/www.campinganderwald.at\\\/cs\\\/#website\",\"url\":\"https:\\\/\\\/www.campinganderwald.at\\\/cs\\\/\",\"name\":\"Camping Anderwald\",\"description\":\"Unser Campingplatz liegt direkt am Faaker See in K\u00e4rnten, eingebettet in die traumhafte Kulisse der das gesamte Gebiet umgebenden Karawanken. Der Faaker See ist nicht nur der s\u00fcdlichste Badesee K\u00e4rntens, er ist auch einer der...\",\"publisher\":{\"@id\":\"https:\\\/\\\/www.campinganderwald.at\\\/cs\\\/#organization\"},\"potentialAction\":[{\"@type\":\"SearchAction\",\"target\":{\"@type\":\"EntryPoint\",\"urlTemplate\":\"https:\\\/\\\/www.campinganderwald.at\\\/cs\\\/?s={search_term_string}\"},\"query-input\":{\"@type\":\"PropertyValueSpecification\",\"valueRequired\":true,\"valueName\":\"search_term_string\"}}],\"inLanguage\":\"cs\"},{\"@type\":\"Organization\",\"@id\":\"https:\\\/\\\/www.campinganderwald.at\\\/cs\\\/#organization\",\"name\":\"Camping Anderwald\",\"url\":\"https:\\\/\\\/www.campinganderwald.at\\\/cs\\\/\",\"logo\":{\"@type\":\"ImageObject\",\"inLanguage\":\"cs\",\"@id\":\"https:\\\/\\\/www.campinganderwald.at\\\/cs\\\/#\\\/schema\\\/logo\\\/image\\\/\",\"url\":\"https:\\\/\\\/www.campinganderwald.at\\\/wp-content\\\/uploads\\\/2022\\\/01\\\/campingAnderwald-logo.svg\",\"contentUrl\":\"https:\\\/\\\/www.campinganderwald.at\\\/wp-content\\\/uploads\\\/2022\\\/01\\\/campingAnderwald-logo.svg\",\"caption\":\"Camping Anderwald\"},\"image\":{\"@id\":\"https:\\\/\\\/www.campinganderwald.at\\\/cs\\\/#\\\/schema\\\/logo\\\/image\\\/\"}}]}<\/script>\n<!-- \/ Yoast SEO plugin. -->","yoast_head_json":{"title":"Vyl\u00e9zt - Camping Anderwald","robots":{"index":"index","follow":"follow","max-snippet":"max-snippet:-1","max-image-preview":"max-image-preview:large","max-video-preview":"max-video-preview:-1"},"canonical":"https:\/\/www.campinganderwald.at\/cs\/tura-2\/","og_locale":"cs_CZ","og_type":"article","og_title":"Vyl\u00e9zt - Camping Anderwald","og_description":"Zam\u011b\u0159te se vysoko Vyl\u00e9zt M\u00edrn\u00e9 klima na ji\u017en\u00edm okraji Alp poskytuje ide\u00e1ln\u00ed podm\u00ednky pro lezen\u00ed u\u017e od dubna. N\u00e1\u0161 Kanzianiberg se st\u00e1le v\u00edce rozv\u00edj\u00ed jako m\u00edsto setk\u00e1v\u00e1n\u00ed v r\u00e1mci lezeck\u00e9 sc\u00e9ny. Nejv\u011bt\u0161\u00ed a nejpozoruhodn\u011bj\u0161\u00ed sportovn\u00ed lezeck\u00e1 zahrada na jihu Rakouska je jednou z nejlep\u0161\u00edch lezeck\u00fdch zahrad v Rakousku s v\u00edce ne\u017e 300 cestami a 400 [&hellip;]","og_url":"https:\/\/www.campinganderwald.at\/cs\/tura-2\/","og_site_name":"Camping Anderwald","article_modified_time":"2023-01-18T16:37:45+00:00","og_image":[{"url":"https:\/\/www.campinganderwald.at\/wp-content\/uploads\/2022\/02\/57bf163fe722a_o-300x300.jpg","type":"","width":"","height":""}],"twitter_card":"summary_large_image","twitter_misc":{"Odhadovan\u00e1 doba \u010dten\u00ed":"1 minuta"},"schema":{"@context":"https:\/\/schema.org","@graph":[{"@type":"WebPage","@id":"https:\/\/www.campinganderwald.at\/cs\/tura-2\/","url":"https:\/\/www.campinganderwald.at\/cs\/tura-2\/","name":"Vyl\u00e9zt - Camping Anderwald","isPartOf":{"@id":"https:\/\/www.campinganderwald.at\/cs\/#website"},"primaryImageOfPage":{"@id":"https:\/\/www.campinganderwald.at\/cs\/tura-2\/#primaryimage"},"image":{"@id":"https:\/\/www.campinganderwald.at\/cs\/tura-2\/#primaryimage"},"thumbnailUrl":"https:\/\/www.campinganderwald.at\/wp-content\/uploads\/2022\/02\/57bf163fe722a_o-300x300.jpg","datePublished":"2022-02-20T13:58:46+00:00","dateModified":"2023-01-18T16:37:45+00:00","breadcrumb":{"@id":"https:\/\/www.campinganderwald.at\/cs\/tura-2\/#breadcrumb"},"inLanguage":"cs","potentialAction":[{"@type":"ReadAction","target":["https:\/\/www.campinganderwald.at\/cs\/tura-2\/"]}]},{"@type":"ImageObject","inLanguage":"cs","@id":"https:\/\/www.campinganderwald.at\/cs\/tura-2\/#primaryimage","url":"https:\/\/www.campinganderwald.at\/wp-content\/uploads\/2022\/02\/57bf163fe722a_o-300x300.jpg","contentUrl":"https:\/\/www.campinganderwald.at\/wp-content\/uploads\/2022\/02\/57bf163fe722a_o-300x300.jpg"},{"@type":"BreadcrumbList","@id":"https:\/\/www.campinganderwald.at\/cs\/tura-2\/#breadcrumb","itemListElement":[{"@type":"ListItem","position":1,"name":"Startseite","item":"https:\/\/www.campinganderwald.at\/cs\/"},{"@type":"ListItem","position":2,"name":"Vyl\u00e9zt"}]},{"@type":"WebSite","@id":"https:\/\/www.campinganderwald.at\/cs\/#website","url":"https:\/\/www.campinganderwald.at\/cs\/","name":"Camping Anderwald","description":"Unser Campingplatz liegt direkt am Faaker See in K\u00e4rnten, eingebettet in die traumhafte Kulisse der das gesamte Gebiet umgebenden Karawanken. Der Faaker See ist nicht nur der s\u00fcdlichste Badesee K\u00e4rntens, er ist auch einer der...","publisher":{"@id":"https:\/\/www.campinganderwald.at\/cs\/#organization"},"potentialAction":[{"@type":"SearchAction","target":{"@type":"EntryPoint","urlTemplate":"https:\/\/www.campinganderwald.at\/cs\/?s={search_term_string}"},"query-input":{"@type":"PropertyValueSpecification","valueRequired":true,"valueName":"search_term_string"}}],"inLanguage":"cs"},{"@type":"Organization","@id":"https:\/\/www.campinganderwald.at\/cs\/#organization","name":"Camping Anderwald","url":"https:\/\/www.campinganderwald.at\/cs\/","logo":{"@type":"ImageObject","inLanguage":"cs","@id":"https:\/\/www.campinganderwald.at\/cs\/#\/schema\/logo\/image\/","url":"https:\/\/www.campinganderwald.at\/wp-content\/uploads\/2022\/01\/campingAnderwald-logo.svg","contentUrl":"https:\/\/www.campinganderwald.at\/wp-content\/uploads\/2022\/01\/campingAnderwald-logo.svg","caption":"Camping Anderwald"},"image":{"@id":"https:\/\/www.campinganderwald.at\/cs\/#\/schema\/logo\/image\/"}}]}},"_links":{"self":[{"href":"https:\/\/www.campinganderwald.at\/cs\/wp-json\/wp\/v2\/pages\/4194","targetHints":{"allow":["GET"]}}],"collection":[{"href":"https:\/\/www.campinganderwald.at\/cs\/wp-json\/wp\/v2\/pages"}],"about":[{"href":"https:\/\/www.campinganderwald.at\/cs\/wp-json\/wp\/v2\/types\/page"}],"author":[{"embeddable":true,"href":"https:\/\/www.campinganderwald.at\/cs\/wp-json\/wp\/v2\/users\/2"}],"replies":[{"embeddable":true,"href":"https:\/\/www.campinganderwald.at\/cs\/wp-json\/wp\/v2\/comments?post=4194"}],"version-history":[{"count":0,"href":"https:\/\/www.campinganderwald.at\/cs\/wp-json\/wp\/v2\/pages\/4194\/revisions"}],"wp:attachment":[{"href":"https:\/\/www.campinganderwald.at\/cs\/wp-json\/wp\/v2\/media?parent=4194"}],"curies":[{"name":"wp","href":"https:\/\/api.w.org\/{rel}","templated":true}]}}