{"id":3430,"date":"2022-03-15T16:25:20","date_gmt":"2022-03-15T15:25:20","guid":{"rendered":"https:\/\/www.campinganderwald.at\/aftryk\/"},"modified":"2022-03-22T23:50:12","modified_gmt":"2022-03-22T22:50:12","slug":"aftryk","status":"publish","type":"page","link":"https:\/\/www.campinganderwald.at\/da\/aftryk\/","title":{"rendered":"aftryk"},"content":{"rendered":"\t\t<div data-elementor-type=\"wp-page\" data-elementor-id=\"3430\" class=\"elementor elementor-3430 elementor-1718\" data-elementor-post-type=\"page\">\n\t\t\t\t\t\t<section class=\"elementor-section elementor-top-section elementor-element elementor-element-55adf4d elementor-section-boxed elementor-section-height-default elementor-section-height-default qodef-elementor-content-no\" data-id=\"55adf4d\" data-element_type=\"section\" data-e-type=\"section\">\n\t\t\t\t\t\t<div class=\"elementor-container elementor-column-gap-default\">\n\t\t\t\t\t<div class=\"elementor-column elementor-col-100 elementor-top-column elementor-element elementor-element-fecc1fa\" data-id=\"fecc1fa\" data-element_type=\"column\" data-e-type=\"column\">\n\t\t\t<div class=\"elementor-widget-wrap elementor-element-populated\">\n\t\t\t\t\t\t<div class=\"elementor-element elementor-element-8d81fa7 elementor-widget elementor-widget-text-editor\" data-id=\"8d81fa7\" data-element_type=\"widget\" data-e-type=\"widget\" data-widget_type=\"text-editor.default\">\n\t\t\t\t<div class=\"elementor-widget-container\">\n\t\t\t\t\t\t\t\t\t<h3>Information og videregivelse i henhold til \u00a75, stk. 1, EKG, \u00a7 25 MedienG, \u00a7 63 GewO og \u00a7 14 UGB<\/h3><p><b>Hjemmesideoperat\u00f8r:<\/b> Strandcamping Anderwald GmbH<br>Handelsregisternummer <b>:<\/b> FN 363410b<br><b>Handelsregisteret:<\/b> Regionalretten i Klagenfurt<\/p><p><b>Adresse:<\/b> Strand Nord 4, 9583 Faak am See<\/p><p><b>Handelstilsynsmyndighed:<\/b> distriktsmyndigheden Villach-Land<\/p><p><b>Kontaktoplysninger:<\/b><br>Telefon: <a href=\"te:+4342542297\">+43 \/ 4254 \/ 2297<\/a><br>E-mail: <a href=\"mailto:office@campinganderwald.at\">office@campinganderwald.at<\/a><\/p><p><b>G\u00e6ldende lovgivning:<\/b> www.ris.bka.gv.at<\/p><p><b>Online tvistbil\u00e6ggelse:<\/b> Forbrugere, der er baseret i \u00d8strig eller i en anden kontraherende stat i ODR-VO, har mulighed for at l\u00f8se problemer vedr\u00f8rende k\u00f8b af varer eller tjenester inden for rammerne af en online tvistbil\u00e6ggelse (if\u00f8lge OS, AStG). Europa-Kommissionen tilbyder en platform for dette: https:\/\/ec.europa.eu\/consumers\/odr<\/p><p><b>Copyright:<\/b> S\u00e5 vidt dette er juridisk muligt, er indholdet af denne hjemmeside underlagt forskellige ejendomsrettigheder (f.eks. ophavsret). Enhver brug\/distribution af leveret materiale, som er forbudt i henhold til ophavsret, kr\u00e6ver skriftligt samtykke fra webstedets operat\u00f8r.<\/p><p><b>Ansvarsfraskrivelse:<\/b> P\u00e5 trods af omhyggelig kontrol med indholdet p\u00e5tager webstedsoperat\u00f8ren af denne hjemmeside sig intet ansvar for indholdet af eksterne links. Operat\u00f8rerne af de linkede sider er alene ansvarlige for deres indhold. Skulle du alligevel blive opm\u00e6rksom p\u00e5 udg\u00e5ende links, der henviser til en hjemmeside med ulovlig aktivitet\/information, anmoder vi dig om at informere os herom i henhold til \u00a7 17, stk. 2 EKG skal fjernes med det samme.<\/p><p>Tredjemands ophavsrettigheder overholdes af operat\u00f8ren af denne hjemmeside med den st\u00f8rste omhu. Skulle du alligevel blive opm\u00e6rksom p\u00e5 en kr\u00e6nkelse af ophavsretten, beder vi dig informere os herom. S\u00e5 snart vi bliver opm\u00e6rksomme p\u00e5 s\u00e5danne juridiske overtr\u00e6delser, fjerner vi det ber\u00f8rte indhold med det samme.<\/p><p>Kilde: <b><a href=\"https:\/\/fairesRecht.at\" target=\"_blank\" rel=\"noopener\">fairesRecht<\/a><\/b><\/p>\t\t\t\t\t\t\t\t<\/div>\n\t\t\t\t<\/div>\n\t\t\t\t\t<\/div>\n\t\t<\/div>\n\t\t\t\t\t<\/div>\n\t\t<\/section>\n\t\t\t\t<\/div>\n\t\t","protected":false},"excerpt":{"rendered":"<p>Information og videregivelse i henhold til \u00a75, stk. 1, EKG, \u00a7 25 MedienG, \u00a7 63 GewO og \u00a7 14 UGB Hjemmesideoperat\u00f8r: Strandcamping Anderwald GmbHHandelsregisternummer : FN 363410bHandelsregisteret: Regionalretten i Klagenfurt Adresse: Strand Nord 4, 9583 Faak am See Handelstilsynsmyndighed: distriktsmyndigheden Villach-Land Kontaktoplysninger:Telefon: +43 \/ 4254 \/ 2297E-mail: office@campinganderwald.at G\u00e6ldende lovgivning: www.ris.bka.gv.at Online tvistbil\u00e6ggelse: Forbrugere, der [&hellip;]<\/p>\n","protected":false},"author":2,"featured_media":0,"parent":0,"menu_order":0,"comment_status":"closed","ping_status":"closed","template":"","meta":{"footnotes":""},"class_list":["post-3430","page","type-page","status-publish","hentry"],"yoast_head":"<!-- This site is optimized with the Yoast SEO plugin v27.4 - https:\/\/yoast.com\/product\/yoast-seo-wordpress\/ -->\n<title>aftryk - Camping Anderwald<\/title>\n<meta name=\"robots\" content=\"index, follow, max-snippet:-1, max-image-preview:large, max-video-preview:-1\" \/>\n<link rel=\"canonical\" href=\"https:\/\/www.campinganderwald.at\/da\/aftryk\/\" \/>\n<meta property=\"og:locale\" content=\"da_DK\" \/>\n<meta property=\"og:type\" content=\"article\" \/>\n<meta property=\"og:title\" content=\"aftryk - Camping Anderwald\" \/>\n<meta property=\"og:description\" content=\"Information og videregivelse i henhold til \u00a75, stk. 1, EKG, \u00a7 25 MedienG, \u00a7 63 GewO og \u00a7 14 UGB Hjemmesideoperat\u00f8r: Strandcamping Anderwald GmbHHandelsregisternummer : FN 363410bHandelsregisteret: Regionalretten i Klagenfurt Adresse: Strand Nord 4, 9583 Faak am See Handelstilsynsmyndighed: distriktsmyndigheden Villach-Land Kontaktoplysninger:Telefon: +43 \/ 4254 \/ 2297E-mail: office@campinganderwald.at G\u00e6ldende lovgivning: www.ris.bka.gv.at Online tvistbil\u00e6ggelse: Forbrugere, der [&hellip;]\" \/>\n<meta property=\"og:url\" content=\"https:\/\/www.campinganderwald.at\/da\/aftryk\/\" \/>\n<meta property=\"og:site_name\" content=\"Camping Anderwald\" \/>\n<meta property=\"article:modified_time\" content=\"2022-03-22T22:50:12+00:00\" \/>\n<meta name=\"twitter:card\" content=\"summary_large_image\" \/>\n<meta name=\"twitter:label1\" content=\"Estimeret l\u00e6setid\" \/>\n\t<meta name=\"twitter:data1\" content=\"1 minut\" \/>\n<script type=\"application\/ld+json\" class=\"yoast-schema-graph\">{\"@context\":\"https:\\\/\\\/schema.org\",\"@graph\":[{\"@type\":\"WebPage\",\"@id\":\"https:\\\/\\\/www.campinganderwald.at\\\/da\\\/aftryk\\\/\",\"url\":\"https:\\\/\\\/www.campinganderwald.at\\\/da\\\/aftryk\\\/\",\"name\":\"aftryk - Camping Anderwald\",\"isPartOf\":{\"@id\":\"https:\\\/\\\/www.campinganderwald.at\\\/da\\\/#website\"},\"datePublished\":\"2022-03-15T15:25:20+00:00\",\"dateModified\":\"2022-03-22T22:50:12+00:00\",\"breadcrumb\":{\"@id\":\"https:\\\/\\\/www.campinganderwald.at\\\/da\\\/aftryk\\\/#breadcrumb\"},\"inLanguage\":\"da-DK\",\"potentialAction\":[{\"@type\":\"ReadAction\",\"target\":[\"https:\\\/\\\/www.campinganderwald.at\\\/da\\\/aftryk\\\/\"]}]},{\"@type\":\"BreadcrumbList\",\"@id\":\"https:\\\/\\\/www.campinganderwald.at\\\/da\\\/aftryk\\\/#breadcrumb\",\"itemListElement\":[{\"@type\":\"ListItem\",\"position\":1,\"name\":\"Startseite\",\"item\":\"https:\\\/\\\/www.campinganderwald.at\\\/da\\\/\"},{\"@type\":\"ListItem\",\"position\":2,\"name\":\"aftryk\"}]},{\"@type\":\"WebSite\",\"@id\":\"https:\\\/\\\/www.campinganderwald.at\\\/da\\\/#website\",\"url\":\"https:\\\/\\\/www.campinganderwald.at\\\/da\\\/\",\"name\":\"Camping Anderwald\",\"description\":\"Unser Campingplatz liegt direkt am Faaker See in K\u00e4rnten, eingebettet in die traumhafte Kulisse der das gesamte Gebiet umgebenden Karawanken. Der Faaker See ist nicht nur der s\u00fcdlichste Badesee K\u00e4rntens, er ist auch einer der...\",\"publisher\":{\"@id\":\"https:\\\/\\\/www.campinganderwald.at\\\/da\\\/#organization\"},\"potentialAction\":[{\"@type\":\"SearchAction\",\"target\":{\"@type\":\"EntryPoint\",\"urlTemplate\":\"https:\\\/\\\/www.campinganderwald.at\\\/da\\\/?s={search_term_string}\"},\"query-input\":{\"@type\":\"PropertyValueSpecification\",\"valueRequired\":true,\"valueName\":\"search_term_string\"}}],\"inLanguage\":\"da-DK\"},{\"@type\":\"Organization\",\"@id\":\"https:\\\/\\\/www.campinganderwald.at\\\/da\\\/#organization\",\"name\":\"Camping Anderwald\",\"url\":\"https:\\\/\\\/www.campinganderwald.at\\\/da\\\/\",\"logo\":{\"@type\":\"ImageObject\",\"inLanguage\":\"da-DK\",\"@id\":\"https:\\\/\\\/www.campinganderwald.at\\\/da\\\/#\\\/schema\\\/logo\\\/image\\\/\",\"url\":\"https:\\\/\\\/www.campinganderwald.at\\\/wp-content\\\/uploads\\\/2022\\\/01\\\/campingAnderwald-logo.svg\",\"contentUrl\":\"https:\\\/\\\/www.campinganderwald.at\\\/wp-content\\\/uploads\\\/2022\\\/01\\\/campingAnderwald-logo.svg\",\"caption\":\"Camping Anderwald\"},\"image\":{\"@id\":\"https:\\\/\\\/www.campinganderwald.at\\\/da\\\/#\\\/schema\\\/logo\\\/image\\\/\"}}]}<\/script>\n<!-- \/ Yoast SEO plugin. -->","yoast_head_json":{"title":"aftryk - Camping Anderwald","robots":{"index":"index","follow":"follow","max-snippet":"max-snippet:-1","max-image-preview":"max-image-preview:large","max-video-preview":"max-video-preview:-1"},"canonical":"https:\/\/www.campinganderwald.at\/da\/aftryk\/","og_locale":"da_DK","og_type":"article","og_title":"aftryk - Camping Anderwald","og_description":"Information og videregivelse i henhold til \u00a75, stk. 1, EKG, \u00a7 25 MedienG, \u00a7 63 GewO og \u00a7 14 UGB Hjemmesideoperat\u00f8r: Strandcamping Anderwald GmbHHandelsregisternummer : FN 363410bHandelsregisteret: Regionalretten i Klagenfurt Adresse: Strand Nord 4, 9583 Faak am See Handelstilsynsmyndighed: distriktsmyndigheden Villach-Land Kontaktoplysninger:Telefon: +43 \/ 4254 \/ 2297E-mail: office@campinganderwald.at G\u00e6ldende lovgivning: www.ris.bka.gv.at Online tvistbil\u00e6ggelse: Forbrugere, der [&hellip;]","og_url":"https:\/\/www.campinganderwald.at\/da\/aftryk\/","og_site_name":"Camping Anderwald","article_modified_time":"2022-03-22T22:50:12+00:00","twitter_card":"summary_large_image","twitter_misc":{"Estimeret l\u00e6setid":"1 minut"},"schema":{"@context":"https:\/\/schema.org","@graph":[{"@type":"WebPage","@id":"https:\/\/www.campinganderwald.at\/da\/aftryk\/","url":"https:\/\/www.campinganderwald.at\/da\/aftryk\/","name":"aftryk - Camping Anderwald","isPartOf":{"@id":"https:\/\/www.campinganderwald.at\/da\/#website"},"datePublished":"2022-03-15T15:25:20+00:00","dateModified":"2022-03-22T22:50:12+00:00","breadcrumb":{"@id":"https:\/\/www.campinganderwald.at\/da\/aftryk\/#breadcrumb"},"inLanguage":"da-DK","potentialAction":[{"@type":"ReadAction","target":["https:\/\/www.campinganderwald.at\/da\/aftryk\/"]}]},{"@type":"BreadcrumbList","@id":"https:\/\/www.campinganderwald.at\/da\/aftryk\/#breadcrumb","itemListElement":[{"@type":"ListItem","position":1,"name":"Startseite","item":"https:\/\/www.campinganderwald.at\/da\/"},{"@type":"ListItem","position":2,"name":"aftryk"}]},{"@type":"WebSite","@id":"https:\/\/www.campinganderwald.at\/da\/#website","url":"https:\/\/www.campinganderwald.at\/da\/","name":"Camping Anderwald","description":"Unser Campingplatz liegt direkt am Faaker See in K\u00e4rnten, eingebettet in die traumhafte Kulisse der das gesamte Gebiet umgebenden Karawanken. Der Faaker See ist nicht nur der s\u00fcdlichste Badesee K\u00e4rntens, er ist auch einer der...","publisher":{"@id":"https:\/\/www.campinganderwald.at\/da\/#organization"},"potentialAction":[{"@type":"SearchAction","target":{"@type":"EntryPoint","urlTemplate":"https:\/\/www.campinganderwald.at\/da\/?s={search_term_string}"},"query-input":{"@type":"PropertyValueSpecification","valueRequired":true,"valueName":"search_term_string"}}],"inLanguage":"da-DK"},{"@type":"Organization","@id":"https:\/\/www.campinganderwald.at\/da\/#organization","name":"Camping Anderwald","url":"https:\/\/www.campinganderwald.at\/da\/","logo":{"@type":"ImageObject","inLanguage":"da-DK","@id":"https:\/\/www.campinganderwald.at\/da\/#\/schema\/logo\/image\/","url":"https:\/\/www.campinganderwald.at\/wp-content\/uploads\/2022\/01\/campingAnderwald-logo.svg","contentUrl":"https:\/\/www.campinganderwald.at\/wp-content\/uploads\/2022\/01\/campingAnderwald-logo.svg","caption":"Camping Anderwald"},"image":{"@id":"https:\/\/www.campinganderwald.at\/da\/#\/schema\/logo\/image\/"}}]}},"_links":{"self":[{"href":"https:\/\/www.campinganderwald.at\/da\/wp-json\/wp\/v2\/pages\/3430","targetHints":{"allow":["GET"]}}],"collection":[{"href":"https:\/\/www.campinganderwald.at\/da\/wp-json\/wp\/v2\/pages"}],"about":[{"href":"https:\/\/www.campinganderwald.at\/da\/wp-json\/wp\/v2\/types\/page"}],"author":[{"embeddable":true,"href":"https:\/\/www.campinganderwald.at\/da\/wp-json\/wp\/v2\/users\/2"}],"replies":[{"embeddable":true,"href":"https:\/\/www.campinganderwald.at\/da\/wp-json\/wp\/v2\/comments?post=3430"}],"version-history":[{"count":0,"href":"https:\/\/www.campinganderwald.at\/da\/wp-json\/wp\/v2\/pages\/3430\/revisions"}],"wp:attachment":[{"href":"https:\/\/www.campinganderwald.at\/da\/wp-json\/wp\/v2\/media?parent=3430"}],"curies":[{"name":"wp","href":"https:\/\/api.w.org\/{rel}","templated":true}]}}