{"id":3485,"date":"2022-03-15T16:32:13","date_gmt":"2022-03-15T15:32:13","guid":{"rendered":"https:\/\/www.campinganderwald.at\/privatliv\/"},"modified":"2022-03-17T21:35:58","modified_gmt":"2022-03-17T20:35:58","slug":"privatliv","status":"publish","type":"page","link":"https:\/\/www.campinganderwald.at\/da\/privatliv\/","title":{"rendered":"privatliv"},"content":{"rendered":"\t\t<div data-elementor-type=\"wp-page\" data-elementor-id=\"3485\" class=\"elementor elementor-3485 elementor-1723\" data-elementor-post-type=\"page\">\n\t\t\t\t\t\t<section class=\"elementor-section elementor-top-section elementor-element elementor-element-3c6f68a elementor-section-boxed elementor-section-height-default elementor-section-height-default qodef-elementor-content-no\" data-id=\"3c6f68a\" data-element_type=\"section\" data-e-type=\"section\">\n\t\t\t\t\t\t<div class=\"elementor-container elementor-column-gap-default\">\n\t\t\t\t\t<div class=\"elementor-column elementor-col-100 elementor-top-column elementor-element elementor-element-2a5dc37\" data-id=\"2a5dc37\" data-element_type=\"column\" data-e-type=\"column\">\n\t\t\t<div class=\"elementor-widget-wrap elementor-element-populated\">\n\t\t\t\t\t\t<div class=\"elementor-element elementor-element-eb1219b elementor-widget elementor-widget-text-editor\" data-id=\"eb1219b\" data-element_type=\"widget\" data-e-type=\"widget\" data-widget_type=\"text-editor.default\">\n\t\t\t\t<div class=\"elementor-widget-container\">\n\t\t\t\t\t\t\t\t\t<p>Data beskyttelse<br><br>Beskyttelsen af dine personoplysninger er s\u00e6rlig vigtig for os. Vi behandler derfor udelukkende dine data p\u00e5 grundlag af lovbestemmelserne (GDPR, TKG 2003). I denne databeskyttelsesinformation informerer vi dig om de vigtigste aspekter af databehandling inden for rammerne af vores hjemmeside.<br><br>Vores hjemmeside kan normalt bruges uden at give nogen personlige data. For s\u00e5 vidt der indsamles persondata (fx navn, adresse eller e-mailadresser) p\u00e5 vores hjemmeside, sker dette altid p\u00e5 frivillig basis s\u00e5 vidt muligt. Disse data videregives ikke til tredjemand uden dit udtrykkelige samtykke.<br><br>Vi vil gerne g\u00f8re opm\u00e6rksom p\u00e5, at datatransmission p\u00e5 internettet (f.eks. ved kommunikation via e-mail) kan have sikkerhedshuller. En fuldst\u00e6ndig beskyttelse af dataene mod adgang fra tredjeparter er ikke mulig.<br><br>Brugen af kontaktdata offentliggjort som en del af aftryksforpligtelsen af tredjemand med det form\u00e5l at sende uopfordret reklame- og informationsmateriale er hermed udtrykkeligt forbudt. Webstedets operat\u00f8rer forbeholder sig udtrykkeligt retten til at tage retslige skridt i tilf\u00e6lde af, at der sendes uopfordret reklame, s\u00e5som spam-e-mails.<br><br><br><br>kontakt med os<br><br>Hvis du kontakter os ved hj\u00e6lp af formularen p\u00e5 hjemmesiden eller via e-mail, vil de data, du afgiver, blive opbevaret hos os i seks m\u00e5neder med henblik p\u00e5 behandling af anmodningen og i tilf\u00e6lde af opf\u00f8lgende sp\u00f8rgsm\u00e5l. Vi videregiver ikke disse data uden dit samtykke.<br><br><br><br>Brug af Google Analytics<br><br>Denne hjemmeside bruger Google Analytics, en webanalysetjeneste leveret af Google Inc. (&#8220;Google&#8221;). Google Analytics bruger s\u00e5kaldte &#8220;cookies&#8221;, tekstfiler, der gemmes p\u00e5 din computer og muligg\u00f8r en analyse af din brug af hjemmesiden. De oplysninger, der genereres af cookien om din brug af denne hjemmeside, overf\u00f8res normalt til en Google-server i USA og gemmes der.<br>Men p\u00e5 grund af aktiveringen af IP-anonymisering p\u00e5 denne hjemmeside, vil din IP-adresse blive forkortet p\u00e5 forh\u00e5nd af Google inden for EU-medlemsstater eller i andre kontraherende stater i aftalen om Det Europ\u00e6iske \u00d8konomiske Samarbejdsomr\u00e5de. Kun i undtagelsestilf\u00e6lde vil den fulde IP-adresse blive sendt til en Google-server i USA og forkortet der.<br><br>P\u00e5 vegne af operat\u00f8ren af dette websted vil Google bruge disse oplysninger til at evaluere din brug af webstedet, til at udarbejde rapporter om webstedsaktivitet og til at levere andre tjenester relateret til webstedsaktivitet og internetbrug til webstedsoperat\u00f8ren. Den IP-adresse, der overf\u00f8res af din browser som en del af Google Analytics, vil ikke blive flettet sammen med andre Google-data.<br><br>Du kan forhindre lagring af cookies ved at indstille din browsersoftware i overensstemmelse hermed; Vi vil dog gerne g\u00f8re dig opm\u00e6rksom p\u00e5, at du i dette tilf\u00e6lde, hvis det er relevant, ikke vil v\u00e6re i stand til at bruge alle funktioner p\u00e5 denne hjemmeside fuldt ud.<br>Du kan ogs\u00e5 forhindre Google i at indsamle de data, der genereres af cookien og relateret til din brug af webstedet (inklusive din IP-adresse) og i at behandle disse data af Google ved at downloade browser-plugin&#8217;et, der er tilg\u00e6ngeligt under f\u00f8lgende link, og installere <a class=\"intext ext\" href=\"http:\/\/tools.google.com\/dlpage\/gaoptout?hl=de\" target=\"_blank\" rel=\"noopener\">http: \/\/tools.google.com\/dlpage\/gaoptout?hl=de<\/a><br><br><br><br>Du kan finde mere information om vilk\u00e5rene for brug og databeskyttelse under Google Analytics betingelser eller under Google Analytics oversigt. Vi vil gerne p\u00e5pege, at Google Analytics p\u00e5 denne hjemmeside er blevet udvidet med koden &#8220;gat._anonymizeIp();&#8221; blev udvidet for at sikre anonym indsamling af IP-adresser (s\u00e5kaldt IP-maskering).<br><br>Databehandling sker p\u00e5 grundlag af lovbestemmelserne i \u00a7 96, stk. 3, TKG og \u00a7 6, stk. 1, litra a (samtykke) og\/eller (legitim interesse) i GDPR.<br><br>Vores bekymring i henhold til GDPR (legitim interesse) er forbedringen af vores tilbud og vores hjemmeside.<br><br><br><br>Google kort<br>Denne hjemmeside bruger Google Maps-produktet fra Google Inc. Ved at bruge denne hjemmeside accepterer du indsamling, behandling og brug af de automatisk indsamlede data af Google Inc., dets repr\u00e6sentanter og tredjeparter.<br>Google Maps vilk\u00e5r for brug kan findes under &#8220;Google Maps vilk\u00e5r for brug&#8221;.<br><br><br><br><br><br>cookies<br><br>Cookies er tekstfiler, der automatisk gemmes lokalt i den bes\u00f8gendes browser, n\u00e5r en hjemmeside kaldes op. Denne hjemmeside bruger cookies for at g\u00f8re tilbuddet mere brugervenligt og funktionelt. Takket v\u00e6re disse filer er det for eksempel muligt at vise information skr\u00e6ddersyet til individuelle interesser p\u00e5 en side. Sikkerhedsrelaterede funktioner til at beskytte dit privatliv er ogs\u00e5 muliggjort ved brug af cookies. Det eneste form\u00e5l er derfor at tilpasse vores tilbud til dine kundebehov bedst muligt og at g\u00f8re brugen af siden s\u00e5 behagelig som muligt. Med anvendelsen af GDPR 2018 er webmastere forpligtet til at overholde den grundl\u00e6ggende forordning offentliggjort p\u00e5 <a class=\"intext ext\" href=\"https:\/\/eu-datenschutz.org\/\" target=\"_blank\" rel=\"noopener\">https:\/\/eu-datenschutz.org\/<\/a> og til at informere deres brugere i overensstemmelse hermed om indsamling og evaluering af data. Lovligheden af behandlingen er baseret p\u00e5 kapitel 2, artikel 6 i GDPR.<br><br><br><br>Sociale plugins<br>Denne hjemmeside bruger sociale plugins (plugins) fra forskellige sociale netv\u00e6rk s\u00e5som &#8220;facebook.com&#8221; eller &#8220;Xing&#8221;. Disse plugins kan genkendes p\u00e5 deres respektive logoer.<br><br>Hvis du kalder p\u00e5 et websted p\u00e5 vores websted med de tilsvarende sociale plugins, etablerer din browser en direkte forbindelse til serverne hos den respektive logooperat\u00f8r (f.eks. facebook.com eller twitter.com). Indholdet af plugin&#8217;et overf\u00f8res direkte til din browser af tjenesteudbyderen og integreres i webstedet af udbyderen. Bem\u00e6rk venligst, at Facebook, Twitter og Yahoos databehandling foreg\u00e5r uden for EU. Desuden har vi ingen indflydelse p\u00e5 omfanget af de data, der indsamles ved brug af sociale plugins og informerer dig derfor i henhold til vores viden:<br><br>Ved at integrere sociale plugins modtager udbyderne information om, at du har tilg\u00e5et den tilsvarende hjemmeside p\u00e5 vores hjemmeside. Hvis du er logget ind p\u00e5 en tjeneste som Facebook, Twitter eller andre, kan denne udbyder tildele bes\u00f8get til din konto. Hvis du interagerer med plugin&#8217;et, for eksempel trykker p\u00e5 Facebook &#8220;Synes godt om&#8221;-knappen eller efterlader en kommentar, overf\u00f8res de relevante oplysninger direkte fra din browser til den respektive tjenesteudbyder og gemmes der. Hvis du ikke er medlem af et socialt netv\u00e6rk, er der stadig mulighed for, at udbyderen finder ud af og gemmer din IP-adresse. Form\u00e5let med og omfanget af dataindsamlingen gennem tjenesteudbyderens videre behandling og brug af dataene og dine rettigheder i denne henseende kan findes i den respektive databeskyttelseserkl\u00e6ring:<br><br><br><br><a class=\"intext ext\" href=\"http:\/\/www.facebook.com\/policy.php\" target=\"_blank\" rel=\"noopener\">http:\/\/www.facebook.com\/policy.php<\/a><br><a class=\"intext ext\" href=\"https:\/\/www.xing.com\/privacy\" target=\"_blank\" rel=\"noopener\">https:\/\/www.xing.com\/privacy<\/a><br><br><a class=\"intext ext\" href=\"https:\/\/wordpress.org\/about\/privacy\/\" target=\"_blank\" rel=\"noopener\">https:\/\/wordpress.org\/about\/privacy\/<\/a><br><br><a class=\"intext ext\" href=\"https:\/\/policies.google.com\/privacy\" target=\"_blank\" rel=\"noopener\">https:\/\/policies.google.com\/privacy<\/a><br><br><br><br>Du kan forhindre integrationen af sociale plug-ins, men ogs\u00e5 brugen af software til hjemmesideanalyse ved at bruge passende software &#8211; s\u00e5som programmet &#8220;Ghostery&#8221;.<br><br><br><br>Venstre<br>Denne hjemmeside indeholder links til andre sider. Bem\u00e6rk venligst, at Strandcamping Anderwald Gmbh. p\u00e5tager sig intet ansvar for den databeskyttelse, der praktiseres p\u00e5 andre websteder, og det indhold, der offentligg\u00f8res der.<br><br><br>Dine rettigheder<br><br>Som udgangspunkt har du ret til information, rettelse, sletning, begr\u00e6nsning, dataoverf\u00f8rsel, tilbagekaldelse og indsigelse. Hvis du mener, at behandlingen af dine data er i strid med databeskyttelsesloven, eller dine databeskyttelsesrettigheder p\u00e5 anden m\u00e5de er blevet kr\u00e6nket p\u00e5 nogen m\u00e5de, kan du klage til tilsynsmyndigheden. I \u00d8strig er dette den \u00f8strigske databeskyttelsesmyndighed (DSB), Wickenburggasse 8-10, 1080 Wien.<br><br><br><br>Vi beder dig dog om at kontakte os med det samme som et f\u00f8rste skridt, s\u00e5 vi sammen kan l\u00f8se problemet med det samme.<br><br>I dette tilf\u00e6lde bedes du kontakte: <a class=\"intext mail\" href=\"https:\/\/www.campinganderwald.at\/de\/datenschutz\/#\">datenschutz@campinganderwald.at<\/a><br><br><br><br><br><br>Du kan ogs\u00e5 kontakte os ved at bruge f\u00f8lgende kontaktoplysninger:<br><br>Strandcamping Anderwald GmbH<br><br>ATA 66 50 16 35<br><br>Strand Nord 4<br><br>9583 Faak am See<br><br>M. 0043 650 9933 093<br><br>F. 0043 4254 2297<br><br>M. <a class=\"intext mail\" href=\"https:\/\/www.campinganderwald.at\/de\/datenschutz\/#\">office@campinganderwald.at<\/a><br><br><br><br>Status: 04\/2018<\/p>\t\t\t\t\t\t\t\t<\/div>\n\t\t\t\t<\/div>\n\t\t\t\t\t<\/div>\n\t\t<\/div>\n\t\t\t\t\t<\/div>\n\t\t<\/section>\n\t\t\t\t<\/div>\n\t\t","protected":false},"excerpt":{"rendered":"<p>Data beskyttelse Beskyttelsen af dine personoplysninger er s\u00e6rlig vigtig for os. Vi behandler derfor udelukkende dine data p\u00e5 grundlag af lovbestemmelserne (GDPR, TKG 2003). I denne databeskyttelsesinformation informerer vi dig om de vigtigste aspekter af databehandling inden for rammerne af vores hjemmeside. Vores hjemmeside kan normalt bruges uden at give nogen personlige data. For s\u00e5 [&hellip;]<\/p>\n","protected":false},"author":2,"featured_media":0,"parent":0,"menu_order":0,"comment_status":"closed","ping_status":"closed","template":"","meta":{"footnotes":""},"class_list":["post-3485","page","type-page","status-publish","hentry"],"yoast_head":"<!-- This site is optimized with the Yoast SEO plugin v27.4 - https:\/\/yoast.com\/product\/yoast-seo-wordpress\/ -->\n<title>privatliv - Camping Anderwald<\/title>\n<meta name=\"robots\" content=\"index, follow, max-snippet:-1, max-image-preview:large, max-video-preview:-1\" \/>\n<link rel=\"canonical\" href=\"https:\/\/www.campinganderwald.at\/da\/privatliv\/\" \/>\n<meta property=\"og:locale\" content=\"da_DK\" \/>\n<meta property=\"og:type\" content=\"article\" \/>\n<meta property=\"og:title\" content=\"privatliv - Camping Anderwald\" \/>\n<meta property=\"og:description\" content=\"Data beskyttelse Beskyttelsen af dine personoplysninger er s\u00e6rlig vigtig for os. Vi behandler derfor udelukkende dine data p\u00e5 grundlag af lovbestemmelserne (GDPR, TKG 2003). I denne databeskyttelsesinformation informerer vi dig om de vigtigste aspekter af databehandling inden for rammerne af vores hjemmeside. Vores hjemmeside kan normalt bruges uden at give nogen personlige data. For s\u00e5 [&hellip;]\" \/>\n<meta property=\"og:url\" content=\"https:\/\/www.campinganderwald.at\/da\/privatliv\/\" \/>\n<meta property=\"og:site_name\" content=\"Camping Anderwald\" \/>\n<meta property=\"article:modified_time\" content=\"2022-03-17T20:35:58+00:00\" \/>\n<meta name=\"twitter:card\" content=\"summary_large_image\" \/>\n<meta name=\"twitter:label1\" content=\"Estimeret l\u00e6setid\" \/>\n\t<meta name=\"twitter:data1\" content=\"6 minutter\" \/>\n<script type=\"application\/ld+json\" class=\"yoast-schema-graph\">{\"@context\":\"https:\\\/\\\/schema.org\",\"@graph\":[{\"@type\":\"WebPage\",\"@id\":\"https:\\\/\\\/www.campinganderwald.at\\\/da\\\/privatliv\\\/\",\"url\":\"https:\\\/\\\/www.campinganderwald.at\\\/da\\\/privatliv\\\/\",\"name\":\"privatliv - Camping Anderwald\",\"isPartOf\":{\"@id\":\"https:\\\/\\\/www.campinganderwald.at\\\/da\\\/#website\"},\"datePublished\":\"2022-03-15T15:32:13+00:00\",\"dateModified\":\"2022-03-17T20:35:58+00:00\",\"breadcrumb\":{\"@id\":\"https:\\\/\\\/www.campinganderwald.at\\\/da\\\/privatliv\\\/#breadcrumb\"},\"inLanguage\":\"da-DK\",\"potentialAction\":[{\"@type\":\"ReadAction\",\"target\":[\"https:\\\/\\\/www.campinganderwald.at\\\/da\\\/privatliv\\\/\"]}]},{\"@type\":\"BreadcrumbList\",\"@id\":\"https:\\\/\\\/www.campinganderwald.at\\\/da\\\/privatliv\\\/#breadcrumb\",\"itemListElement\":[{\"@type\":\"ListItem\",\"position\":1,\"name\":\"Startseite\",\"item\":\"https:\\\/\\\/www.campinganderwald.at\\\/da\\\/\"},{\"@type\":\"ListItem\",\"position\":2,\"name\":\"privatliv\"}]},{\"@type\":\"WebSite\",\"@id\":\"https:\\\/\\\/www.campinganderwald.at\\\/da\\\/#website\",\"url\":\"https:\\\/\\\/www.campinganderwald.at\\\/da\\\/\",\"name\":\"Camping Anderwald\",\"description\":\"Unser Campingplatz liegt direkt am Faaker See in K\u00e4rnten, eingebettet in die traumhafte Kulisse der das gesamte Gebiet umgebenden Karawanken. Der Faaker See ist nicht nur der s\u00fcdlichste Badesee K\u00e4rntens, er ist auch einer der...\",\"publisher\":{\"@id\":\"https:\\\/\\\/www.campinganderwald.at\\\/da\\\/#organization\"},\"potentialAction\":[{\"@type\":\"SearchAction\",\"target\":{\"@type\":\"EntryPoint\",\"urlTemplate\":\"https:\\\/\\\/www.campinganderwald.at\\\/da\\\/?s={search_term_string}\"},\"query-input\":{\"@type\":\"PropertyValueSpecification\",\"valueRequired\":true,\"valueName\":\"search_term_string\"}}],\"inLanguage\":\"da-DK\"},{\"@type\":\"Organization\",\"@id\":\"https:\\\/\\\/www.campinganderwald.at\\\/da\\\/#organization\",\"name\":\"Camping Anderwald\",\"url\":\"https:\\\/\\\/www.campinganderwald.at\\\/da\\\/\",\"logo\":{\"@type\":\"ImageObject\",\"inLanguage\":\"da-DK\",\"@id\":\"https:\\\/\\\/www.campinganderwald.at\\\/da\\\/#\\\/schema\\\/logo\\\/image\\\/\",\"url\":\"https:\\\/\\\/www.campinganderwald.at\\\/wp-content\\\/uploads\\\/2022\\\/01\\\/campingAnderwald-logo.svg\",\"contentUrl\":\"https:\\\/\\\/www.campinganderwald.at\\\/wp-content\\\/uploads\\\/2022\\\/01\\\/campingAnderwald-logo.svg\",\"caption\":\"Camping Anderwald\"},\"image\":{\"@id\":\"https:\\\/\\\/www.campinganderwald.at\\\/da\\\/#\\\/schema\\\/logo\\\/image\\\/\"}}]}<\/script>\n<!-- \/ Yoast SEO plugin. -->","yoast_head_json":{"title":"privatliv - Camping Anderwald","robots":{"index":"index","follow":"follow","max-snippet":"max-snippet:-1","max-image-preview":"max-image-preview:large","max-video-preview":"max-video-preview:-1"},"canonical":"https:\/\/www.campinganderwald.at\/da\/privatliv\/","og_locale":"da_DK","og_type":"article","og_title":"privatliv - Camping Anderwald","og_description":"Data beskyttelse Beskyttelsen af dine personoplysninger er s\u00e6rlig vigtig for os. Vi behandler derfor udelukkende dine data p\u00e5 grundlag af lovbestemmelserne (GDPR, TKG 2003). I denne databeskyttelsesinformation informerer vi dig om de vigtigste aspekter af databehandling inden for rammerne af vores hjemmeside. Vores hjemmeside kan normalt bruges uden at give nogen personlige data. For s\u00e5 [&hellip;]","og_url":"https:\/\/www.campinganderwald.at\/da\/privatliv\/","og_site_name":"Camping Anderwald","article_modified_time":"2022-03-17T20:35:58+00:00","twitter_card":"summary_large_image","twitter_misc":{"Estimeret l\u00e6setid":"6 minutter"},"schema":{"@context":"https:\/\/schema.org","@graph":[{"@type":"WebPage","@id":"https:\/\/www.campinganderwald.at\/da\/privatliv\/","url":"https:\/\/www.campinganderwald.at\/da\/privatliv\/","name":"privatliv - Camping Anderwald","isPartOf":{"@id":"https:\/\/www.campinganderwald.at\/da\/#website"},"datePublished":"2022-03-15T15:32:13+00:00","dateModified":"2022-03-17T20:35:58+00:00","breadcrumb":{"@id":"https:\/\/www.campinganderwald.at\/da\/privatliv\/#breadcrumb"},"inLanguage":"da-DK","potentialAction":[{"@type":"ReadAction","target":["https:\/\/www.campinganderwald.at\/da\/privatliv\/"]}]},{"@type":"BreadcrumbList","@id":"https:\/\/www.campinganderwald.at\/da\/privatliv\/#breadcrumb","itemListElement":[{"@type":"ListItem","position":1,"name":"Startseite","item":"https:\/\/www.campinganderwald.at\/da\/"},{"@type":"ListItem","position":2,"name":"privatliv"}]},{"@type":"WebSite","@id":"https:\/\/www.campinganderwald.at\/da\/#website","url":"https:\/\/www.campinganderwald.at\/da\/","name":"Camping Anderwald","description":"Unser Campingplatz liegt direkt am Faaker See in K\u00e4rnten, eingebettet in die traumhafte Kulisse der das gesamte Gebiet umgebenden Karawanken. Der Faaker See ist nicht nur der s\u00fcdlichste Badesee K\u00e4rntens, er ist auch einer der...","publisher":{"@id":"https:\/\/www.campinganderwald.at\/da\/#organization"},"potentialAction":[{"@type":"SearchAction","target":{"@type":"EntryPoint","urlTemplate":"https:\/\/www.campinganderwald.at\/da\/?s={search_term_string}"},"query-input":{"@type":"PropertyValueSpecification","valueRequired":true,"valueName":"search_term_string"}}],"inLanguage":"da-DK"},{"@type":"Organization","@id":"https:\/\/www.campinganderwald.at\/da\/#organization","name":"Camping Anderwald","url":"https:\/\/www.campinganderwald.at\/da\/","logo":{"@type":"ImageObject","inLanguage":"da-DK","@id":"https:\/\/www.campinganderwald.at\/da\/#\/schema\/logo\/image\/","url":"https:\/\/www.campinganderwald.at\/wp-content\/uploads\/2022\/01\/campingAnderwald-logo.svg","contentUrl":"https:\/\/www.campinganderwald.at\/wp-content\/uploads\/2022\/01\/campingAnderwald-logo.svg","caption":"Camping Anderwald"},"image":{"@id":"https:\/\/www.campinganderwald.at\/da\/#\/schema\/logo\/image\/"}}]}},"_links":{"self":[{"href":"https:\/\/www.campinganderwald.at\/da\/wp-json\/wp\/v2\/pages\/3485","targetHints":{"allow":["GET"]}}],"collection":[{"href":"https:\/\/www.campinganderwald.at\/da\/wp-json\/wp\/v2\/pages"}],"about":[{"href":"https:\/\/www.campinganderwald.at\/da\/wp-json\/wp\/v2\/types\/page"}],"author":[{"embeddable":true,"href":"https:\/\/www.campinganderwald.at\/da\/wp-json\/wp\/v2\/users\/2"}],"replies":[{"embeddable":true,"href":"https:\/\/www.campinganderwald.at\/da\/wp-json\/wp\/v2\/comments?post=3485"}],"version-history":[{"count":0,"href":"https:\/\/www.campinganderwald.at\/da\/wp-json\/wp\/v2\/pages\/3485\/revisions"}],"wp:attachment":[{"href":"https:\/\/www.campinganderwald.at\/da\/wp-json\/wp\/v2\/media?parent=3485"}],"curies":[{"name":"wp","href":"https:\/\/api.w.org\/{rel}","templated":true}]}}