{"id":12712,"date":"2024-07-18T00:37:08","date_gmt":"2024-07-17T23:37:08","guid":{"rendered":"https:\/\/www.campinganderwald.at\/?page_id=12712"},"modified":"2024-07-18T00:44:09","modified_gmt":"2024-07-17T23:44:09","slug":"badeordnung","status":"publish","type":"page","link":"https:\/\/www.campinganderwald.at\/de\/badeordnung\/","title":{"rendered":"Badeordnung"},"content":{"rendered":"\t\t<div data-elementor-type=\"wp-page\" data-elementor-id=\"12712\" class=\"elementor elementor-12712\" data-elementor-post-type=\"page\">\n\t\t\t\t\t\t<section class=\"elementor-section elementor-top-section elementor-element elementor-element-ed5d843 elementor-section-boxed elementor-section-height-default elementor-section-height-default qodef-elementor-content-no\" data-id=\"ed5d843\" data-element_type=\"section\" data-e-type=\"section\">\n\t\t\t\t\t\t<div class=\"elementor-container elementor-column-gap-default\">\n\t\t\t\t\t<div class=\"elementor-column elementor-col-100 elementor-top-column elementor-element elementor-element-b142fe4\" data-id=\"b142fe4\" data-element_type=\"column\" data-e-type=\"column\">\n\t\t\t<div class=\"elementor-widget-wrap\">\n\t\t\t\t\t\t\t<\/div>\n\t\t<\/div>\n\t\t\t\t\t<\/div>\n\t\t<\/section>\n\t\t\t\t<section class=\"elementor-section elementor-top-section elementor-element elementor-element-0383aae elementor-section-boxed elementor-section-height-default elementor-section-height-default qodef-elementor-content-no\" data-id=\"0383aae\" data-element_type=\"section\" data-e-type=\"section\">\n\t\t\t\t\t\t<div class=\"elementor-container elementor-column-gap-default\">\n\t\t\t\t\t<div class=\"elementor-column elementor-col-50 elementor-top-column elementor-element elementor-element-00479e8\" data-id=\"00479e8\" data-element_type=\"column\" data-e-type=\"column\">\n\t\t\t<div class=\"elementor-widget-wrap elementor-element-populated\">\n\t\t\t\t\t\t<div class=\"elementor-element elementor-element-c1553c2 elementor-widget elementor-widget-qi_addons_for_elementor_section_title\" data-id=\"c1553c2\" data-element_type=\"widget\" data-e-type=\"widget\" data-widget_type=\"qi_addons_for_elementor_section_title.default\">\n\t\t\t\t<div class=\"elementor-widget-container\">\n\t\t\t\t\t<div class=\"qodef-shortcode qodef-m qodef-qi-section-title qodef-decoration--italic qodef-link--underline-draw qodef-subtitle-icon--left\">\n\t\t\t\t<h5 class=\"qodef-m-subtitle\">\n\t\tAchtung\t\t\t<\/h5>\n\t\t\t<h2 class=\"qodef-m-title\">\n\t\tBadeordnung\t<\/h2>\n\t\t\t<div class=\"qodef-m-text\"><p>CAMPING ANDERWALD BADEORDNUNG<\/p><p>\u00a0<\/p><p>Als Gast auf unserem Campinplatz schlie\u00dfen Sie mit der Camping Platz Anderwald GmbH (=Badeanstalt) einen Badebesuchsvertrag ab und anerkennen damit die folgende Badeordnung als Vertragsinhalt.<\/p><p>\u00a0<\/p><ol><li>Pflichten der Badeanstalt<\/li><\/ol><p>1.1. Gew\u00e4hrung der Benutzung der Anlagen, Gefahrtragung der G\u00e4ste<\/p><p>(1) Die Badeanstalt erm\u00f6glicht den G\u00e4sten, die Einrichtungen der Badeanlage im Rahmen der Vorschriften dieser Badeordnung auf eigene Gefahr zu ben\u00fctzen.<\/p><p>\u00a0<\/p><p>(2) Es ist weder der Badeanstalt noch dem Personal m\u00f6glich, Badeunf\u00e4lle generell zu verh\u00fcten. Insbesondere tragen die G\u00e4ste selbst die mit der Aus\u00fcbung des auf dem Badegel\u00e4nde ausge\u00fcbten Sportes verbundenen Gefahren.<\/p><p>\u00a0<\/p><p>(3) Gleiches gilt f\u00fcr Verletzungen und sonstige Eingriffe in die Pers\u00f6nlichkeitssph\u00e4re des Gastes durch andere G\u00e4ste oder sonstige, nicht zum Personal der Badeanstalt geh\u00f6rende Dritte.<\/p><p>\u00a0<\/p><p>(4) Die Badeanstalt \u00fcbernimmt gegen\u00fcber den G\u00e4sten ausschlie\u00dflich die in der Folge angef\u00fchrten Pflichten.<\/p><p>\u00a0<\/p><p>1.2. \u00d6ffnungszeiten und Zutrittsgew\u00e4hrung<\/p><p>(1) Die Badeanstalt ist gehalten, den Besuch w\u00e4hrend der durch Anschlag oder durch das Aufsichtspersonal bekannt gegebenen \u00d6ffnungszeiten zu erm\u00f6glichen.<\/p><p>\u00a0<\/p><p>(3) Die Badeanstalt beh\u00e4lt sich vor, Personen, deren Zulassung zum Badebesuch bedenklich erscheint, den Zutritt ohne Angabe von Gr\u00fcnden zu verwehren.<\/p><p>\u00a0<\/p><p>1.3. Zustand und Bedienung der Anlagen<\/p><p>(1) Die Badeanstalt steht daf\u00fcr ein, dass die Anlagen vorschriftsgem\u00e4\u00df errichtet, bedient und gewartet werden. Insbesondere hat die Badeanstalt alle geltenden Hygiene und Sicherheitsvorschriften einzuhalten. Weitere Verpflichtungen der Badeanstalt bestehen nicht.<\/p><p>\u00a0<\/p><p>(2) Sobald die Badeanstalt von der St\u00f6rung, Mangel oder Schadhaftigkeit einer Anlage Kenntnis erlangt, welche einen sicheren Betrieb nicht mehr gew\u00e4hrleistet, untersagt die Badeanstalt umgehend die Ben\u00fctzung der gest\u00f6rten Anlage oder schr\u00e4nkt ihre Benutzung auf geh\u00f6rige Weise ein.<\/p><p>\u00a0<\/p><p>(3) Der Badegast ist selbst f\u00fcr die Einhaltung von Anordnungen des zust\u00e4ndigen Personals verantwortlich.<\/p><p>\u00a0<\/p><p>1.4. Kontrolle der Einhaltung der Badeordnung<br \/>Die Badeanstalt kontrolliert im Rahmen des Zumutbaren mit Hilfe ihres zust\u00e4ndigen Personals die Einhaltung der Badeordnung durch G\u00e4ste und sonstige, sich auf dem Gel\u00e4nde der Badeanstalt aufhaltende Personen. Wird ordnungswidriges Verhalten festgestellt, werden die betreffenden Personen verwarnt und k\u00f6nnen erforderlichenfalls des Gel\u00e4ndes verwiesen werden.<\/p><p>\u00a0<\/p><p>1.5. Hilfe bei Unf\u00e4llen<\/p><p>Kommt es zu einem Unfall, leitet die Badeanstalt mit Hilfe ihres zust\u00e4ndigen Personals im Rahmen des Zumutbaren unverz\u00fcglich Hilfsma\u00dfnahmen ein.<\/p><p>\u00a0<\/p><p>1.6. Hilfe bei der Abwehr angezeigter Gefahren<\/p><p>Wird der Badeanstalt, insbesondere dem zust\u00e4ndigen Personal, von G\u00e4sten eine drohende Gefahr f\u00fcr die Gesundheit und das Leben von G\u00e4sten glaubhaft gemacht, ist die Badeanstalt mit Hilfe ihres Personals im Rahmen des Zumutbaren bem\u00fcht, diese Gefahr abzuwenden.<\/p><p>\u00a0<\/p><p>1.7. Keine M\u00f6glichkeit zur Beaufsichtigung<\/p><p>Minderj\u00e4hriger, Unm\u00fcndiger, Behinderter und Nichtschwimmer<\/p><p>Die Badeanstalt und damit ihr Personal ist nicht in der Lage und daher auch nicht verpflichtet, minderj\u00e4hrige, unm\u00fcndige bzw. k\u00f6rperlich oder geistig behinderte Personen und Nichtschwimmer zu beaufsichtigen.<\/p><p>\u00a0<\/p><p>1.8. Haftung der Badeanstalt<\/p><p>(1) Die Badeanstalt haftet nur f\u00fcr solche Sch\u00e4den, die sie oder ihr Personal dem Gast durch rechtswidriges, insbesondere vertragswidriges, und schuldhaftes Verhalten zugef\u00fcgt hat.<\/p><p>\u00a0<\/p><p>(2) Die Badeanstalt haftet nicht f\u00fcr Sch\u00e4den, die durch Missachtung der Badeordnung, allf\u00e4lliger sonstiger Ben\u00fctzungsregelungen oder durch Nichtbeachtung der Anweisungen des Personals, durch sonstiges eigenes Verschulden des Gesch\u00e4digten oder durch unabwendbare Ereignisse bzw. h\u00f6here Gewalt, insbesondere auch durch Eingriffe dritter Personen, verursacht werden. Mitverschulden f\u00fchrt zu entsprechender Schadensteilung.<\/p><p>\u00a0<\/p><ol><li>Pflichten der G\u00e4ste<\/li><\/ol><p>(1) Die Ben\u00fctzung der Badeanlagen ist nur f\u00fcr angemeldete G\u00e4ste des Campingplatzes Anderwald zul\u00e4ssig.<\/p><p>\u00a0<\/p><p>\u00a0<\/p><p>2.2. Aufsicht \u00fcber Kinder, Minderj\u00e4hrige,<\/p><p>Nichtschwimmer und behinderte Personen<\/p><p>(1) F\u00fcr die Aufsicht \u00fcber Kinder, Minderj\u00e4hrige, Nichtschwimmer und behinderte Personen, haben die f\u00fcr diese Personen auch sonst Aufsichtspflichtigen (z.B. die<\/p><p>Erziehungsberechtigten Angeh\u00f6rigen oder entsprechendes Aufsichts<\/p><p>oder Pflegepersonen) geh\u00f6rig vorzusorgen.<\/p><p>(2) Diese aufsichtspflichtigen Personen bleiben f\u00fcr die Aufsicht auch dann verantwortlich, wenn sie das Gel\u00e4nde der Badeanstalt nicht betreten oder vorzeitig wieder verlassen.<\/p><p>(3) Die jeweils geltenden Jugendschutzbestimmungen, insbesondere Alkohol und Rauchverbote, Aufenthaltsverbote, Verpflichtungen der Erziehungsberechtigten, sind von den Jugendlichen und ihren Erziehungsberechtigten einzuhalten.<\/p><p>\u00a0<\/p><p>2.3. Aufsicht bei Gruppenbesuchen<\/p><p>(1) In F\u00e4llen von Gruppenbesuchen hat bei Sch\u00fclern die hierf\u00fcr zust\u00e4ndige Aufsichtsperson, bei Vereinen und anderen Organisationen der hierf\u00fcr zust\u00e4ndige Funktion\u00e4r f\u00fcr die Einhaltung der Badeordnung zu sorgen und daf\u00fcr die volle Verantwortung zu tragen. Die diesbez\u00fcglichen eigenen Aufsichtspersonen haben w\u00e4hrend der gesamten Dauer des Gruppenbesuches anwesend zu sein.<\/p><p>(2) Diese Aufsichtspersonen haben mit dem Aufsichtspersonal der Badeanstalt das geh\u00f6rige Einvernehmen zu pflegen, um zu gew\u00e4hrleisten, dass der \u00fcbrige, normale Badebetrieb durch den Gruppenbesuch nicht gest\u00f6rt wird.<\/p><p>\u00a0<\/p><p>2.4. Anweisungen des Personals der Badeanstalt<\/p><p>(1) Die G\u00e4ste sind verpflichtet, den Anweisungen des zust\u00e4ndigen Personals der Badeanstalt uneingeschr\u00e4nkt Folge zu leisten. Dies gilt auch dann, wenn ein Gast der Auffassung sein sollte, die ihm erteilte Anweisung sei nicht gerechtfertigt.<\/p><p>(2) Wer die Badeordnung bzw. Ben\u00fctzungsverbote f\u00fcr bestimmte Einrichtungen oder Einschr\u00e4nkungen im Sinne von Punkt 1.3.Abs.2 \u00fcbertritt oder sich den Anweisungen des zust\u00e4ndigen Personals widersetzt, kann ohne Anspruch auf R\u00fcckerstattung des Eintrittsgeldes von diesem oder einem sonstigen Repr\u00e4sentanten der Badeanstalt aus dem Bad gewiesen werden.<\/p><p>\u00a0<\/p><p>2.5. Hygienebestimmungen<\/p><p>(1) Die G\u00e4ste sind in der gesamten Badeanlage zu gr\u00f6\u00dfter Sauberkeit verpflichtet.<\/p><p>(2) Die Badeanlage darf nicht mit ansteckenden Krankheiten besucht werden.<\/p><p>(3) Abf\u00e4lle (Flaschen, Gl\u00e4ser, Dosen, Papier etc.) sind in die vorgesehenen Abfallbeh\u00e4lter zu geben.<\/p><p>\u00a0<\/p><p>2.6. Unterlassen von Gef\u00e4hrdungen und Bel\u00e4stigungen<\/p><p>(1) Jeder Gast ist vor allem im Hinblick auf L\u00e4rmentwicklung verpflichtet auf die anderen Badeg\u00e4ste R\u00fccksicht zu nehmen. Es ist daher alles zu unterlassen, was andere Badeg\u00e4ste bel\u00e4stigt oder gar gef\u00e4hrdet.<\/p><p>(2) Die Abgrenzungen des Badegel\u00e4ndes d\u00fcrfen nicht er und \u00fcberklettert werden.<\/p><p>(3) Alle Anlagen und Einrichtungen des Bades d\u00fcrfen nur entsprechend ihrer Zweckbestimmung benutzt werden<\/p><\/div>\n\t<\/div>\n\t\t\t\t<\/div>\n\t\t\t\t<\/div>\n\t\t\t\t\t<\/div>\n\t\t<\/div>\n\t\t\t\t<div class=\"elementor-column elementor-col-50 elementor-top-column elementor-element elementor-element-e697eae\" data-id=\"e697eae\" data-element_type=\"column\" data-e-type=\"column\">\n\t\t\t<div class=\"elementor-widget-wrap elementor-element-populated\">\n\t\t\t\t\t\t<div class=\"elementor-element elementor-element-0f6ba97 elementor-widget elementor-widget-image\" data-id=\"0f6ba97\" data-element_type=\"widget\" data-e-type=\"widget\" data-widget_type=\"image.default\">\n\t\t\t\t<div class=\"elementor-widget-container\">\n\t\t\t\t\t\t\t\t\t\t\t\t\t\t\t<img fetchpriority=\"high\" decoding=\"async\" width=\"900\" height=\"688\" src=\"https:\/\/www.campinganderwald.at\/wp-content\/uploads\/2022\/03\/4baa888a7df31_o-1.jpg\" class=\"attachment-1536x1536 size-1536x1536 wp-image-4345\" alt=\"\" srcset=\"https:\/\/www.campinganderwald.at\/wp-content\/uploads\/2022\/03\/4baa888a7df31_o-1.jpg 900w, https:\/\/www.campinganderwald.at\/wp-content\/uploads\/2022\/03\/4baa888a7df31_o-1-300x229.jpg 300w, https:\/\/www.campinganderwald.at\/wp-content\/uploads\/2022\/03\/4baa888a7df31_o-1-768x587.jpg 768w\" sizes=\"(max-width: 900px) 100vw, 900px\" \/>\t\t\t\t\t\t\t\t\t\t\t\t\t\t\t<\/div>\n\t\t\t\t<\/div>\n\t\t\t\t\t<\/div>\n\t\t<\/div>\n\t\t\t\t\t<\/div>\n\t\t<\/section>\n\t\t\t\t<section class=\"elementor-section elementor-top-section elementor-element elementor-element-a4ac8bc elementor-section-boxed elementor-section-height-default elementor-section-height-default qodef-elementor-content-no\" data-id=\"a4ac8bc\" data-element_type=\"section\" data-e-type=\"section\">\n\t\t\t\t\t\t<div class=\"elementor-container elementor-column-gap-default\">\n\t\t\t\t\t<div class=\"elementor-column elementor-col-100 elementor-top-column elementor-element elementor-element-fbca9be\" data-id=\"fbca9be\" data-element_type=\"column\" data-e-type=\"column\">\n\t\t\t<div class=\"elementor-widget-wrap elementor-element-populated\">\n\t\t\t\t\t\t<div class=\"elementor-element elementor-element-92cec5f elementor-widget elementor-widget-image-gallery\" data-id=\"92cec5f\" data-element_type=\"widget\" data-e-type=\"widget\" data-widget_type=\"image-gallery.default\">\n\t\t\t\t<div class=\"elementor-widget-container\">\n\t\t\t\t\t\t\t<div class=\"elementor-image-gallery\">\n\t\t\t\n\t\t<style type=\"text\/css\">\n\t\t\t#gallery-1 {\n\t\t\t\tmargin: auto;\n\t\t\t}\n\t\t\t#gallery-1 .gallery-item {\n\t\t\t\tfloat: left;\n\t\t\t\tmargin-top: 10px;\n\t\t\t\ttext-align: center;\n\t\t\t\twidth: 50%;\n\t\t\t}\n\t\t\t#gallery-1 img {\n\t\t\t\tborder: 2px solid #cfcfcf;\n\t\t\t}\n\t\t\t#gallery-1 .gallery-caption {\n\t\t\t\tmargin-left: 0;\n\t\t\t}\n\t\t\t\/* see gallery_shortcode() in wp-includes\/media.php *\/\n\t\t<\/style>\n\t\t<div id='gallery-1' class='gallery galleryid-12712 gallery-columns-2 gallery-size-kamperen_core_image_size_huge-square'><dl class='gallery-item'>\n\t\t\t<dt class='gallery-icon landscape'>\n\t\t\t\t<a data-elementor-open-lightbox=\"yes\" data-elementor-lightbox-slideshow=\"92cec5f\" data-elementor-lightbox-title=\"4b263ff59bf28_o\" data-e-action-hash=\"#elementor-action%3Aaction%3Dlightbox%26settings%3DeyJpZCI6NDMyNSwidXJsIjoiaHR0cHM6XC9cL3d3dy5jYW1waW5nYW5kZXJ3YWxkLmF0XC93cC1jb250ZW50XC91cGxvYWRzXC8yMDIyXC8wM1wvNGIyNjNmZjU5YmYyOF9vLmpwZyIsInNsaWRlc2hvdyI6IjkyY2VjNWYifQ%3D%3D\" href='https:\/\/www.campinganderwald.at\/wp-content\/uploads\/2022\/03\/4b263ff59bf28_o.jpg'><img decoding=\"async\" width=\"1000\" height=\"652\" src=\"https:\/\/www.campinganderwald.at\/wp-content\/uploads\/2022\/03\/4b263ff59bf28_o.jpg\" class=\"attachment-kamperen_core_image_size_huge-square size-kamperen_core_image_size_huge-square\" alt=\"\" srcset=\"https:\/\/www.campinganderwald.at\/wp-content\/uploads\/2022\/03\/4b263ff59bf28_o.jpg 1000w, https:\/\/www.campinganderwald.at\/wp-content\/uploads\/2022\/03\/4b263ff59bf28_o-300x196.jpg 300w, https:\/\/www.campinganderwald.at\/wp-content\/uploads\/2022\/03\/4b263ff59bf28_o-768x501.jpg 768w\" sizes=\"(max-width: 1000px) 100vw, 1000px\" \/><\/a>\n\t\t\t<\/dt><\/dl><dl class='gallery-item'>\n\t\t\t<dt class='gallery-icon landscape'>\n\t\t\t\t<a data-elementor-open-lightbox=\"yes\" data-elementor-lightbox-slideshow=\"92cec5f\" data-elementor-lightbox-title=\"4b263ff596167_o\" data-e-action-hash=\"#elementor-action%3Aaction%3Dlightbox%26settings%3DeyJpZCI6NDMxOSwidXJsIjoiaHR0cHM6XC9cL3d3dy5jYW1waW5nYW5kZXJ3YWxkLmF0XC93cC1jb250ZW50XC91cGxvYWRzXC8yMDIyXC8wM1wvNGIyNjNmZjU5NjE2N19vLmpwZyIsInNsaWRlc2hvdyI6IjkyY2VjNWYifQ%3D%3D\" href='https:\/\/www.campinganderwald.at\/wp-content\/uploads\/2022\/03\/4b263ff596167_o.jpg'><img decoding=\"async\" width=\"1000\" height=\"664\" src=\"https:\/\/www.campinganderwald.at\/wp-content\/uploads\/2022\/03\/4b263ff596167_o.jpg\" class=\"attachment-kamperen_core_image_size_huge-square size-kamperen_core_image_size_huge-square\" alt=\"\" srcset=\"https:\/\/www.campinganderwald.at\/wp-content\/uploads\/2022\/03\/4b263ff596167_o.jpg 1000w, https:\/\/www.campinganderwald.at\/wp-content\/uploads\/2022\/03\/4b263ff596167_o-300x199.jpg 300w, https:\/\/www.campinganderwald.at\/wp-content\/uploads\/2022\/03\/4b263ff596167_o-768x510.jpg 768w\" sizes=\"(max-width: 1000px) 100vw, 1000px\" \/><\/a>\n\t\t\t<\/dt><\/dl><br style=\"clear: both\" \/>\n\t\t<\/div>\n\t\t<\/div>\n\t\t\t\t\t\t<\/div>\n\t\t\t\t<\/div>\n\t\t\t\t\t<\/div>\n\t\t<\/div>\n\t\t\t\t\t<\/div>\n\t\t<\/section>\n\t\t\t\t<\/div>\n\t\t","protected":false},"excerpt":{"rendered":"<p>Achtung Badeordnung CAMPING ANDERWALD BADEORDNUNG \u00a0 Als Gast auf unserem Campinplatz schlie\u00dfen Sie mit der Camping Platz Anderwald GmbH (=Badeanstalt) einen Badebesuchsvertrag ab und anerkennen damit die folgende Badeordnung als Vertragsinhalt. \u00a0 Pflichten der Badeanstalt 1.1. Gew\u00e4hrung der Benutzung der Anlagen, Gefahrtragung der G\u00e4ste (1) Die Badeanstalt erm\u00f6glicht den G\u00e4sten, die Einrichtungen der Badeanlage im [&hellip;]<\/p>\n","protected":false},"author":4,"featured_media":0,"parent":0,"menu_order":0,"comment_status":"closed","ping_status":"closed","template":"","meta":{"footnotes":""},"class_list":["post-12712","page","type-page","status-publish","hentry"],"yoast_head":"<!-- This site is optimized with the Yoast SEO plugin v27.3 - https:\/\/yoast.com\/product\/yoast-seo-wordpress\/ -->\n<title>Badeordnung - Camping Anderwald<\/title>\n<meta name=\"robots\" content=\"index, follow, max-snippet:-1, max-image-preview:large, max-video-preview:-1\" \/>\n<link rel=\"canonical\" href=\"https:\/\/www.campinganderwald.at\/de\/badeordnung\/\" \/>\n<meta property=\"og:locale\" content=\"de_DE\" \/>\n<meta property=\"og:type\" content=\"article\" \/>\n<meta property=\"og:title\" content=\"Badeordnung - Camping Anderwald\" \/>\n<meta property=\"og:description\" content=\"Achtung Badeordnung CAMPING ANDERWALD BADEORDNUNG \u00a0 Als Gast auf unserem Campinplatz schlie\u00dfen Sie mit der Camping Platz Anderwald GmbH (=Badeanstalt) einen Badebesuchsvertrag ab und anerkennen damit die folgende Badeordnung als Vertragsinhalt. \u00a0 Pflichten der Badeanstalt 1.1. Gew\u00e4hrung der Benutzung der Anlagen, Gefahrtragung der G\u00e4ste (1) Die Badeanstalt erm\u00f6glicht den G\u00e4sten, die Einrichtungen der Badeanlage im [&hellip;]\" \/>\n<meta property=\"og:url\" content=\"https:\/\/www.campinganderwald.at\/de\/badeordnung\/\" \/>\n<meta property=\"og:site_name\" content=\"Camping Anderwald\" \/>\n<meta property=\"article:modified_time\" content=\"2024-07-17T23:44:09+00:00\" \/>\n<meta property=\"og:image\" content=\"https:\/\/www.campinganderwald.at\/wp-content\/uploads\/2022\/03\/4baa888a7df31_o-1.jpg\" \/>\n<meta name=\"twitter:card\" content=\"summary_large_image\" \/>\n<meta name=\"twitter:label1\" content=\"Gesch\u00e4tzte Lesezeit\" \/>\n\t<meta name=\"twitter:data1\" content=\"6\u00a0Minuten\" \/>\n<script type=\"application\/ld+json\" class=\"yoast-schema-graph\">{\"@context\":\"https:\\\/\\\/schema.org\",\"@graph\":[{\"@type\":\"WebPage\",\"@id\":\"https:\\\/\\\/www.campinganderwald.at\\\/de\\\/badeordnung\\\/\",\"url\":\"https:\\\/\\\/www.campinganderwald.at\\\/de\\\/badeordnung\\\/\",\"name\":\"Badeordnung - Camping Anderwald\",\"isPartOf\":{\"@id\":\"https:\\\/\\\/www.campinganderwald.at\\\/de\\\/#website\"},\"primaryImageOfPage\":{\"@id\":\"https:\\\/\\\/www.campinganderwald.at\\\/de\\\/badeordnung\\\/#primaryimage\"},\"image\":{\"@id\":\"https:\\\/\\\/www.campinganderwald.at\\\/de\\\/badeordnung\\\/#primaryimage\"},\"thumbnailUrl\":\"https:\\\/\\\/www.campinganderwald.at\\\/wp-content\\\/uploads\\\/2022\\\/03\\\/4baa888a7df31_o-1.jpg\",\"datePublished\":\"2024-07-17T23:37:08+00:00\",\"dateModified\":\"2024-07-17T23:44:09+00:00\",\"breadcrumb\":{\"@id\":\"https:\\\/\\\/www.campinganderwald.at\\\/de\\\/badeordnung\\\/#breadcrumb\"},\"inLanguage\":\"de\",\"potentialAction\":[{\"@type\":\"ReadAction\",\"target\":[\"https:\\\/\\\/www.campinganderwald.at\\\/de\\\/badeordnung\\\/\"]}]},{\"@type\":\"ImageObject\",\"inLanguage\":\"de\",\"@id\":\"https:\\\/\\\/www.campinganderwald.at\\\/de\\\/badeordnung\\\/#primaryimage\",\"url\":\"https:\\\/\\\/www.campinganderwald.at\\\/wp-content\\\/uploads\\\/2022\\\/03\\\/4baa888a7df31_o-1.jpg\",\"contentUrl\":\"https:\\\/\\\/www.campinganderwald.at\\\/wp-content\\\/uploads\\\/2022\\\/03\\\/4baa888a7df31_o-1.jpg\"},{\"@type\":\"BreadcrumbList\",\"@id\":\"https:\\\/\\\/www.campinganderwald.at\\\/de\\\/badeordnung\\\/#breadcrumb\",\"itemListElement\":[{\"@type\":\"ListItem\",\"position\":1,\"name\":\"Startseite\",\"item\":\"https:\\\/\\\/www.campinganderwald.at\\\/de\\\/\"},{\"@type\":\"ListItem\",\"position\":2,\"name\":\"Badeordnung\"}]},{\"@type\":\"WebSite\",\"@id\":\"https:\\\/\\\/www.campinganderwald.at\\\/de\\\/#website\",\"url\":\"https:\\\/\\\/www.campinganderwald.at\\\/de\\\/\",\"name\":\"Camping Anderwald\",\"description\":\"Unser Campingplatz liegt direkt am Faaker See in K\u00e4rnten, eingebettet in die traumhafte Kulisse der das gesamte Gebiet umgebenden Karawanken. Der Faaker See ist nicht nur der s\u00fcdlichste Badesee K\u00e4rntens, er ist auch einer der...\",\"publisher\":{\"@id\":\"https:\\\/\\\/www.campinganderwald.at\\\/de\\\/#organization\"},\"potentialAction\":[{\"@type\":\"SearchAction\",\"target\":{\"@type\":\"EntryPoint\",\"urlTemplate\":\"https:\\\/\\\/www.campinganderwald.at\\\/de\\\/?s={search_term_string}\"},\"query-input\":{\"@type\":\"PropertyValueSpecification\",\"valueRequired\":true,\"valueName\":\"search_term_string\"}}],\"inLanguage\":\"de\"},{\"@type\":\"Organization\",\"@id\":\"https:\\\/\\\/www.campinganderwald.at\\\/de\\\/#organization\",\"name\":\"Camping Anderwald\",\"url\":\"https:\\\/\\\/www.campinganderwald.at\\\/de\\\/\",\"logo\":{\"@type\":\"ImageObject\",\"inLanguage\":\"de\",\"@id\":\"https:\\\/\\\/www.campinganderwald.at\\\/de\\\/#\\\/schema\\\/logo\\\/image\\\/\",\"url\":\"https:\\\/\\\/www.campinganderwald.at\\\/wp-content\\\/uploads\\\/2022\\\/01\\\/campingAnderwald-logo.svg\",\"contentUrl\":\"https:\\\/\\\/www.campinganderwald.at\\\/wp-content\\\/uploads\\\/2022\\\/01\\\/campingAnderwald-logo.svg\",\"caption\":\"Camping Anderwald\"},\"image\":{\"@id\":\"https:\\\/\\\/www.campinganderwald.at\\\/de\\\/#\\\/schema\\\/logo\\\/image\\\/\"}}]}<\/script>\n<!-- \/ Yoast SEO plugin. -->","yoast_head_json":{"title":"Badeordnung - Camping Anderwald","robots":{"index":"index","follow":"follow","max-snippet":"max-snippet:-1","max-image-preview":"max-image-preview:large","max-video-preview":"max-video-preview:-1"},"canonical":"https:\/\/www.campinganderwald.at\/de\/badeordnung\/","og_locale":"de_DE","og_type":"article","og_title":"Badeordnung - Camping Anderwald","og_description":"Achtung Badeordnung CAMPING ANDERWALD BADEORDNUNG \u00a0 Als Gast auf unserem Campinplatz schlie\u00dfen Sie mit der Camping Platz Anderwald GmbH (=Badeanstalt) einen Badebesuchsvertrag ab und anerkennen damit die folgende Badeordnung als Vertragsinhalt. \u00a0 Pflichten der Badeanstalt 1.1. Gew\u00e4hrung der Benutzung der Anlagen, Gefahrtragung der G\u00e4ste (1) Die Badeanstalt erm\u00f6glicht den G\u00e4sten, die Einrichtungen der Badeanlage im [&hellip;]","og_url":"https:\/\/www.campinganderwald.at\/de\/badeordnung\/","og_site_name":"Camping Anderwald","article_modified_time":"2024-07-17T23:44:09+00:00","og_image":[{"url":"https:\/\/www.campinganderwald.at\/wp-content\/uploads\/2022\/03\/4baa888a7df31_o-1.jpg","type":"","width":"","height":""}],"twitter_card":"summary_large_image","twitter_misc":{"Gesch\u00e4tzte Lesezeit":"6\u00a0Minuten"},"schema":{"@context":"https:\/\/schema.org","@graph":[{"@type":"WebPage","@id":"https:\/\/www.campinganderwald.at\/de\/badeordnung\/","url":"https:\/\/www.campinganderwald.at\/de\/badeordnung\/","name":"Badeordnung - Camping Anderwald","isPartOf":{"@id":"https:\/\/www.campinganderwald.at\/de\/#website"},"primaryImageOfPage":{"@id":"https:\/\/www.campinganderwald.at\/de\/badeordnung\/#primaryimage"},"image":{"@id":"https:\/\/www.campinganderwald.at\/de\/badeordnung\/#primaryimage"},"thumbnailUrl":"https:\/\/www.campinganderwald.at\/wp-content\/uploads\/2022\/03\/4baa888a7df31_o-1.jpg","datePublished":"2024-07-17T23:37:08+00:00","dateModified":"2024-07-17T23:44:09+00:00","breadcrumb":{"@id":"https:\/\/www.campinganderwald.at\/de\/badeordnung\/#breadcrumb"},"inLanguage":"de","potentialAction":[{"@type":"ReadAction","target":["https:\/\/www.campinganderwald.at\/de\/badeordnung\/"]}]},{"@type":"ImageObject","inLanguage":"de","@id":"https:\/\/www.campinganderwald.at\/de\/badeordnung\/#primaryimage","url":"https:\/\/www.campinganderwald.at\/wp-content\/uploads\/2022\/03\/4baa888a7df31_o-1.jpg","contentUrl":"https:\/\/www.campinganderwald.at\/wp-content\/uploads\/2022\/03\/4baa888a7df31_o-1.jpg"},{"@type":"BreadcrumbList","@id":"https:\/\/www.campinganderwald.at\/de\/badeordnung\/#breadcrumb","itemListElement":[{"@type":"ListItem","position":1,"name":"Startseite","item":"https:\/\/www.campinganderwald.at\/de\/"},{"@type":"ListItem","position":2,"name":"Badeordnung"}]},{"@type":"WebSite","@id":"https:\/\/www.campinganderwald.at\/de\/#website","url":"https:\/\/www.campinganderwald.at\/de\/","name":"Camping Anderwald","description":"Unser Campingplatz liegt direkt am Faaker See in K\u00e4rnten, eingebettet in die traumhafte Kulisse der das gesamte Gebiet umgebenden Karawanken. Der Faaker See ist nicht nur der s\u00fcdlichste Badesee K\u00e4rntens, er ist auch einer der...","publisher":{"@id":"https:\/\/www.campinganderwald.at\/de\/#organization"},"potentialAction":[{"@type":"SearchAction","target":{"@type":"EntryPoint","urlTemplate":"https:\/\/www.campinganderwald.at\/de\/?s={search_term_string}"},"query-input":{"@type":"PropertyValueSpecification","valueRequired":true,"valueName":"search_term_string"}}],"inLanguage":"de"},{"@type":"Organization","@id":"https:\/\/www.campinganderwald.at\/de\/#organization","name":"Camping Anderwald","url":"https:\/\/www.campinganderwald.at\/de\/","logo":{"@type":"ImageObject","inLanguage":"de","@id":"https:\/\/www.campinganderwald.at\/de\/#\/schema\/logo\/image\/","url":"https:\/\/www.campinganderwald.at\/wp-content\/uploads\/2022\/01\/campingAnderwald-logo.svg","contentUrl":"https:\/\/www.campinganderwald.at\/wp-content\/uploads\/2022\/01\/campingAnderwald-logo.svg","caption":"Camping Anderwald"},"image":{"@id":"https:\/\/www.campinganderwald.at\/de\/#\/schema\/logo\/image\/"}}]}},"_links":{"self":[{"href":"https:\/\/www.campinganderwald.at\/de\/wp-json\/wp\/v2\/pages\/12712","targetHints":{"allow":["GET"]}}],"collection":[{"href":"https:\/\/www.campinganderwald.at\/de\/wp-json\/wp\/v2\/pages"}],"about":[{"href":"https:\/\/www.campinganderwald.at\/de\/wp-json\/wp\/v2\/types\/page"}],"author":[{"embeddable":true,"href":"https:\/\/www.campinganderwald.at\/de\/wp-json\/wp\/v2\/users\/4"}],"replies":[{"embeddable":true,"href":"https:\/\/www.campinganderwald.at\/de\/wp-json\/wp\/v2\/comments?post=12712"}],"version-history":[{"count":3,"href":"https:\/\/www.campinganderwald.at\/de\/wp-json\/wp\/v2\/pages\/12712\/revisions"}],"predecessor-version":[{"id":12729,"href":"https:\/\/www.campinganderwald.at\/de\/wp-json\/wp\/v2\/pages\/12712\/revisions\/12729"}],"wp:attachment":[{"href":"https:\/\/www.campinganderwald.at\/de\/wp-json\/wp\/v2\/media?parent=12712"}],"curies":[{"name":"wp","href":"https:\/\/api.w.org\/{rel}","templated":true}]}}