{"id":12888,"date":"2024-11-26T10:42:08","date_gmt":"2024-11-26T09:42:08","guid":{"rendered":"https:\/\/www.campinganderwald.at\/?page_id=12888"},"modified":"2025-11-27T13:20:56","modified_gmt":"2025-11-27T12:20:56","slug":"camping-anderwald-gutschein","status":"publish","type":"page","link":"https:\/\/www.campinganderwald.at\/de\/camping-anderwald-gutschein\/","title":{"rendered":"Gutschein"},"content":{"rendered":"\t\t<div data-elementor-type=\"wp-page\" data-elementor-id=\"12888\" class=\"elementor elementor-12888\" data-elementor-post-type=\"page\">\n\t\t\t\t\t\t<section class=\"elementor-section elementor-top-section elementor-element elementor-element-7ef8bf8 elementor-section-full_width qodef-elementor-content-grid elementor-section-height-default elementor-section-height-default\" data-id=\"7ef8bf8\" data-element_type=\"section\" data-e-type=\"section\">\n\t\t\t\t\t\t<div class=\"elementor-container elementor-column-gap-default\">\n\t\t\t\t\t<div class=\"elementor-column elementor-col-50 elementor-top-column elementor-element elementor-element-e4c0baa\" data-id=\"e4c0baa\" data-element_type=\"column\" data-e-type=\"column\">\n\t\t\t<div class=\"elementor-widget-wrap elementor-element-populated\">\n\t\t\t\t\t\t<div class=\"elementor-element elementor-element-7c89b49 elementor-widget elementor-widget-qi_addons_for_elementor_section_title\" data-id=\"7c89b49\" data-element_type=\"widget\" data-e-type=\"widget\" data-widget_type=\"qi_addons_for_elementor_section_title.default\">\n\t\t\t\t<div class=\"elementor-widget-container\">\n\t\t\t\t\t<div class=\"qodef-shortcode qodef-m qodef-qi-section-title qodef-decoration--italic qodef-link--underline-draw qodef-subtitle-icon--left\">\n\t\t\t\t\t\t<h3 class=\"qodef-m-title\">\n\t\tGutschein.\t<\/h3>\n\t\t\t<div class=\"qodef-m-text\"><p>Gern helfen wir dem Christkind mit einer Idee f\u00fcr ein Weihnachtsgeschenk weiter.<\/p><p>Ab sofort gibt\u00b4s online Camping Anderwald Gutscheine zum Bestellen.<\/p><p>Macht sich perfekt unter dem Christbaum. Mit neuem Design f\u00fcr 2026.<\/p><\/div>\n\t<\/div>\n\t\t\t\t<\/div>\n\t\t\t\t<\/div>\n\t\t\t\t<div class=\"elementor-element elementor-element-71ca509 elementor-arrows-position-inside elementor-widget elementor-widget-image-carousel\" data-id=\"71ca509\" data-element_type=\"widget\" data-e-type=\"widget\" data-settings=\"{&quot;slides_to_show&quot;:&quot;3&quot;,&quot;navigation&quot;:&quot;arrows&quot;,&quot;lazyload&quot;:&quot;yes&quot;,&quot;pause_on_hover&quot;:&quot;no&quot;,&quot;autoplay&quot;:&quot;yes&quot;,&quot;pause_on_interaction&quot;:&quot;yes&quot;,&quot;autoplay_speed&quot;:5000,&quot;infinite&quot;:&quot;yes&quot;,&quot;speed&quot;:500}\" data-widget_type=\"image-carousel.default\">\n\t\t\t\t<div class=\"elementor-widget-container\">\n\t\t\t\t\t\t\t<div class=\"elementor-image-carousel-wrapper swiper\" role=\"region\" aria-roledescription=\"carousel\" aria-label=\"Bild Karussell\" dir=\"ltr\">\n\t\t\t<div class=\"elementor-image-carousel swiper-wrapper swiper-image-stretch\" aria-live=\"off\">\n\t\t\t\t\t\t\t\t<div class=\"swiper-slide\" role=\"group\" aria-roledescription=\"slide\" aria-label=\"1 von 1\"><a data-elementor-open-lightbox=\"yes\" data-elementor-lightbox-slideshow=\"71ca509\" data-elementor-lightbox-title=\"Gutschein-Camping Anderwald\" data-e-action-hash=\"#elementor-action%3Aaction%3Dlightbox%26settings%3DeyJpZCI6MTM3MTgsInVybCI6Imh0dHBzOlwvXC93d3cuY2FtcGluZ2FuZGVyd2FsZC5hdFwvd3AtY29udGVudFwvdXBsb2Fkc1wvMjAyNVwvMTFcL0d1dHNjaGVpbi1Gcm9udC1zY2FsZWQucG5nIiwic2xpZGVzaG93IjoiNzFjYTUwOSJ9\" href=\"https:\/\/www.campinganderwald.at\/wp-content\/uploads\/2025\/11\/Gutschein-Front-scaled.png\"><figure class=\"swiper-slide-inner\"><img class=\"swiper-slide-image swiper-lazy\" data-src=\"https:\/\/www.campinganderwald.at\/wp-content\/uploads\/elementor\/thumbs\/Gutschein-Front-scaled-rf72l45p0340p4y3yioxi2sl78u8r0vtqvnci9ji5c.png\" alt=\"Gutschein-Camping Anderwald\" \/><div class=\"swiper-lazy-preloader\"><\/div><\/figure><\/a><\/div>\t\t\t<\/div>\n\t\t\t\t\t<\/div>\n\t\t\t\t\t\t<\/div>\n\t\t\t\t<\/div>\n\t\t\t\t<div class=\"elementor-element elementor-element-9629594 elementor-widget elementor-widget-qi_addons_for_elementor_section_title\" data-id=\"9629594\" data-element_type=\"widget\" data-e-type=\"widget\" data-widget_type=\"qi_addons_for_elementor_section_title.default\">\n\t\t\t\t<div class=\"elementor-widget-container\">\n\t\t\t\t\t<div class=\"qodef-shortcode qodef-m qodef-qi-section-title qodef-decoration--italic qodef-link--underline-draw qodef-subtitle-icon--left\">\n\t\t\t\t\t\t\t\t<div class=\"qodef-m-text\"><p>\u00a0Einl\u00f6sbar so lange es uns gibt \ud83d\ude09 - f\u00fcr \u00dcbernachtungen am Campingplatz, Essen im Restaurant, Bergtouren, Klettersteige, Canyoning , Kanu Treffen, Bikeweek und \u00dcbernachten im Baumzelt. \u00a0<\/p><p>Und f\u00fcr alle Gutscheine \u00fcber 200\u20ac gibt\u00b4s einen der genialen <a href=\"https:\/\/www.gerhildanderwald.at\/\">2026 Seenkalender von Gerhild Anderwald<\/a> geschenkt. .<\/p><p>Liebe Gr\u00fc\u00dfe Eure Anderwalds.<\/p><\/div>\n\t<\/div>\n\t\t\t\t<\/div>\n\t\t\t\t<\/div>\n\t\t\t\t<div class=\"elementor-element elementor-element-6d13757 elementor-widget elementor-widget-text-editor\" data-id=\"6d13757\" data-element_type=\"widget\" data-e-type=\"widget\" data-widget_type=\"text-editor.default\">\n\t\t\t\t<div class=\"elementor-widget-container\">\n\t\t\t\t\t\t\t\t\t<h4>Strandcamping Anderwald GmbH<\/h4><p>Strand Nord 4<br \/>A-9583 Faak am See<br \/>\u00d6sterreich<\/p><p>Email: <a href=\"mailto:reservierung@campinganderwald.at\">reservierung@campinganderwald.at<\/a><br \/>Tel: <a class=\"intext tel\" href=\"tel:+4342542297\">+43 4254 2297<\/a><\/p>\t\t\t\t\t\t\t\t<\/div>\n\t\t\t\t<\/div>\n\t\t\t\t\t<\/div>\n\t\t<\/div>\n\t\t\t\t<div class=\"elementor-column elementor-col-50 elementor-top-column elementor-element elementor-element-39b8df4\" data-id=\"39b8df4\" data-element_type=\"column\" data-e-type=\"column\">\n\t\t\t<div class=\"elementor-widget-wrap elementor-element-populated\">\n\t\t\t\t\t\t<div class=\"elementor-element elementor-element-b21adef elementor-widget elementor-widget-qi_addons_for_elementor_section_title\" data-id=\"b21adef\" data-element_type=\"widget\" data-e-type=\"widget\" data-widget_type=\"qi_addons_for_elementor_section_title.default\">\n\t\t\t\t<div class=\"elementor-widget-container\">\n\t\t\t\t\t<div class=\"qodef-shortcode qodef-m qodef-qi-section-title qodef-decoration--italic qodef-link--underline-draw qodef-subtitle-icon--left\">\n\t\t\t\t\t\t<h3 class=\"qodef-m-title\">\n\t\tBestellung\t<\/h3>\n\t\t\t<\/div>\n\t\t\t\t<\/div>\n\t\t\t\t<\/div>\n\t\t\t\t<div class=\"elementor-element elementor-element-73e1158 elementor-widget elementor-widget-wp-widget-kamperen_core_contact_form_7\" data-id=\"73e1158\" data-element_type=\"widget\" data-e-type=\"widget\" data-widget_type=\"wp-widget-kamperen_core_contact_form_7.default\">\n\t\t\t\t<div class=\"elementor-widget-container\">\n\t\t\t\t\t\t\t\t<div class=\"qodef-contact-form-7\">\n\t\t\t\t\n<div class=\"wpcf7 no-js\" id=\"wpcf7-f12882-o1\" lang=\"de-DE\" dir=\"ltr\" data-wpcf7-id=\"12882\">\n<div class=\"screen-reader-response\"><p role=\"status\" aria-live=\"polite\" aria-atomic=\"true\"><\/p> <ul><\/ul><\/div>\n<form action=\"\/de\/wp-json\/wp\/v2\/pages\/12888#wpcf7-f12882-o1\" method=\"post\" class=\"wpcf7-form init\" aria-label=\"Kontaktformular\" novalidate=\"novalidate\" data-status=\"init\">\n<fieldset class=\"hidden-fields-container\"><input type=\"hidden\" name=\"_wpcf7\" value=\"12882\" \/><input type=\"hidden\" name=\"_wpcf7_version\" value=\"6.1.5\" \/><input type=\"hidden\" name=\"_wpcf7_locale\" value=\"de_DE\" \/><input type=\"hidden\" name=\"_wpcf7_unit_tag\" value=\"wpcf7-f12882-o1\" \/><input type=\"hidden\" name=\"_wpcf7_container_post\" value=\"0\" \/><input type=\"hidden\" name=\"_wpcf7_posted_data_hash\" value=\"\" \/>\n<\/fieldset>\n<div class=\"wpcf7-turnstile cf-turnstile\" data-sitekey=\"0x4AAAAAACMsIYMxFzdm9c4o\" data-response-field-name=\"_wpcf7_turnstile_response\"><\/div>\n\n<label> E-Mail-Adresse\n    <span class=\"wpcf7-form-control-wrap\" data-name=\"your-email\"><input size=\"40\" maxlength=\"400\" class=\"wpcf7-form-control wpcf7-email wpcf7-validates-as-required wpcf7-text wpcf7-validates-as-email\" autocomplete=\"email\" aria-required=\"true\" aria-invalid=\"false\" value=\"\" type=\"email\" name=\"your-email\" \/><\/span> <\/label>\n\n<label> Gutscheinh\u00f6he & Postadresse \n    <span class=\"wpcf7-form-control-wrap\" data-name=\"your-message\"><textarea cols=\"40\" rows=\"10\" maxlength=\"2000\" class=\"wpcf7-form-control wpcf7-textarea\" aria-invalid=\"false\" name=\"your-message\"><\/textarea><\/span> <\/label>\n\n<span class=\"wpcf7-form-control-wrap\" data-name=\"newsletter\"><span class=\"wpcf7-form-control wpcf7-acceptance optional\"><span class=\"wpcf7-list-item\"><label><input type=\"checkbox\" name=\"newsletter\" value=\"1\" aria-invalid=\"false\" \/><span class=\"wpcf7-list-item-label\">Ja, ich m\u00f6chte gerne den Newsletter bekommen.<\/span><\/label><\/span><\/span><\/span>\n\n<span class=\"wpcf7-form-control-wrap\" data-name=\"gdpr\"><span class=\"wpcf7-form-control wpcf7-acceptance\"><span class=\"wpcf7-list-item\"><label><input type=\"checkbox\" name=\"gdpr\" value=\"1\" aria-invalid=\"false\" \/><span class=\"wpcf7-list-item-label\">Ja, ich stimme zu, dass meine Daten zur weiteren Bearbeitung verwendet, aber nicht weitergegeben werden.<\/span><\/label><\/span><\/span><\/span>\n\n<div style=\"padding-top: 1.6rem;\">\n<button class=\"wpcf7-form-control wpcf7-submit qodef-shortcode qodef-m  qodef-button qodef-layout--textual  qodef-html--link\" type=\"submit\"><span class=\"qodef-m-text\">Senden<\/span><span class=\"qodef-m-icon\"><svg xmlns=\"http:\/\/www.w3.org\/2000\/svg\" width=\"20.053\" height=\"10.039\" viewBox=\"0 0 20.053 10.039\"><path d=\"M17.474,11.444a.683.683,0,0,0-.005.962l3.179,3.184H3.549a.68.68,0,0,0,0,1.359H20.643l-3.179,3.184a.688.688,0,0,0,.005.962.677.677,0,0,0,.957-.005l4.308-4.34h0a.763.763,0,0,0,.141-.214.649.649,0,0,0,.052-.261.681.681,0,0,0-.193-.476l-4.308-4.34A.666.666,0,0,0,17.474,11.444Z\" transform=\"translate(-2.875 -11.252)\"><\/path><\/svg><\/span><\/button>\n<\/div><div class=\"wpcf7-response-output\" aria-hidden=\"true\"><\/div>\n<\/form>\n<\/div>\n\t\t\t<\/div>\n\t\t\t\t\t\t\t<\/div>\n\t\t\t\t<\/div>\n\t\t\t\t\t<\/div>\n\t\t<\/div>\n\t\t\t\t\t<\/div>\n\t\t<\/section>\n\t\t\t\t<\/div>\n\t\t","protected":false},"excerpt":{"rendered":"<p>Gutschein. Gern helfen wir dem Christkind mit einer Idee f\u00fcr ein Weihnachtsgeschenk weiter. Ab sofort gibt\u00b4s online Camping Anderwald Gutscheine zum Bestellen. Macht sich perfekt unter dem Christbaum. Mit neuem Design f\u00fcr 2026. \u00a0Einl\u00f6sbar so lange es uns gibt \ud83d\ude09 &#8211; f\u00fcr \u00dcbernachtungen am Campingplatz, Essen im Restaurant, Bergtouren, Klettersteige, Canyoning , Kanu Treffen, Bikeweek [&hellip;]<\/p>\n","protected":false},"author":4,"featured_media":0,"parent":0,"menu_order":0,"comment_status":"closed","ping_status":"closed","template":"page-full-width.php","meta":{"footnotes":""},"class_list":["post-12888","page","type-page","status-publish","hentry"],"yoast_head":"<!-- This site is optimized with the Yoast SEO plugin v27.3 - https:\/\/yoast.com\/product\/yoast-seo-wordpress\/ -->\n<title>Gutschein - Camping Anderwald<\/title>\n<meta name=\"robots\" content=\"index, follow, max-snippet:-1, max-image-preview:large, max-video-preview:-1\" \/>\n<link rel=\"canonical\" href=\"https:\/\/www.campinganderwald.at\/de\/camping-anderwald-gutschein\/\" \/>\n<meta property=\"og:locale\" content=\"de_DE\" \/>\n<meta property=\"og:type\" content=\"article\" \/>\n<meta property=\"og:title\" content=\"Gutschein - Camping Anderwald\" \/>\n<meta property=\"og:description\" content=\"Gutschein. Gern helfen wir dem Christkind mit einer Idee f\u00fcr ein Weihnachtsgeschenk weiter. Ab sofort gibt\u00b4s online Camping Anderwald Gutscheine zum Bestellen. Macht sich perfekt unter dem Christbaum. Mit neuem Design f\u00fcr 2026. \u00a0Einl\u00f6sbar so lange es uns gibt \ud83d\ude09 &#8211; f\u00fcr \u00dcbernachtungen am Campingplatz, Essen im Restaurant, Bergtouren, Klettersteige, Canyoning , Kanu Treffen, Bikeweek [&hellip;]\" \/>\n<meta property=\"og:url\" content=\"https:\/\/www.campinganderwald.at\/de\/camping-anderwald-gutschein\/\" \/>\n<meta property=\"og:site_name\" content=\"Camping Anderwald\" \/>\n<meta property=\"article:modified_time\" content=\"2025-11-27T12:20:56+00:00\" \/>\n<meta property=\"og:image\" content=\"https:\/\/www.campinganderwald.at\/wp-content\/uploads\/elementor\/thumbs\/Gutschein-Front-scaled-rf72l45p0340p4y3yioxi2sl78u8r0vtqvnci9ji5c.png\" \/>\n<meta name=\"twitter:card\" content=\"summary_large_image\" \/>\n<meta name=\"twitter:label1\" content=\"Gesch\u00e4tzte Lesezeit\" \/>\n\t<meta name=\"twitter:data1\" content=\"1\u00a0Minute\" \/>\n<script type=\"application\/ld+json\" class=\"yoast-schema-graph\">{\"@context\":\"https:\\\/\\\/schema.org\",\"@graph\":[{\"@type\":\"WebPage\",\"@id\":\"https:\\\/\\\/www.campinganderwald.at\\\/de\\\/camping-anderwald-gutschein\\\/\",\"url\":\"https:\\\/\\\/www.campinganderwald.at\\\/de\\\/camping-anderwald-gutschein\\\/\",\"name\":\"Gutschein - Camping Anderwald\",\"isPartOf\":{\"@id\":\"https:\\\/\\\/www.campinganderwald.at\\\/de\\\/#website\"},\"primaryImageOfPage\":{\"@id\":\"https:\\\/\\\/www.campinganderwald.at\\\/de\\\/camping-anderwald-gutschein\\\/#primaryimage\"},\"image\":{\"@id\":\"https:\\\/\\\/www.campinganderwald.at\\\/de\\\/camping-anderwald-gutschein\\\/#primaryimage\"},\"thumbnailUrl\":\"https:\\\/\\\/www.campinganderwald.at\\\/wp-content\\\/uploads\\\/elementor\\\/thumbs\\\/Gutschein-Front-scaled-rf72l45p0340p4y3yioxi2sl78u8r0vtqvnci9ji5c.png\",\"datePublished\":\"2024-11-26T09:42:08+00:00\",\"dateModified\":\"2025-11-27T12:20:56+00:00\",\"breadcrumb\":{\"@id\":\"https:\\\/\\\/www.campinganderwald.at\\\/de\\\/camping-anderwald-gutschein\\\/#breadcrumb\"},\"inLanguage\":\"de\",\"potentialAction\":[{\"@type\":\"ReadAction\",\"target\":[\"https:\\\/\\\/www.campinganderwald.at\\\/de\\\/camping-anderwald-gutschein\\\/\"]}]},{\"@type\":\"ImageObject\",\"inLanguage\":\"de\",\"@id\":\"https:\\\/\\\/www.campinganderwald.at\\\/de\\\/camping-anderwald-gutschein\\\/#primaryimage\",\"url\":\"https:\\\/\\\/www.campinganderwald.at\\\/wp-content\\\/uploads\\\/elementor\\\/thumbs\\\/Gutschein-Front-scaled-rf72l45p0340p4y3yioxi2sl78u8r0vtqvnci9ji5c.png\",\"contentUrl\":\"https:\\\/\\\/www.campinganderwald.at\\\/wp-content\\\/uploads\\\/elementor\\\/thumbs\\\/Gutschein-Front-scaled-rf72l45p0340p4y3yioxi2sl78u8r0vtqvnci9ji5c.png\"},{\"@type\":\"BreadcrumbList\",\"@id\":\"https:\\\/\\\/www.campinganderwald.at\\\/de\\\/camping-anderwald-gutschein\\\/#breadcrumb\",\"itemListElement\":[{\"@type\":\"ListItem\",\"position\":1,\"name\":\"Startseite\",\"item\":\"https:\\\/\\\/www.campinganderwald.at\\\/de\\\/\"},{\"@type\":\"ListItem\",\"position\":2,\"name\":\"Gutschein\"}]},{\"@type\":\"WebSite\",\"@id\":\"https:\\\/\\\/www.campinganderwald.at\\\/de\\\/#website\",\"url\":\"https:\\\/\\\/www.campinganderwald.at\\\/de\\\/\",\"name\":\"Camping Anderwald\",\"description\":\"Unser Campingplatz liegt direkt am Faaker See in K\u00e4rnten, eingebettet in die traumhafte Kulisse der das gesamte Gebiet umgebenden Karawanken. Der Faaker See ist nicht nur der s\u00fcdlichste Badesee K\u00e4rntens, er ist auch einer der...\",\"publisher\":{\"@id\":\"https:\\\/\\\/www.campinganderwald.at\\\/de\\\/#organization\"},\"potentialAction\":[{\"@type\":\"SearchAction\",\"target\":{\"@type\":\"EntryPoint\",\"urlTemplate\":\"https:\\\/\\\/www.campinganderwald.at\\\/de\\\/?s={search_term_string}\"},\"query-input\":{\"@type\":\"PropertyValueSpecification\",\"valueRequired\":true,\"valueName\":\"search_term_string\"}}],\"inLanguage\":\"de\"},{\"@type\":\"Organization\",\"@id\":\"https:\\\/\\\/www.campinganderwald.at\\\/de\\\/#organization\",\"name\":\"Camping Anderwald\",\"url\":\"https:\\\/\\\/www.campinganderwald.at\\\/de\\\/\",\"logo\":{\"@type\":\"ImageObject\",\"inLanguage\":\"de\",\"@id\":\"https:\\\/\\\/www.campinganderwald.at\\\/de\\\/#\\\/schema\\\/logo\\\/image\\\/\",\"url\":\"https:\\\/\\\/www.campinganderwald.at\\\/wp-content\\\/uploads\\\/2022\\\/01\\\/campingAnderwald-logo.svg\",\"contentUrl\":\"https:\\\/\\\/www.campinganderwald.at\\\/wp-content\\\/uploads\\\/2022\\\/01\\\/campingAnderwald-logo.svg\",\"caption\":\"Camping Anderwald\"},\"image\":{\"@id\":\"https:\\\/\\\/www.campinganderwald.at\\\/de\\\/#\\\/schema\\\/logo\\\/image\\\/\"}}]}<\/script>\n<!-- \/ Yoast SEO plugin. -->","yoast_head_json":{"title":"Gutschein - Camping Anderwald","robots":{"index":"index","follow":"follow","max-snippet":"max-snippet:-1","max-image-preview":"max-image-preview:large","max-video-preview":"max-video-preview:-1"},"canonical":"https:\/\/www.campinganderwald.at\/de\/camping-anderwald-gutschein\/","og_locale":"de_DE","og_type":"article","og_title":"Gutschein - Camping Anderwald","og_description":"Gutschein. Gern helfen wir dem Christkind mit einer Idee f\u00fcr ein Weihnachtsgeschenk weiter. Ab sofort gibt\u00b4s online Camping Anderwald Gutscheine zum Bestellen. Macht sich perfekt unter dem Christbaum. Mit neuem Design f\u00fcr 2026. \u00a0Einl\u00f6sbar so lange es uns gibt \ud83d\ude09 &#8211; f\u00fcr \u00dcbernachtungen am Campingplatz, Essen im Restaurant, Bergtouren, Klettersteige, Canyoning , Kanu Treffen, Bikeweek [&hellip;]","og_url":"https:\/\/www.campinganderwald.at\/de\/camping-anderwald-gutschein\/","og_site_name":"Camping Anderwald","article_modified_time":"2025-11-27T12:20:56+00:00","og_image":[{"url":"https:\/\/www.campinganderwald.at\/wp-content\/uploads\/elementor\/thumbs\/Gutschein-Front-scaled-rf72l45p0340p4y3yioxi2sl78u8r0vtqvnci9ji5c.png","type":"","width":"","height":""}],"twitter_card":"summary_large_image","twitter_misc":{"Gesch\u00e4tzte Lesezeit":"1\u00a0Minute"},"schema":{"@context":"https:\/\/schema.org","@graph":[{"@type":"WebPage","@id":"https:\/\/www.campinganderwald.at\/de\/camping-anderwald-gutschein\/","url":"https:\/\/www.campinganderwald.at\/de\/camping-anderwald-gutschein\/","name":"Gutschein - Camping Anderwald","isPartOf":{"@id":"https:\/\/www.campinganderwald.at\/de\/#website"},"primaryImageOfPage":{"@id":"https:\/\/www.campinganderwald.at\/de\/camping-anderwald-gutschein\/#primaryimage"},"image":{"@id":"https:\/\/www.campinganderwald.at\/de\/camping-anderwald-gutschein\/#primaryimage"},"thumbnailUrl":"https:\/\/www.campinganderwald.at\/wp-content\/uploads\/elementor\/thumbs\/Gutschein-Front-scaled-rf72l45p0340p4y3yioxi2sl78u8r0vtqvnci9ji5c.png","datePublished":"2024-11-26T09:42:08+00:00","dateModified":"2025-11-27T12:20:56+00:00","breadcrumb":{"@id":"https:\/\/www.campinganderwald.at\/de\/camping-anderwald-gutschein\/#breadcrumb"},"inLanguage":"de","potentialAction":[{"@type":"ReadAction","target":["https:\/\/www.campinganderwald.at\/de\/camping-anderwald-gutschein\/"]}]},{"@type":"ImageObject","inLanguage":"de","@id":"https:\/\/www.campinganderwald.at\/de\/camping-anderwald-gutschein\/#primaryimage","url":"https:\/\/www.campinganderwald.at\/wp-content\/uploads\/elementor\/thumbs\/Gutschein-Front-scaled-rf72l45p0340p4y3yioxi2sl78u8r0vtqvnci9ji5c.png","contentUrl":"https:\/\/www.campinganderwald.at\/wp-content\/uploads\/elementor\/thumbs\/Gutschein-Front-scaled-rf72l45p0340p4y3yioxi2sl78u8r0vtqvnci9ji5c.png"},{"@type":"BreadcrumbList","@id":"https:\/\/www.campinganderwald.at\/de\/camping-anderwald-gutschein\/#breadcrumb","itemListElement":[{"@type":"ListItem","position":1,"name":"Startseite","item":"https:\/\/www.campinganderwald.at\/de\/"},{"@type":"ListItem","position":2,"name":"Gutschein"}]},{"@type":"WebSite","@id":"https:\/\/www.campinganderwald.at\/de\/#website","url":"https:\/\/www.campinganderwald.at\/de\/","name":"Camping Anderwald","description":"Unser Campingplatz liegt direkt am Faaker See in K\u00e4rnten, eingebettet in die traumhafte Kulisse der das gesamte Gebiet umgebenden Karawanken. Der Faaker See ist nicht nur der s\u00fcdlichste Badesee K\u00e4rntens, er ist auch einer der...","publisher":{"@id":"https:\/\/www.campinganderwald.at\/de\/#organization"},"potentialAction":[{"@type":"SearchAction","target":{"@type":"EntryPoint","urlTemplate":"https:\/\/www.campinganderwald.at\/de\/?s={search_term_string}"},"query-input":{"@type":"PropertyValueSpecification","valueRequired":true,"valueName":"search_term_string"}}],"inLanguage":"de"},{"@type":"Organization","@id":"https:\/\/www.campinganderwald.at\/de\/#organization","name":"Camping Anderwald","url":"https:\/\/www.campinganderwald.at\/de\/","logo":{"@type":"ImageObject","inLanguage":"de","@id":"https:\/\/www.campinganderwald.at\/de\/#\/schema\/logo\/image\/","url":"https:\/\/www.campinganderwald.at\/wp-content\/uploads\/2022\/01\/campingAnderwald-logo.svg","contentUrl":"https:\/\/www.campinganderwald.at\/wp-content\/uploads\/2022\/01\/campingAnderwald-logo.svg","caption":"Camping Anderwald"},"image":{"@id":"https:\/\/www.campinganderwald.at\/de\/#\/schema\/logo\/image\/"}}]}},"_links":{"self":[{"href":"https:\/\/www.campinganderwald.at\/de\/wp-json\/wp\/v2\/pages\/12888","targetHints":{"allow":["GET"]}}],"collection":[{"href":"https:\/\/www.campinganderwald.at\/de\/wp-json\/wp\/v2\/pages"}],"about":[{"href":"https:\/\/www.campinganderwald.at\/de\/wp-json\/wp\/v2\/types\/page"}],"author":[{"embeddable":true,"href":"https:\/\/www.campinganderwald.at\/de\/wp-json\/wp\/v2\/users\/4"}],"replies":[{"embeddable":true,"href":"https:\/\/www.campinganderwald.at\/de\/wp-json\/wp\/v2\/comments?post=12888"}],"version-history":[{"count":3,"href":"https:\/\/www.campinganderwald.at\/de\/wp-json\/wp\/v2\/pages\/12888\/revisions"}],"predecessor-version":[{"id":13763,"href":"https:\/\/www.campinganderwald.at\/de\/wp-json\/wp\/v2\/pages\/12888\/revisions\/13763"}],"wp:attachment":[{"href":"https:\/\/www.campinganderwald.at\/de\/wp-json\/wp\/v2\/media?parent=12888"}],"curies":[{"name":"wp","href":"https:\/\/api.w.org\/{rel}","templated":true}]}}