{"id":4301,"date":"2022-03-22T23:43:43","date_gmt":"2022-03-22T22:43:43","guid":{"rendered":"https:\/\/www.campinganderwald.at\/?page_id=4301"},"modified":"2025-06-16T09:25:14","modified_gmt":"2025-06-16T08:25:14","slug":"ausflugsziele","status":"publish","type":"page","link":"https:\/\/www.campinganderwald.at\/de\/ausflugsziele\/","title":{"rendered":"Ausflugsziele"},"content":{"rendered":"\t\t<div data-elementor-type=\"wp-page\" data-elementor-id=\"4301\" class=\"elementor elementor-4301\" data-elementor-post-type=\"page\">\n\t\t\t\t\t\t<section class=\"elementor-section elementor-top-section elementor-element elementor-element-ed5d843 elementor-section-boxed elementor-section-height-default elementor-section-height-default qodef-elementor-content-no\" data-id=\"ed5d843\" data-element_type=\"section\" data-e-type=\"section\">\n\t\t\t\t\t\t<div class=\"elementor-container elementor-column-gap-default\">\n\t\t\t\t\t<div class=\"elementor-column elementor-col-100 elementor-top-column elementor-element elementor-element-b142fe4\" data-id=\"b142fe4\" data-element_type=\"column\" data-e-type=\"column\">\n\t\t\t<div class=\"elementor-widget-wrap elementor-element-populated\">\n\t\t\t\t\t\t<div class=\"elementor-element elementor-element-c1553c2 elementor-widget elementor-widget-qi_addons_for_elementor_section_title\" data-id=\"c1553c2\" data-element_type=\"widget\" data-e-type=\"widget\" data-widget_type=\"qi_addons_for_elementor_section_title.default\">\n\t\t\t\t<div class=\"elementor-widget-container\">\n\t\t\t\t\t<div class=\"qodef-shortcode qodef-m qodef-qi-section-title qodef-decoration--italic qodef-link--underline-draw qodef-subtitle-icon--left\">\n\t\t\t\t<h5 class=\"qodef-m-subtitle\">\n\t\tEinzigartig\t\t\t<\/h5>\n\t\t\t<h2 class=\"qodef-m-title\">\n\t\tAusflugsziele\t<\/h2>\n\t\t\t<div class=\"qodef-m-text\"><p>Es gibt zu viele Sehensw\u00fcrdigkeiten um hier eine vollst\u00e4ndige Liste auf dieser Seite anzuf\u00fchren. Ihr k\u00f6nnt euch gerne im Campingb\u00fcro mit Prospekten eindecken und euch von uns beraten lassen. Hier findest du ein paar ausgesuchte Highlights.<\/p><\/div>\n\t<\/div>\n\t\t\t\t<\/div>\n\t\t\t\t<\/div>\n\t\t\t\t\t<\/div>\n\t\t<\/div>\n\t\t\t\t\t<\/div>\n\t\t<\/section>\n\t\t\t\t<section class=\"elementor-section elementor-top-section elementor-element elementor-element-0383aae elementor-section-boxed elementor-section-height-default elementor-section-height-default qodef-elementor-content-no\" data-id=\"0383aae\" data-element_type=\"section\" data-e-type=\"section\">\n\t\t\t\t\t\t<div class=\"elementor-container elementor-column-gap-default\">\n\t\t\t\t\t<div class=\"elementor-column elementor-col-50 elementor-top-column elementor-element elementor-element-00479e8\" data-id=\"00479e8\" data-element_type=\"column\" data-e-type=\"column\">\n\t\t\t<div class=\"elementor-widget-wrap elementor-element-populated\">\n\t\t\t\t\t\t<div class=\"elementor-element elementor-element-52f5bb1 elementor-widget elementor-widget-text-editor\" data-id=\"52f5bb1\" data-element_type=\"widget\" data-e-type=\"widget\" data-widget_type=\"text-editor.default\">\n\t\t\t\t<div class=\"elementor-widget-container\">\n\t\t\t\t\t\t\t\t\t<p><strong>In der N\u00e4he:<\/strong><\/p><ul><li>Wanderweg auf den Tabor mit neuem\u00a0<a href=\"http:\/\/www.hochhinauf.at\/wordpress\/\" target=\"_blank\" rel=\"noopener\">Waldseilpark <\/a>und wundersch\u00f6nem Blick auf den Faakersee<\/li><li><a href=\"http:\/\/www.burgarena.at\/\" target=\"_blank\" rel=\"noopener\">Burgruine Finkenstein<\/a>\u00a0mit der Burgarena \u00fcber dem Faakersee und vielf\u00e4ltigem Kulturprogramm. Erreichbar auch per Autobus von unserem Campingplatz aus.<\/li><li><a href=\"http:\/\/www.villacher-alpenstrasse.at\/\" target=\"_blank\" rel=\"noopener\">Villacher Alpenstra\u00dfe<\/a>, die 16km lange Mautsra\u00dfe f\u00fchrt Sie auf den Villacher Hausberg (1700m) mit vielen Aussichtspunkten.<\/li><\/ul><ul><li>Kurbad, Erlebnistherme Warmbad<\/li><li>Tierpark Rosegg<\/li><li>Adlerwarte und Affenberg Landskron: T\u00e4gliche beeindruckende Adlerflugshows<\/li><\/ul><p><strong>Weitere Ausflugsziele:<\/strong><\/p><ul><li><a href=\"http:\/\/www.hoehlen.at\/\" target=\"_blank\" rel=\"noopener\">Tropfsteinh\u00f6hle Obir<\/a>\u00a0(mit dem Bus ab unserem Camping)<\/li><li>Kanzelh\u00f6he Gerlitze (mit Gondelbahn)<\/li><li><a href=\"http:\/\/www.burg-hochosterwitz.at\/\" target=\"_blank\" rel=\"noopener\">Burg Hochosterwitz<\/a><\/li><li>Tscheppaschlucht<\/li><\/ul>\t\t\t\t\t\t\t\t<\/div>\n\t\t\t\t<\/div>\n\t\t\t\t\t<\/div>\n\t\t<\/div>\n\t\t\t\t<div class=\"elementor-column elementor-col-50 elementor-top-column elementor-element elementor-element-e697eae\" data-id=\"e697eae\" data-element_type=\"column\" data-e-type=\"column\">\n\t\t\t<div class=\"elementor-widget-wrap elementor-element-populated\">\n\t\t\t\t\t\t<div class=\"elementor-element elementor-element-0f6ba97 elementor-widget elementor-widget-image\" data-id=\"0f6ba97\" data-element_type=\"widget\" data-e-type=\"widget\" data-widget_type=\"image.default\">\n\t\t\t\t<div class=\"elementor-widget-container\">\n\t\t\t\t\t\t\t\t\t\t\t\t\t\t\t<img fetchpriority=\"high\" decoding=\"async\" width=\"900\" height=\"688\" src=\"https:\/\/www.campinganderwald.at\/wp-content\/uploads\/2022\/03\/4baa888a7df31_o-1.jpg\" class=\"attachment-1536x1536 size-1536x1536 wp-image-4345\" alt=\"\" srcset=\"https:\/\/www.campinganderwald.at\/wp-content\/uploads\/2022\/03\/4baa888a7df31_o-1.jpg 900w, https:\/\/www.campinganderwald.at\/wp-content\/uploads\/2022\/03\/4baa888a7df31_o-1-300x229.jpg 300w, https:\/\/www.campinganderwald.at\/wp-content\/uploads\/2022\/03\/4baa888a7df31_o-1-768x587.jpg 768w\" sizes=\"(max-width: 900px) 100vw, 900px\" \/>\t\t\t\t\t\t\t\t\t\t\t\t\t\t\t<\/div>\n\t\t\t\t<\/div>\n\t\t\t\t\t<\/div>\n\t\t<\/div>\n\t\t\t\t\t<\/div>\n\t\t<\/section>\n\t\t\t\t<section class=\"elementor-section elementor-top-section elementor-element elementor-element-a4ac8bc elementor-section-boxed elementor-section-height-default elementor-section-height-default qodef-elementor-content-no\" data-id=\"a4ac8bc\" data-element_type=\"section\" data-e-type=\"section\">\n\t\t\t\t\t\t<div class=\"elementor-container elementor-column-gap-default\">\n\t\t\t\t\t<div class=\"elementor-column elementor-col-100 elementor-top-column elementor-element elementor-element-fbca9be\" data-id=\"fbca9be\" data-element_type=\"column\" data-e-type=\"column\">\n\t\t\t<div class=\"elementor-widget-wrap elementor-element-populated\">\n\t\t\t\t\t\t<div class=\"elementor-element elementor-element-92cec5f elementor-widget elementor-widget-image-gallery\" data-id=\"92cec5f\" data-element_type=\"widget\" data-e-type=\"widget\" data-widget_type=\"image-gallery.default\">\n\t\t\t\t<div class=\"elementor-widget-container\">\n\t\t\t\t\t\t\t<div class=\"elementor-image-gallery\">\n\t\t\t\n\t\t<style type=\"text\/css\">\n\t\t\t#gallery-1 {\n\t\t\t\tmargin: auto;\n\t\t\t}\n\t\t\t#gallery-1 .gallery-item {\n\t\t\t\tfloat: left;\n\t\t\t\tmargin-top: 10px;\n\t\t\t\ttext-align: center;\n\t\t\t\twidth: 50%;\n\t\t\t}\n\t\t\t#gallery-1 img {\n\t\t\t\tborder: 2px solid #cfcfcf;\n\t\t\t}\n\t\t\t#gallery-1 .gallery-caption {\n\t\t\t\tmargin-left: 0;\n\t\t\t}\n\t\t\t\/* see gallery_shortcode() in wp-includes\/media.php *\/\n\t\t<\/style>\n\t\t<div id='gallery-1' class='gallery galleryid-4301 gallery-columns-2 gallery-size-kamperen_core_image_size_huge-square'><dl class='gallery-item'>\n\t\t\t<dt class='gallery-icon landscape'>\n\t\t\t\t<a data-elementor-open-lightbox=\"yes\" data-elementor-lightbox-slideshow=\"92cec5f\" data-elementor-lightbox-title=\"4b263ff59bf28_o\" data-e-action-hash=\"#elementor-action%3Aaction%3Dlightbox%26settings%3DeyJpZCI6NDMyNSwidXJsIjoiaHR0cHM6XC9cL3d3dy5jYW1waW5nYW5kZXJ3YWxkLmF0XC93cC1jb250ZW50XC91cGxvYWRzXC8yMDIyXC8wM1wvNGIyNjNmZjU5YmYyOF9vLmpwZyIsInNsaWRlc2hvdyI6IjkyY2VjNWYifQ%3D%3D\" href='https:\/\/www.campinganderwald.at\/wp-content\/uploads\/2022\/03\/4b263ff59bf28_o.jpg'><img decoding=\"async\" width=\"1000\" height=\"652\" src=\"https:\/\/www.campinganderwald.at\/wp-content\/uploads\/2022\/03\/4b263ff59bf28_o.jpg\" class=\"attachment-kamperen_core_image_size_huge-square size-kamperen_core_image_size_huge-square\" alt=\"\" srcset=\"https:\/\/www.campinganderwald.at\/wp-content\/uploads\/2022\/03\/4b263ff59bf28_o.jpg 1000w, https:\/\/www.campinganderwald.at\/wp-content\/uploads\/2022\/03\/4b263ff59bf28_o-300x196.jpg 300w, https:\/\/www.campinganderwald.at\/wp-content\/uploads\/2022\/03\/4b263ff59bf28_o-768x501.jpg 768w\" sizes=\"(max-width: 1000px) 100vw, 1000px\" \/><\/a>\n\t\t\t<\/dt><\/dl><dl class='gallery-item'>\n\t\t\t<dt class='gallery-icon landscape'>\n\t\t\t\t<a data-elementor-open-lightbox=\"yes\" data-elementor-lightbox-slideshow=\"92cec5f\" data-elementor-lightbox-title=\"4b263ff596167_o\" data-e-action-hash=\"#elementor-action%3Aaction%3Dlightbox%26settings%3DeyJpZCI6NDMxOSwidXJsIjoiaHR0cHM6XC9cL3d3dy5jYW1waW5nYW5kZXJ3YWxkLmF0XC93cC1jb250ZW50XC91cGxvYWRzXC8yMDIyXC8wM1wvNGIyNjNmZjU5NjE2N19vLmpwZyIsInNsaWRlc2hvdyI6IjkyY2VjNWYifQ%3D%3D\" href='https:\/\/www.campinganderwald.at\/wp-content\/uploads\/2022\/03\/4b263ff596167_o.jpg'><img decoding=\"async\" width=\"1000\" height=\"664\" src=\"https:\/\/www.campinganderwald.at\/wp-content\/uploads\/2022\/03\/4b263ff596167_o.jpg\" class=\"attachment-kamperen_core_image_size_huge-square size-kamperen_core_image_size_huge-square\" alt=\"\" srcset=\"https:\/\/www.campinganderwald.at\/wp-content\/uploads\/2022\/03\/4b263ff596167_o.jpg 1000w, https:\/\/www.campinganderwald.at\/wp-content\/uploads\/2022\/03\/4b263ff596167_o-300x199.jpg 300w, https:\/\/www.campinganderwald.at\/wp-content\/uploads\/2022\/03\/4b263ff596167_o-768x510.jpg 768w\" sizes=\"(max-width: 1000px) 100vw, 1000px\" \/><\/a>\n\t\t\t<\/dt><\/dl><br style=\"clear: both\" \/>\n\t\t<\/div>\n\t\t<\/div>\n\t\t\t\t\t\t<\/div>\n\t\t\t\t<\/div>\n\t\t\t\t\t<\/div>\n\t\t<\/div>\n\t\t\t\t\t<\/div>\n\t\t<\/section>\n\t\t\t\t<\/div>\n\t\t","protected":false},"excerpt":{"rendered":"<p>Einzigartig Ausflugsziele Es gibt zu viele Sehensw\u00fcrdigkeiten um hier eine vollst\u00e4ndige Liste auf dieser Seite anzuf\u00fchren. Ihr k\u00f6nnt euch gerne im Campingb\u00fcro mit Prospekten eindecken und euch von uns beraten lassen. Hier findest du ein paar ausgesuchte Highlights. In der N\u00e4he: Wanderweg auf den Tabor mit neuem\u00a0Waldseilpark und wundersch\u00f6nem Blick auf den Faakersee Burgruine Finkenstein\u00a0mit [&hellip;]<\/p>\n","protected":false},"author":2,"featured_media":0,"parent":0,"menu_order":0,"comment_status":"closed","ping_status":"closed","template":"","meta":{"footnotes":""},"class_list":["post-4301","page","type-page","status-publish","hentry"],"yoast_head":"<!-- This site is optimized with the Yoast SEO plugin v27.3 - https:\/\/yoast.com\/product\/yoast-seo-wordpress\/ -->\n<title>Ausflugsziele - Camping Anderwald<\/title>\n<meta name=\"robots\" content=\"index, follow, max-snippet:-1, max-image-preview:large, max-video-preview:-1\" \/>\n<link rel=\"canonical\" href=\"https:\/\/www.campinganderwald.at\/de\/ausflugsziele\/\" \/>\n<meta property=\"og:locale\" content=\"de_DE\" \/>\n<meta property=\"og:type\" content=\"article\" \/>\n<meta property=\"og:title\" content=\"Ausflugsziele - Camping Anderwald\" \/>\n<meta property=\"og:description\" content=\"Einzigartig Ausflugsziele Es gibt zu viele Sehensw\u00fcrdigkeiten um hier eine vollst\u00e4ndige Liste auf dieser Seite anzuf\u00fchren. Ihr k\u00f6nnt euch gerne im Campingb\u00fcro mit Prospekten eindecken und euch von uns beraten lassen. Hier findest du ein paar ausgesuchte Highlights. In der N\u00e4he: Wanderweg auf den Tabor mit neuem\u00a0Waldseilpark und wundersch\u00f6nem Blick auf den Faakersee Burgruine Finkenstein\u00a0mit [&hellip;]\" \/>\n<meta property=\"og:url\" content=\"https:\/\/www.campinganderwald.at\/de\/ausflugsziele\/\" \/>\n<meta property=\"og:site_name\" content=\"Camping Anderwald\" \/>\n<meta property=\"article:modified_time\" content=\"2025-06-16T08:25:14+00:00\" \/>\n<meta property=\"og:image\" content=\"https:\/\/www.campinganderwald.at\/wp-content\/uploads\/2022\/03\/4baa888a7df31_o-1.jpg\" \/>\n<meta name=\"twitter:card\" content=\"summary_large_image\" \/>\n<meta name=\"twitter:label1\" content=\"Gesch\u00e4tzte Lesezeit\" \/>\n\t<meta name=\"twitter:data1\" content=\"2\u00a0Minuten\" \/>\n<script type=\"application\/ld+json\" class=\"yoast-schema-graph\">{\"@context\":\"https:\\\/\\\/schema.org\",\"@graph\":[{\"@type\":\"WebPage\",\"@id\":\"https:\\\/\\\/www.campinganderwald.at\\\/de\\\/ausflugsziele\\\/\",\"url\":\"https:\\\/\\\/www.campinganderwald.at\\\/de\\\/ausflugsziele\\\/\",\"name\":\"Ausflugsziele - Camping Anderwald\",\"isPartOf\":{\"@id\":\"https:\\\/\\\/www.campinganderwald.at\\\/de\\\/#website\"},\"primaryImageOfPage\":{\"@id\":\"https:\\\/\\\/www.campinganderwald.at\\\/de\\\/ausflugsziele\\\/#primaryimage\"},\"image\":{\"@id\":\"https:\\\/\\\/www.campinganderwald.at\\\/de\\\/ausflugsziele\\\/#primaryimage\"},\"thumbnailUrl\":\"https:\\\/\\\/www.campinganderwald.at\\\/wp-content\\\/uploads\\\/2022\\\/03\\\/4baa888a7df31_o-1.jpg\",\"datePublished\":\"2022-03-22T22:43:43+00:00\",\"dateModified\":\"2025-06-16T08:25:14+00:00\",\"breadcrumb\":{\"@id\":\"https:\\\/\\\/www.campinganderwald.at\\\/de\\\/ausflugsziele\\\/#breadcrumb\"},\"inLanguage\":\"de\",\"potentialAction\":[{\"@type\":\"ReadAction\",\"target\":[\"https:\\\/\\\/www.campinganderwald.at\\\/de\\\/ausflugsziele\\\/\"]}]},{\"@type\":\"ImageObject\",\"inLanguage\":\"de\",\"@id\":\"https:\\\/\\\/www.campinganderwald.at\\\/de\\\/ausflugsziele\\\/#primaryimage\",\"url\":\"https:\\\/\\\/www.campinganderwald.at\\\/wp-content\\\/uploads\\\/2022\\\/03\\\/4baa888a7df31_o-1.jpg\",\"contentUrl\":\"https:\\\/\\\/www.campinganderwald.at\\\/wp-content\\\/uploads\\\/2022\\\/03\\\/4baa888a7df31_o-1.jpg\"},{\"@type\":\"BreadcrumbList\",\"@id\":\"https:\\\/\\\/www.campinganderwald.at\\\/de\\\/ausflugsziele\\\/#breadcrumb\",\"itemListElement\":[{\"@type\":\"ListItem\",\"position\":1,\"name\":\"Startseite\",\"item\":\"https:\\\/\\\/www.campinganderwald.at\\\/de\\\/\"},{\"@type\":\"ListItem\",\"position\":2,\"name\":\"Ausflugsziele\"}]},{\"@type\":\"WebSite\",\"@id\":\"https:\\\/\\\/www.campinganderwald.at\\\/de\\\/#website\",\"url\":\"https:\\\/\\\/www.campinganderwald.at\\\/de\\\/\",\"name\":\"Camping Anderwald\",\"description\":\"Unser Campingplatz liegt direkt am Faaker See in K\u00e4rnten, eingebettet in die traumhafte Kulisse der das gesamte Gebiet umgebenden Karawanken. Der Faaker See ist nicht nur der s\u00fcdlichste Badesee K\u00e4rntens, er ist auch einer der...\",\"publisher\":{\"@id\":\"https:\\\/\\\/www.campinganderwald.at\\\/de\\\/#organization\"},\"potentialAction\":[{\"@type\":\"SearchAction\",\"target\":{\"@type\":\"EntryPoint\",\"urlTemplate\":\"https:\\\/\\\/www.campinganderwald.at\\\/de\\\/?s={search_term_string}\"},\"query-input\":{\"@type\":\"PropertyValueSpecification\",\"valueRequired\":true,\"valueName\":\"search_term_string\"}}],\"inLanguage\":\"de\"},{\"@type\":\"Organization\",\"@id\":\"https:\\\/\\\/www.campinganderwald.at\\\/de\\\/#organization\",\"name\":\"Camping Anderwald\",\"url\":\"https:\\\/\\\/www.campinganderwald.at\\\/de\\\/\",\"logo\":{\"@type\":\"ImageObject\",\"inLanguage\":\"de\",\"@id\":\"https:\\\/\\\/www.campinganderwald.at\\\/de\\\/#\\\/schema\\\/logo\\\/image\\\/\",\"url\":\"https:\\\/\\\/www.campinganderwald.at\\\/wp-content\\\/uploads\\\/2022\\\/01\\\/campingAnderwald-logo.svg\",\"contentUrl\":\"https:\\\/\\\/www.campinganderwald.at\\\/wp-content\\\/uploads\\\/2022\\\/01\\\/campingAnderwald-logo.svg\",\"caption\":\"Camping Anderwald\"},\"image\":{\"@id\":\"https:\\\/\\\/www.campinganderwald.at\\\/de\\\/#\\\/schema\\\/logo\\\/image\\\/\"}}]}<\/script>\n<!-- \/ Yoast SEO plugin. -->","yoast_head_json":{"title":"Ausflugsziele - Camping Anderwald","robots":{"index":"index","follow":"follow","max-snippet":"max-snippet:-1","max-image-preview":"max-image-preview:large","max-video-preview":"max-video-preview:-1"},"canonical":"https:\/\/www.campinganderwald.at\/de\/ausflugsziele\/","og_locale":"de_DE","og_type":"article","og_title":"Ausflugsziele - Camping Anderwald","og_description":"Einzigartig Ausflugsziele Es gibt zu viele Sehensw\u00fcrdigkeiten um hier eine vollst\u00e4ndige Liste auf dieser Seite anzuf\u00fchren. Ihr k\u00f6nnt euch gerne im Campingb\u00fcro mit Prospekten eindecken und euch von uns beraten lassen. Hier findest du ein paar ausgesuchte Highlights. In der N\u00e4he: Wanderweg auf den Tabor mit neuem\u00a0Waldseilpark und wundersch\u00f6nem Blick auf den Faakersee Burgruine Finkenstein\u00a0mit [&hellip;]","og_url":"https:\/\/www.campinganderwald.at\/de\/ausflugsziele\/","og_site_name":"Camping Anderwald","article_modified_time":"2025-06-16T08:25:14+00:00","og_image":[{"url":"https:\/\/www.campinganderwald.at\/wp-content\/uploads\/2022\/03\/4baa888a7df31_o-1.jpg","type":"","width":"","height":""}],"twitter_card":"summary_large_image","twitter_misc":{"Gesch\u00e4tzte Lesezeit":"2\u00a0Minuten"},"schema":{"@context":"https:\/\/schema.org","@graph":[{"@type":"WebPage","@id":"https:\/\/www.campinganderwald.at\/de\/ausflugsziele\/","url":"https:\/\/www.campinganderwald.at\/de\/ausflugsziele\/","name":"Ausflugsziele - Camping Anderwald","isPartOf":{"@id":"https:\/\/www.campinganderwald.at\/de\/#website"},"primaryImageOfPage":{"@id":"https:\/\/www.campinganderwald.at\/de\/ausflugsziele\/#primaryimage"},"image":{"@id":"https:\/\/www.campinganderwald.at\/de\/ausflugsziele\/#primaryimage"},"thumbnailUrl":"https:\/\/www.campinganderwald.at\/wp-content\/uploads\/2022\/03\/4baa888a7df31_o-1.jpg","datePublished":"2022-03-22T22:43:43+00:00","dateModified":"2025-06-16T08:25:14+00:00","breadcrumb":{"@id":"https:\/\/www.campinganderwald.at\/de\/ausflugsziele\/#breadcrumb"},"inLanguage":"de","potentialAction":[{"@type":"ReadAction","target":["https:\/\/www.campinganderwald.at\/de\/ausflugsziele\/"]}]},{"@type":"ImageObject","inLanguage":"de","@id":"https:\/\/www.campinganderwald.at\/de\/ausflugsziele\/#primaryimage","url":"https:\/\/www.campinganderwald.at\/wp-content\/uploads\/2022\/03\/4baa888a7df31_o-1.jpg","contentUrl":"https:\/\/www.campinganderwald.at\/wp-content\/uploads\/2022\/03\/4baa888a7df31_o-1.jpg"},{"@type":"BreadcrumbList","@id":"https:\/\/www.campinganderwald.at\/de\/ausflugsziele\/#breadcrumb","itemListElement":[{"@type":"ListItem","position":1,"name":"Startseite","item":"https:\/\/www.campinganderwald.at\/de\/"},{"@type":"ListItem","position":2,"name":"Ausflugsziele"}]},{"@type":"WebSite","@id":"https:\/\/www.campinganderwald.at\/de\/#website","url":"https:\/\/www.campinganderwald.at\/de\/","name":"Camping Anderwald","description":"Unser Campingplatz liegt direkt am Faaker See in K\u00e4rnten, eingebettet in die traumhafte Kulisse der das gesamte Gebiet umgebenden Karawanken. Der Faaker See ist nicht nur der s\u00fcdlichste Badesee K\u00e4rntens, er ist auch einer der...","publisher":{"@id":"https:\/\/www.campinganderwald.at\/de\/#organization"},"potentialAction":[{"@type":"SearchAction","target":{"@type":"EntryPoint","urlTemplate":"https:\/\/www.campinganderwald.at\/de\/?s={search_term_string}"},"query-input":{"@type":"PropertyValueSpecification","valueRequired":true,"valueName":"search_term_string"}}],"inLanguage":"de"},{"@type":"Organization","@id":"https:\/\/www.campinganderwald.at\/de\/#organization","name":"Camping Anderwald","url":"https:\/\/www.campinganderwald.at\/de\/","logo":{"@type":"ImageObject","inLanguage":"de","@id":"https:\/\/www.campinganderwald.at\/de\/#\/schema\/logo\/image\/","url":"https:\/\/www.campinganderwald.at\/wp-content\/uploads\/2022\/01\/campingAnderwald-logo.svg","contentUrl":"https:\/\/www.campinganderwald.at\/wp-content\/uploads\/2022\/01\/campingAnderwald-logo.svg","caption":"Camping Anderwald"},"image":{"@id":"https:\/\/www.campinganderwald.at\/de\/#\/schema\/logo\/image\/"}}]}},"_links":{"self":[{"href":"https:\/\/www.campinganderwald.at\/de\/wp-json\/wp\/v2\/pages\/4301","targetHints":{"allow":["GET"]}}],"collection":[{"href":"https:\/\/www.campinganderwald.at\/de\/wp-json\/wp\/v2\/pages"}],"about":[{"href":"https:\/\/www.campinganderwald.at\/de\/wp-json\/wp\/v2\/types\/page"}],"author":[{"embeddable":true,"href":"https:\/\/www.campinganderwald.at\/de\/wp-json\/wp\/v2\/users\/2"}],"replies":[{"embeddable":true,"href":"https:\/\/www.campinganderwald.at\/de\/wp-json\/wp\/v2\/comments?post=4301"}],"version-history":[{"count":1,"href":"https:\/\/www.campinganderwald.at\/de\/wp-json\/wp\/v2\/pages\/4301\/revisions"}],"predecessor-version":[{"id":13503,"href":"https:\/\/www.campinganderwald.at\/de\/wp-json\/wp\/v2\/pages\/4301\/revisions\/13503"}],"wp:attachment":[{"href":"https:\/\/www.campinganderwald.at\/de\/wp-json\/wp\/v2\/media?parent=4301"}],"curies":[{"name":"wp","href":"https:\/\/api.w.org\/{rel}","templated":true}]}}