{"id":3351,"date":"2021-06-04T09:52:29","date_gmt":"2021-06-04T08:52:29","guid":{"rendered":"https:\/\/www.campinganderwald.at\/notizie-suggerimenti\/"},"modified":"2022-03-21T20:12:37","modified_gmt":"2022-03-21T19:12:37","slug":"notizie-suggerimenti","status":"publish","type":"page","link":"https:\/\/www.campinganderwald.at\/it\/notizie-suggerimenti\/","title":{"rendered":"Notizie \/ Suggerimenti"},"content":{"rendered":"\t\t<div data-elementor-type=\"wp-page\" data-elementor-id=\"3351\" class=\"elementor elementor-3351 elementor-368\" data-elementor-post-type=\"page\">\n\t\t\t\t\t\t<section class=\"elementor-section elementor-top-section elementor-element elementor-element-72477a0 elementor-section-boxed elementor-section-height-default elementor-section-height-default qodef-elementor-content-no\" data-id=\"72477a0\" data-element_type=\"section\" data-e-type=\"section\">\n\t\t\t\t\t\t<div class=\"elementor-container elementor-column-gap-default\">\n\t\t\t\t\t<div class=\"elementor-column elementor-col-100 elementor-top-column elementor-element elementor-element-c6ce3e1\" data-id=\"c6ce3e1\" data-element_type=\"column\" data-e-type=\"column\">\n\t\t\t<div class=\"elementor-widget-wrap elementor-element-populated\">\n\t\t\t\t\t\t<div class=\"elementor-element elementor-element-97dc385 elementor-widget elementor-widget-qi_addons_for_elementor_blog_list\" data-id=\"97dc385\" data-element_type=\"widget\" data-e-type=\"widget\" data-widget_type=\"qi_addons_for_elementor_blog_list.default\">\n\t\t\t\t<div class=\"elementor-widget-container\">\n\t\t\t\t\t<div class=\"qodef-shortcode qodef-m qodef-addons-blog-list qodef-info-no-icons qodef-image--hover-zoom qodef-qi-grid qodef-layout--qi-columns qodef-col-num--3 qodef-item-layout--boxed qodef-responsive--predefined\" >\n\t<div class=\"qodef-grid-inner\">\n\t\t<article class=\"qodef-e qodef-blog-item qodef-grid-item qodef-item--full post-14062 post type-post status-publish format-standard hentry category-non-categorizzato\">\n\t<div class=\"qodef-e-inner\">\n\t\t<div class=\"qodef-e-media-holder\">\n\t\t\t<div class=\"qodef-e-media\">\n\t<\/div>\n<div itemprop=\"dateCreated\" class=\"qodef-e-info-item qodef-e-info-date entry-date \">\n\t<a itemprop=\"url\" href=\"https:\/\/www.campinganderwald.at\/it\/2025\/12\/\">\n\t\t31 Dic\t<\/a>\n<\/div>\n\t\t<\/div>\n\t\t<div class=\"qodef-e-content\">\n\t\t\t\t\t\t\t<div class=\"qodef-e-info qodef-info--top\">\n\t\t\t\t\t<div class=\"qodef-e-info-item qodef-e-info-category\">\n\t\t<a href=\"https:\/\/www.campinganderwald.at\/it\/category\/non-categorizzato\/\" rel=\"category tag\">Non categorizzato<\/a><\/div>\n\t\t\t\t<\/div>\n\t\t\t\t\t\t<div class=\"qodef-e-text\">\n\t\t\t\t<h5 itemprop=\"name\" class=\"qodef-e-title entry-title\">\n\t<a itemprop=\"url\" class=\"qodef-e-title-link\" href=\"https:\/\/www.campinganderwald.at\/it\/momenti-2025\/\">\n\t\tMomenti 2025\t<\/a>\n<\/h5>\n\t\t<p itemprop=\"description\" class=\"qodef-e-excerpt\">\n\t\t\tSpecchio retrovisore Ecco la nostra recensione &#8211; senza giudizi, ma con tanti ricordi dell&#8217;anno 2025. Clemens Iniziamo con una buona notizia: Clemens, il nostro giardini\t\t<\/p>\n\t\t\t\t<\/div>\n\t\t\t\t\t\t\t<div class=\"qodef-e-info qodef-info--bottom\">\n\t\t\t\t\t\t<div class=\"qodef-e-read-more\">\n\t\t<a class=\"qodef-shortcode qodef-m qodef-qi-button qodef-html--link qodef-layout--textual qodef-type--standard qodef-icon--right qodef-hover--icon-move-horizontal-short\" href=\"https:\/\/www.campinganderwald.at\/it\/momenti-2025\/\" target=\"_self\">\t<span class=\"qodef-m-text\">Continua a leggere<\/span>\t\t<span class=\"qodef-m-icon\">\t\t<span class=\"qodef-m-icon-inner\">\t\t\t<i aria-hidden=\"true\" class=\"fas fa-long-arrow-alt-right\"><\/i>\t\t\t\t\t<\/span>\t<\/span><\/a>\t<\/div>\n\t\t\t\t<\/div>\n\t\t\t\t\t<\/div>\n\t<\/div>\n<\/article>\n<article class=\"qodef-e qodef-blog-item qodef-grid-item qodef-item--full post-13002 post type-post status-publish format-standard has-post-thumbnail hentry category-non-categorizzato\">\n\t<div class=\"qodef-e-inner\">\n\t\t<div class=\"qodef-e-media-holder\">\n\t\t\t<div class=\"qodef-e-media\">\n\t\t<div class=\"qodef-e-media-image\">\n\t\t<a itemprop=\"url\" href=\"https:\/\/www.campinganderwald.at\/it\/carinthian-lake-loop-uno-dei-leggendari-tour-in-bicicletta-deuropa-secondo-lo\/\">\n\t\t\t<img fetchpriority=\"high\" decoding=\"async\" width=\"2560\" height=\"1707\" src=\"https:\/\/www.campinganderwald.at\/wp-content\/uploads\/2024\/01\/Basecamp-Anderwald-46-2-scaled.jpg\" class=\"attachment-full size-full\" alt=\"\" srcset=\"https:\/\/www.campinganderwald.at\/wp-content\/uploads\/2024\/01\/Basecamp-Anderwald-46-2-scaled.jpg 2560w, https:\/\/www.campinganderwald.at\/wp-content\/uploads\/2024\/01\/Basecamp-Anderwald-46-2-300x200.jpg 300w, https:\/\/www.campinganderwald.at\/wp-content\/uploads\/2024\/01\/Basecamp-Anderwald-46-2-1024x683.jpg 1024w, https:\/\/www.campinganderwald.at\/wp-content\/uploads\/2024\/01\/Basecamp-Anderwald-46-2-768x512.jpg 768w, https:\/\/www.campinganderwald.at\/wp-content\/uploads\/2024\/01\/Basecamp-Anderwald-46-2-1536x1024.jpg 1536w, https:\/\/www.campinganderwald.at\/wp-content\/uploads\/2024\/01\/Basecamp-Anderwald-46-2-2048x1365.jpg 2048w\" sizes=\"(max-width: 2560px) 100vw, 2560px\" \/>\t\t<\/a>\n\t\t\t<\/div>\n<\/div>\n<div itemprop=\"dateCreated\" class=\"qodef-e-info-item qodef-e-info-date entry-date \">\n\t<a itemprop=\"url\" href=\"https:\/\/www.campinganderwald.at\/it\/2024\/12\/\">\n\t\t29 Dic\t<\/a>\n<\/div>\n\t\t<\/div>\n\t\t<div class=\"qodef-e-content\">\n\t\t\t\t\t\t\t<div class=\"qodef-e-info qodef-info--top\">\n\t\t\t\t\t<div class=\"qodef-e-info-item qodef-e-info-category\">\n\t\t<a href=\"https:\/\/www.campinganderwald.at\/it\/category\/non-categorizzato\/\" rel=\"category tag\">Non categorizzato<\/a><\/div>\n\t\t\t\t<\/div>\n\t\t\t\t\t\t<div class=\"qodef-e-text\">\n\t\t\t\t<h5 itemprop=\"name\" class=\"qodef-e-title entry-title\">\n\t<a itemprop=\"url\" class=\"qodef-e-title-link\" href=\"https:\/\/www.campinganderwald.at\/it\/carinthian-lake-loop-uno-dei-leggendari-tour-in-bicicletta-deuropa-secondo-lo\/\">\n\t\tCarinthian Lake Loop &#8211; uno dei leggendari tour in bicicletta d&#8217;Europa (secondo Lo\t<\/a>\n<\/h5>\n\t\t<p itemprop=\"description\" class=\"qodef-e-excerpt\">\n\t\t\tIl Loop dei laghi della Carinzia \u00e8 entrato a far parte dei leggendari tour in bicicletta di Conley Planet. Il tour in bicicletta \u00e8 lungo pi\u00f9 di 400 chilometri e ti porta a tappe\t\t<\/p>\n\t\t\t\t<\/div>\n\t\t\t\t\t\t\t<div class=\"qodef-e-info qodef-info--bottom\">\n\t\t\t\t\t\t<div class=\"qodef-e-read-more\">\n\t\t<a class=\"qodef-shortcode qodef-m qodef-qi-button qodef-html--link qodef-layout--textual qodef-type--standard qodef-icon--right qodef-hover--icon-move-horizontal-short\" href=\"https:\/\/www.campinganderwald.at\/it\/carinthian-lake-loop-uno-dei-leggendari-tour-in-bicicletta-deuropa-secondo-lo\/\" target=\"_self\">\t<span class=\"qodef-m-text\">Continua a leggere<\/span>\t\t<span class=\"qodef-m-icon\">\t\t<span class=\"qodef-m-icon-inner\">\t\t\t<i aria-hidden=\"true\" class=\"fas fa-long-arrow-alt-right\"><\/i>\t\t\t\t\t<\/span>\t<\/span><\/a>\t<\/div>\n\t\t\t\t<\/div>\n\t\t\t\t\t<\/div>\n\t<\/div>\n<\/article>\n<article class=\"qodef-e qodef-blog-item qodef-grid-item qodef-item--full post-10861 post type-post status-publish format-standard has-post-thumbnail hentry category-non-categorizzato\">\n\t<div class=\"qodef-e-inner\">\n\t\t<div class=\"qodef-e-media-holder\">\n\t\t\t<div class=\"qodef-e-media\">\n\t\t<div class=\"qodef-e-media-image\">\n\t\t<a itemprop=\"url\" href=\"https:\/\/www.campinganderwald.at\/it\/2024\/\">\n\t\t\t<img decoding=\"async\" width=\"1512\" height=\"2016\" src=\"https:\/\/www.campinganderwald.at\/wp-content\/uploads\/2023\/12\/kersihund-rotated.jpg\" class=\"attachment-full size-full\" alt=\"\" srcset=\"https:\/\/www.campinganderwald.at\/wp-content\/uploads\/2023\/12\/kersihund-rotated.jpg 1512w, https:\/\/www.campinganderwald.at\/wp-content\/uploads\/2023\/12\/kersihund-225x300.jpg 225w, https:\/\/www.campinganderwald.at\/wp-content\/uploads\/2023\/12\/kersihund-768x1024.jpg 768w, https:\/\/www.campinganderwald.at\/wp-content\/uploads\/2023\/12\/kersihund-1152x1536.jpg 1152w\" sizes=\"(max-width: 1512px) 100vw, 1512px\" \/>\t\t<\/a>\n\t\t\t<\/div>\n<\/div>\n<div itemprop=\"dateCreated\" class=\"qodef-e-info-item qodef-e-info-date entry-date \">\n\t<a itemprop=\"url\" href=\"https:\/\/www.campinganderwald.at\/it\/2023\/12\/\">\n\t\t31 Dic\t<\/a>\n<\/div>\n\t\t<\/div>\n\t\t<div class=\"qodef-e-content\">\n\t\t\t\t\t\t\t<div class=\"qodef-e-info qodef-info--top\">\n\t\t\t\t\t<div class=\"qodef-e-info-item qodef-e-info-category\">\n\t\t<a href=\"https:\/\/www.campinganderwald.at\/it\/category\/non-categorizzato\/\" rel=\"category tag\">Non categorizzato<\/a><\/div>\n\t\t\t\t<\/div>\n\t\t\t\t\t\t<div class=\"qodef-e-text\">\n\t\t\t\t<h5 itemprop=\"name\" class=\"qodef-e-title entry-title\">\n\t<a itemprop=\"url\" class=\"qodef-e-title-link\" href=\"https:\/\/www.campinganderwald.at\/it\/2024\/\">\n\t\t2024\t<\/a>\n<\/h5>\n\t\t<p itemprop=\"description\" class=\"qodef-e-excerpt\">\n\t\t\tUn nuovo anno &#8211; e una nuova sfida per la nostra famiglia ogni giorno: Sclerosi laterale amiotrofica &#8211; SLA Per questo motivo, quest&#8217;anno abbiamo deciso di sensibil\t\t<\/p>\n\t\t\t\t<\/div>\n\t\t\t\t\t\t\t<div class=\"qodef-e-info qodef-info--bottom\">\n\t\t\t\t\t\t<div class=\"qodef-e-read-more\">\n\t\t<a class=\"qodef-shortcode qodef-m qodef-qi-button qodef-html--link qodef-layout--textual qodef-type--standard qodef-icon--right qodef-hover--icon-move-horizontal-short\" href=\"https:\/\/www.campinganderwald.at\/it\/2024\/\" target=\"_self\">\t<span class=\"qodef-m-text\">Continua a leggere<\/span>\t\t<span class=\"qodef-m-icon\">\t\t<span class=\"qodef-m-icon-inner\">\t\t\t<i aria-hidden=\"true\" class=\"fas fa-long-arrow-alt-right\"><\/i>\t\t\t\t\t<\/span>\t<\/span><\/a>\t<\/div>\n\t\t\t\t<\/div>\n\t\t\t\t\t<\/div>\n\t<\/div>\n<\/article>\n<article class=\"qodef-e qodef-blog-item qodef-grid-item qodef-item--full post-10110 post type-post status-publish format-standard has-post-thumbnail hentry category-campeggio\">\n\t<div class=\"qodef-e-inner\">\n\t\t<div class=\"qodef-e-media-holder\">\n\t\t\t<div class=\"qodef-e-media\">\n\t\t<div class=\"qodef-e-media-image\">\n\t\t<a itemprop=\"url\" href=\"https:\/\/www.campinganderwald.at\/it\/save-the-date-orari-di-apertura-2024\/\">\n\t\t\t<img decoding=\"async\" width=\"2560\" height=\"1920\" src=\"https:\/\/www.campinganderwald.at\/wp-content\/uploads\/2023\/12\/Camping-Anderwald-am-Faaker-See-2-original-scaled.jpg\" class=\"attachment-full size-full\" alt=\"\" srcset=\"https:\/\/www.campinganderwald.at\/wp-content\/uploads\/2023\/12\/Camping-Anderwald-am-Faaker-See-2-original-scaled.jpg 2560w, https:\/\/www.campinganderwald.at\/wp-content\/uploads\/2023\/12\/Camping-Anderwald-am-Faaker-See-2-original-300x225.jpg 300w, https:\/\/www.campinganderwald.at\/wp-content\/uploads\/2023\/12\/Camping-Anderwald-am-Faaker-See-2-original-1024x768.jpg 1024w, https:\/\/www.campinganderwald.at\/wp-content\/uploads\/2023\/12\/Camping-Anderwald-am-Faaker-See-2-original-768x576.jpg 768w, https:\/\/www.campinganderwald.at\/wp-content\/uploads\/2023\/12\/Camping-Anderwald-am-Faaker-See-2-original-1536x1152.jpg 1536w, https:\/\/www.campinganderwald.at\/wp-content\/uploads\/2023\/12\/Camping-Anderwald-am-Faaker-See-2-original-2048x1536.jpg 2048w\" sizes=\"(max-width: 2560px) 100vw, 2560px\" \/>\t\t<\/a>\n\t\t\t<\/div>\n<\/div>\n<div itemprop=\"dateCreated\" class=\"qodef-e-info-item qodef-e-info-date entry-date \">\n\t<a itemprop=\"url\" href=\"https:\/\/www.campinganderwald.at\/it\/2023\/12\/\">\n\t\t19 Dic\t<\/a>\n<\/div>\n\t\t<\/div>\n\t\t<div class=\"qodef-e-content\">\n\t\t\t\t\t\t\t<div class=\"qodef-e-info qodef-info--top\">\n\t\t\t\t\t<div class=\"qodef-e-info-item qodef-e-info-category\">\n\t\t<a href=\"https:\/\/www.campinganderwald.at\/it\/category\/campeggio\/\" rel=\"category tag\">campeggio<\/a><\/div>\n\t\t\t\t<\/div>\n\t\t\t\t\t\t<div class=\"qodef-e-text\">\n\t\t\t\t<h5 itemprop=\"name\" class=\"qodef-e-title entry-title\">\n\t<a itemprop=\"url\" class=\"qodef-e-title-link\" href=\"https:\/\/www.campinganderwald.at\/it\/save-the-date-orari-di-apertura-2024\/\">\n\t\tSave the Date: Orari di apertura 2024\t<\/a>\n<\/h5>\n\t\t<p itemprop=\"description\" class=\"qodef-e-excerpt\">\n\t\t\tOrari e date di eventi importanti per l&#8217;inizio del 2024: -Abbiamo aperto il nostro campeggio quest&#8217;anno dal 1.4.2024 al 3.11.2024. Il nostro ristorante \u00e8 aperto da ini\t\t<\/p>\n\t\t\t\t<\/div>\n\t\t\t\t\t\t\t<div class=\"qodef-e-info qodef-info--bottom\">\n\t\t\t\t\t\t<div class=\"qodef-e-read-more\">\n\t\t<a class=\"qodef-shortcode qodef-m qodef-qi-button qodef-html--link qodef-layout--textual qodef-type--standard qodef-icon--right qodef-hover--icon-move-horizontal-short\" href=\"https:\/\/www.campinganderwald.at\/it\/save-the-date-orari-di-apertura-2024\/\" target=\"_self\">\t<span class=\"qodef-m-text\">Continua a leggere<\/span>\t\t<span class=\"qodef-m-icon\">\t\t<span class=\"qodef-m-icon-inner\">\t\t\t<i aria-hidden=\"true\" class=\"fas fa-long-arrow-alt-right\"><\/i>\t\t\t\t\t<\/span>\t<\/span><\/a>\t<\/div>\n\t\t\t\t<\/div>\n\t\t\t\t\t<\/div>\n\t<\/div>\n<\/article>\n<article class=\"qodef-e qodef-blog-item qodef-grid-item qodef-item--full post-3455 post type-post status-publish format-standard has-post-thumbnail hentry category-campeggio\">\n\t<div class=\"qodef-e-inner\">\n\t\t<div class=\"qodef-e-media-holder\">\n\t\t\t<div class=\"qodef-e-media\">\n\t\t<div class=\"qodef-e-media-image\">\n\t\t<a itemprop=\"url\" href=\"https:\/\/www.campinganderwald.at\/it\/questanno-celebriamo-il-nostro-70-anniversario\/\">\n\t\t\t<img loading=\"lazy\" decoding=\"async\" width=\"1000\" height=\"705\" src=\"https:\/\/www.campinganderwald.at\/wp-content\/uploads\/2022\/01\/4b26409e86faa_o.jpg\" class=\"attachment-full size-full\" alt=\"\" srcset=\"https:\/\/www.campinganderwald.at\/wp-content\/uploads\/2022\/01\/4b26409e86faa_o.jpg 1000w, https:\/\/www.campinganderwald.at\/wp-content\/uploads\/2022\/01\/4b26409e86faa_o-300x212.jpg 300w, https:\/\/www.campinganderwald.at\/wp-content\/uploads\/2022\/01\/4b26409e86faa_o-768x541.jpg 768w\" sizes=\"(max-width: 1000px) 100vw, 1000px\" \/>\t\t<\/a>\n\t\t\t<\/div>\n<\/div>\n<div itemprop=\"dateCreated\" class=\"qodef-e-info-item qodef-e-info-date entry-date \">\n\t<a itemprop=\"url\" href=\"https:\/\/www.campinganderwald.at\/it\/2021\/12\/\">\n\t\t31 Dic\t<\/a>\n<\/div>\n\t\t<\/div>\n\t\t<div class=\"qodef-e-content\">\n\t\t\t\t\t\t\t<div class=\"qodef-e-info qodef-info--top\">\n\t\t\t\t\t<div class=\"qodef-e-info-item qodef-e-info-category\">\n\t\t<a href=\"https:\/\/www.campinganderwald.at\/it\/category\/campeggio\/\" rel=\"category tag\">campeggio<\/a><\/div>\n\t\t\t\t<\/div>\n\t\t\t\t\t\t<div class=\"qodef-e-text\">\n\t\t\t\t<h5 itemprop=\"name\" class=\"qodef-e-title entry-title\">\n\t<a itemprop=\"url\" class=\"qodef-e-title-link\" href=\"https:\/\/www.campinganderwald.at\/it\/questanno-celebriamo-il-nostro-70-anniversario\/\">\n\t\tQuest&#8217;anno celebriamo il nostro 70\u00b0 anniversario.\t<\/a>\n<\/h5>\n\t\t<p itemprop=\"description\" class=\"qodef-e-excerpt\">\n\t\t\tCon il campeggio \u00e8 come con me stesso &#8211; perch\u00e9 non so mai esattamente quanti anni ho \ud83d\ude09 &#8211; In ogni caso, nel 2022 festeggeremo i 70 anni del Camping Anderwald. Perch\t\t<\/p>\n\t\t\t\t<\/div>\n\t\t\t\t\t\t\t<div class=\"qodef-e-info qodef-info--bottom\">\n\t\t\t\t\t\t<div class=\"qodef-e-read-more\">\n\t\t<a class=\"qodef-shortcode qodef-m qodef-qi-button qodef-html--link qodef-layout--textual qodef-type--standard qodef-icon--right qodef-hover--icon-move-horizontal-short\" href=\"https:\/\/www.campinganderwald.at\/it\/questanno-celebriamo-il-nostro-70-anniversario\/\" target=\"_self\">\t<span class=\"qodef-m-text\">Continua a leggere<\/span>\t\t<span class=\"qodef-m-icon\">\t\t<span class=\"qodef-m-icon-inner\">\t\t\t<i aria-hidden=\"true\" class=\"fas fa-long-arrow-alt-right\"><\/i>\t\t\t\t\t<\/span>\t<\/span><\/a>\t<\/div>\n\t\t\t\t<\/div>\n\t\t\t\t\t<\/div>\n\t<\/div>\n<\/article>\n\t<\/div>\n\t<\/div>\n\t\t\t\t<\/div>\n\t\t\t\t<\/div>\n\t\t\t\t\t<\/div>\n\t\t<\/div>\n\t\t\t\t\t<\/div>\n\t\t<\/section>\n\t\t\t\t<\/div>\n\t\t","protected":false},"excerpt":{"rendered":"<p>31 Dez Camping Wir feiern heuer unser 70 Jahr Jubil\u00e4um. Mit dem Campingplatz ist es wie mit mir selbst &#8211; ich wei\u00df n\u00e4mlich auch nie ganz genau wie alt ich bin \ud83d\ude09 &#8211; 2022 jedenfalls feiern wir 70 Jahre Camping Anderwald.Den Continua a leggere<\/p>\n","protected":false},"author":2,"featured_media":0,"parent":0,"menu_order":0,"comment_status":"closed","ping_status":"closed","template":"","meta":{"footnotes":""},"class_list":["post-3351","page","type-page","status-publish","hentry"],"yoast_head":"<!-- This site is optimized with the Yoast SEO plugin v27.4 - https:\/\/yoast.com\/product\/yoast-seo-wordpress\/ -->\n<title>Notizie \/ Suggerimenti - Camping Anderwald<\/title>\n<meta name=\"robots\" content=\"index, follow, max-snippet:-1, max-image-preview:large, max-video-preview:-1\" \/>\n<link rel=\"canonical\" href=\"https:\/\/www.campinganderwald.at\/it\/notizie-suggerimenti\/\" \/>\n<meta property=\"og:locale\" content=\"it_IT\" \/>\n<meta property=\"og:type\" content=\"article\" \/>\n<meta property=\"og:title\" content=\"Notizie \/ Suggerimenti - Camping Anderwald\" \/>\n<meta property=\"og:description\" content=\"31 Dez Camping Wir feiern heuer unser 70 Jahr Jubil\u00e4um. Mit dem Campingplatz ist es wie mit mir selbst &#8211; ich wei\u00df n\u00e4mlich auch nie ganz genau wie alt ich bin \ud83d\ude09 &#8211; 2022 jedenfalls feiern wir 70 Jahre Camping Anderwald.Den Continua a leggere\" \/>\n<meta property=\"og:url\" content=\"https:\/\/www.campinganderwald.at\/it\/notizie-suggerimenti\/\" \/>\n<meta property=\"og:site_name\" content=\"Camping Anderwald\" \/>\n<meta property=\"article:modified_time\" content=\"2022-03-21T19:12:37+00:00\" \/>\n<meta property=\"og:image\" content=\"https:\/\/www.campinganderwald.at\/wp-content\/uploads\/2022\/01\/4b26409e86faa_o.jpg\" \/>\n<meta name=\"twitter:card\" content=\"summary_large_image\" \/>\n<script type=\"application\/ld+json\" class=\"yoast-schema-graph\">{\"@context\":\"https:\\\/\\\/schema.org\",\"@graph\":[{\"@type\":\"WebPage\",\"@id\":\"https:\\\/\\\/www.campinganderwald.at\\\/it\\\/notizie-suggerimenti\\\/\",\"url\":\"https:\\\/\\\/www.campinganderwald.at\\\/it\\\/notizie-suggerimenti\\\/\",\"name\":\"Notizie \\\/ Suggerimenti - Camping Anderwald\",\"isPartOf\":{\"@id\":\"https:\\\/\\\/www.campinganderwald.at\\\/it\\\/#website\"},\"primaryImageOfPage\":{\"@id\":\"https:\\\/\\\/www.campinganderwald.at\\\/it\\\/notizie-suggerimenti\\\/#primaryimage\"},\"image\":{\"@id\":\"https:\\\/\\\/www.campinganderwald.at\\\/it\\\/notizie-suggerimenti\\\/#primaryimage\"},\"thumbnailUrl\":\"https:\\\/\\\/www.campinganderwald.at\\\/wp-content\\\/uploads\\\/2022\\\/01\\\/4b26409e86faa_o.jpg\",\"datePublished\":\"2021-06-04T08:52:29+00:00\",\"dateModified\":\"2022-03-21T19:12:37+00:00\",\"breadcrumb\":{\"@id\":\"https:\\\/\\\/www.campinganderwald.at\\\/it\\\/notizie-suggerimenti\\\/#breadcrumb\"},\"inLanguage\":\"it-IT\",\"potentialAction\":[{\"@type\":\"ReadAction\",\"target\":[\"https:\\\/\\\/www.campinganderwald.at\\\/it\\\/notizie-suggerimenti\\\/\"]}]},{\"@type\":\"ImageObject\",\"inLanguage\":\"it-IT\",\"@id\":\"https:\\\/\\\/www.campinganderwald.at\\\/it\\\/notizie-suggerimenti\\\/#primaryimage\",\"url\":\"https:\\\/\\\/www.campinganderwald.at\\\/wp-content\\\/uploads\\\/2022\\\/01\\\/4b26409e86faa_o.jpg\",\"contentUrl\":\"https:\\\/\\\/www.campinganderwald.at\\\/wp-content\\\/uploads\\\/2022\\\/01\\\/4b26409e86faa_o.jpg\"},{\"@type\":\"BreadcrumbList\",\"@id\":\"https:\\\/\\\/www.campinganderwald.at\\\/it\\\/notizie-suggerimenti\\\/#breadcrumb\",\"itemListElement\":[{\"@type\":\"ListItem\",\"position\":1,\"name\":\"Startseite\",\"item\":\"https:\\\/\\\/www.campinganderwald.at\\\/it\\\/\"},{\"@type\":\"ListItem\",\"position\":2,\"name\":\"Notizie \\\/ Suggerimenti\"}]},{\"@type\":\"WebSite\",\"@id\":\"https:\\\/\\\/www.campinganderwald.at\\\/it\\\/#website\",\"url\":\"https:\\\/\\\/www.campinganderwald.at\\\/it\\\/\",\"name\":\"Camping Anderwald\",\"description\":\"Unser Campingplatz liegt direkt am Faaker See in K\u00e4rnten, eingebettet in die traumhafte Kulisse der das gesamte Gebiet umgebenden Karawanken. Der Faaker See ist nicht nur der s\u00fcdlichste Badesee K\u00e4rntens, er ist auch einer der...\",\"publisher\":{\"@id\":\"https:\\\/\\\/www.campinganderwald.at\\\/it\\\/#organization\"},\"potentialAction\":[{\"@type\":\"SearchAction\",\"target\":{\"@type\":\"EntryPoint\",\"urlTemplate\":\"https:\\\/\\\/www.campinganderwald.at\\\/it\\\/?s={search_term_string}\"},\"query-input\":{\"@type\":\"PropertyValueSpecification\",\"valueRequired\":true,\"valueName\":\"search_term_string\"}}],\"inLanguage\":\"it-IT\"},{\"@type\":\"Organization\",\"@id\":\"https:\\\/\\\/www.campinganderwald.at\\\/it\\\/#organization\",\"name\":\"Camping Anderwald\",\"url\":\"https:\\\/\\\/www.campinganderwald.at\\\/it\\\/\",\"logo\":{\"@type\":\"ImageObject\",\"inLanguage\":\"it-IT\",\"@id\":\"https:\\\/\\\/www.campinganderwald.at\\\/it\\\/#\\\/schema\\\/logo\\\/image\\\/\",\"url\":\"https:\\\/\\\/www.campinganderwald.at\\\/wp-content\\\/uploads\\\/2022\\\/01\\\/campingAnderwald-logo.svg\",\"contentUrl\":\"https:\\\/\\\/www.campinganderwald.at\\\/wp-content\\\/uploads\\\/2022\\\/01\\\/campingAnderwald-logo.svg\",\"caption\":\"Camping Anderwald\"},\"image\":{\"@id\":\"https:\\\/\\\/www.campinganderwald.at\\\/it\\\/#\\\/schema\\\/logo\\\/image\\\/\"}}]}<\/script>\n<!-- \/ Yoast SEO plugin. -->","yoast_head_json":{"title":"Notizie \/ Suggerimenti - Camping Anderwald","robots":{"index":"index","follow":"follow","max-snippet":"max-snippet:-1","max-image-preview":"max-image-preview:large","max-video-preview":"max-video-preview:-1"},"canonical":"https:\/\/www.campinganderwald.at\/it\/notizie-suggerimenti\/","og_locale":"it_IT","og_type":"article","og_title":"Notizie \/ Suggerimenti - Camping Anderwald","og_description":"31 Dez Camping Wir feiern heuer unser 70 Jahr Jubil\u00e4um. Mit dem Campingplatz ist es wie mit mir selbst &#8211; ich wei\u00df n\u00e4mlich auch nie ganz genau wie alt ich bin \ud83d\ude09 &#8211; 2022 jedenfalls feiern wir 70 Jahre Camping Anderwald.Den Continua a leggere","og_url":"https:\/\/www.campinganderwald.at\/it\/notizie-suggerimenti\/","og_site_name":"Camping Anderwald","article_modified_time":"2022-03-21T19:12:37+00:00","og_image":[{"url":"https:\/\/www.campinganderwald.at\/wp-content\/uploads\/2022\/01\/4b26409e86faa_o.jpg","type":"","width":"","height":""}],"twitter_card":"summary_large_image","schema":{"@context":"https:\/\/schema.org","@graph":[{"@type":"WebPage","@id":"https:\/\/www.campinganderwald.at\/it\/notizie-suggerimenti\/","url":"https:\/\/www.campinganderwald.at\/it\/notizie-suggerimenti\/","name":"Notizie \/ Suggerimenti - Camping Anderwald","isPartOf":{"@id":"https:\/\/www.campinganderwald.at\/it\/#website"},"primaryImageOfPage":{"@id":"https:\/\/www.campinganderwald.at\/it\/notizie-suggerimenti\/#primaryimage"},"image":{"@id":"https:\/\/www.campinganderwald.at\/it\/notizie-suggerimenti\/#primaryimage"},"thumbnailUrl":"https:\/\/www.campinganderwald.at\/wp-content\/uploads\/2022\/01\/4b26409e86faa_o.jpg","datePublished":"2021-06-04T08:52:29+00:00","dateModified":"2022-03-21T19:12:37+00:00","breadcrumb":{"@id":"https:\/\/www.campinganderwald.at\/it\/notizie-suggerimenti\/#breadcrumb"},"inLanguage":"it-IT","potentialAction":[{"@type":"ReadAction","target":["https:\/\/www.campinganderwald.at\/it\/notizie-suggerimenti\/"]}]},{"@type":"ImageObject","inLanguage":"it-IT","@id":"https:\/\/www.campinganderwald.at\/it\/notizie-suggerimenti\/#primaryimage","url":"https:\/\/www.campinganderwald.at\/wp-content\/uploads\/2022\/01\/4b26409e86faa_o.jpg","contentUrl":"https:\/\/www.campinganderwald.at\/wp-content\/uploads\/2022\/01\/4b26409e86faa_o.jpg"},{"@type":"BreadcrumbList","@id":"https:\/\/www.campinganderwald.at\/it\/notizie-suggerimenti\/#breadcrumb","itemListElement":[{"@type":"ListItem","position":1,"name":"Startseite","item":"https:\/\/www.campinganderwald.at\/it\/"},{"@type":"ListItem","position":2,"name":"Notizie \/ Suggerimenti"}]},{"@type":"WebSite","@id":"https:\/\/www.campinganderwald.at\/it\/#website","url":"https:\/\/www.campinganderwald.at\/it\/","name":"Camping Anderwald","description":"Unser Campingplatz liegt direkt am Faaker See in K\u00e4rnten, eingebettet in die traumhafte Kulisse der das gesamte Gebiet umgebenden Karawanken. Der Faaker See ist nicht nur der s\u00fcdlichste Badesee K\u00e4rntens, er ist auch einer der...","publisher":{"@id":"https:\/\/www.campinganderwald.at\/it\/#organization"},"potentialAction":[{"@type":"SearchAction","target":{"@type":"EntryPoint","urlTemplate":"https:\/\/www.campinganderwald.at\/it\/?s={search_term_string}"},"query-input":{"@type":"PropertyValueSpecification","valueRequired":true,"valueName":"search_term_string"}}],"inLanguage":"it-IT"},{"@type":"Organization","@id":"https:\/\/www.campinganderwald.at\/it\/#organization","name":"Camping Anderwald","url":"https:\/\/www.campinganderwald.at\/it\/","logo":{"@type":"ImageObject","inLanguage":"it-IT","@id":"https:\/\/www.campinganderwald.at\/it\/#\/schema\/logo\/image\/","url":"https:\/\/www.campinganderwald.at\/wp-content\/uploads\/2022\/01\/campingAnderwald-logo.svg","contentUrl":"https:\/\/www.campinganderwald.at\/wp-content\/uploads\/2022\/01\/campingAnderwald-logo.svg","caption":"Camping Anderwald"},"image":{"@id":"https:\/\/www.campinganderwald.at\/it\/#\/schema\/logo\/image\/"}}]}},"_links":{"self":[{"href":"https:\/\/www.campinganderwald.at\/it\/wp-json\/wp\/v2\/pages\/3351","targetHints":{"allow":["GET"]}}],"collection":[{"href":"https:\/\/www.campinganderwald.at\/it\/wp-json\/wp\/v2\/pages"}],"about":[{"href":"https:\/\/www.campinganderwald.at\/it\/wp-json\/wp\/v2\/types\/page"}],"author":[{"embeddable":true,"href":"https:\/\/www.campinganderwald.at\/it\/wp-json\/wp\/v2\/users\/2"}],"replies":[{"embeddable":true,"href":"https:\/\/www.campinganderwald.at\/it\/wp-json\/wp\/v2\/comments?post=3351"}],"version-history":[{"count":0,"href":"https:\/\/www.campinganderwald.at\/it\/wp-json\/wp\/v2\/pages\/3351\/revisions"}],"wp:attachment":[{"href":"https:\/\/www.campinganderwald.at\/it\/wp-json\/wp\/v2\/media?parent=3351"}],"curies":[{"name":"wp","href":"https:\/\/api.w.org\/{rel}","templated":true}]}}