{"id":3449,"date":"2022-03-15T16:32:13","date_gmt":"2022-03-15T15:32:13","guid":{"rendered":"https:\/\/www.campinganderwald.at\/privacy\/"},"modified":"2022-03-17T21:36:01","modified_gmt":"2022-03-17T20:36:01","slug":"privacy","status":"publish","type":"page","link":"https:\/\/www.campinganderwald.at\/it\/privacy\/","title":{"rendered":"privacy"},"content":{"rendered":"\t\t<div data-elementor-type=\"wp-page\" data-elementor-id=\"3449\" class=\"elementor elementor-3449 elementor-1723\" data-elementor-post-type=\"page\">\n\t\t\t\t\t\t<section class=\"elementor-section elementor-top-section elementor-element elementor-element-3c6f68a elementor-section-boxed elementor-section-height-default elementor-section-height-default qodef-elementor-content-no\" data-id=\"3c6f68a\" data-element_type=\"section\" data-e-type=\"section\">\n\t\t\t\t\t\t<div class=\"elementor-container elementor-column-gap-default\">\n\t\t\t\t\t<div class=\"elementor-column elementor-col-100 elementor-top-column elementor-element elementor-element-2a5dc37\" data-id=\"2a5dc37\" data-element_type=\"column\" data-e-type=\"column\">\n\t\t\t<div class=\"elementor-widget-wrap elementor-element-populated\">\n\t\t\t\t\t\t<div class=\"elementor-element elementor-element-eb1219b elementor-widget elementor-widget-text-editor\" data-id=\"eb1219b\" data-element_type=\"widget\" data-e-type=\"widget\" data-widget_type=\"text-editor.default\">\n\t\t\t\t<div class=\"elementor-widget-container\">\n\t\t\t\t\t\t\t\t\t<p>Protezione dati<br><br>La protezione dei tuoi dati personali \u00e8 particolarmente importante per noi. Pertanto elaboriamo i tuoi dati esclusivamente sulla base delle disposizioni di legge (GDPR, TKG 2003). In questa informativa sulla protezione dei dati ti informiamo sugli aspetti pi\u00f9 importanti del trattamento dei dati nell&#8217;ambito del nostro sito web.<br><br>Il nostro sito Web pu\u00f2 essere generalmente utilizzato senza fornire alcun dato personale. Nella misura in cui i dati personali (ad es. nome, indirizzo o indirizzi e-mail) vengono raccolti sul nostro sito Web, ci\u00f2 avviene sempre, per quanto possibile, su base volontaria. Questi dati non saranno ceduti a terzi senza il tuo esplicito consenso.<br><br>Segnaliamo che la trasmissione di dati su Internet (ad es. quando si comunica via e-mail) pu\u00f2 presentare lacune di sicurezza. Non \u00e8 possibile una protezione completa dei dati contro l&#8217;accesso di terzi.<br><br>\u00c8 espressamente vietato l&#8217;utilizzo dei dati di contatto pubblicati nell&#8217;ambito dell&#8217;obbligo di impronta da parte di terzi per l&#8217;invio di materiale pubblicitario e informativo non richiesto. I gestori del sito si riservano espressamente il diritto di agire in giudizio in caso di invio di pubblicit\u00e0 non richiesta, come e-mail di spam.<br><br><br><br>contatto con noi<br><br>Se ci contatti utilizzando il modulo sul sito web o tramite e-mail, i dati da te forniti verranno conservati presso di noi per sei mesi ai fini dell&#8217;elaborazione della richiesta e in caso di domande di follow-up. Non trasmettiamo questi dati senza il tuo consenso.<br><br><br><br>Utilizzo di Google Analytics<br><br>Questo sito web utilizza Google Analytics, un servizio di analisi web fornito da Google Inc. (&#8220;Google&#8221;). Google Analytics utilizza i cosiddetti &#8220;cookie&#8221;, file di testo che vengono memorizzati sul vostro computer e consentono un&#8217;analisi del vostro utilizzo del sito web. Le informazioni generate dal cookie sull&#8217;utilizzo di questo sito Web vengono generalmente trasmesse a un server di Google negli Stati Uniti e ivi memorizzate.<br>Tuttavia, a causa dell&#8217;attivazione dell&#8217;anonimizzazione IP su questo sito Web, il tuo indirizzo IP verr\u00e0 preventivamente abbreviato da Google all&#8217;interno degli stati membri dell&#8217;Unione Europea o in altri stati contraenti dell&#8217;Accordo sullo Spazio economico europeo. Solo in casi eccezionali l&#8217;indirizzo IP completo viene inviato a un server di Google negli Stati Uniti e l\u00ec abbreviato.<br><br>Per conto dell&#8217;operatore di questo sito Web, Google utilizzer\u00e0 queste informazioni per valutare l&#8217;utilizzo del sito Web, compilare report sull&#8217;attivit\u00e0 del sito Web e fornire altri servizi relativi all&#8217;attivit\u00e0 del sito Web e all&#8217;utilizzo di Internet all&#8217;operatore del sito Web. L&#8217;indirizzo IP trasmesso dal tuo browser nell&#8217;ambito di Google Analytics non verr\u00e0 unito ad altri dati di Google.<br><br>\u00c8 possibile impedire la memorizzazione dei cookie impostando di conseguenza il software del browser; vorremmo tuttavia sottolineare che in questo caso, se applicabile, non sar\u00e0 possibile utilizzare tutte le funzioni di questo sito Web per intero.<br>Puoi anche impedire a Google di raccogliere i dati generati dal cookie e relativi al tuo utilizzo del sito web (compreso il tuo indirizzo IP) e di elaborare questi dati da parte di Google scaricando il plug-in del browser disponibile al seguente link e installando <a class=\"intext ext\" href=\"http:\/\/tools.google.com\/dlpage\/gaoptout?hl=de\" target=\"_blank\" rel=\"noopener\">http: \/\/tools.google.com\/dlpage\/gaoptout?hl=de<\/a><br><br><br><br>Ulteriori informazioni sulle condizioni di utilizzo e sulla protezione dei dati sono disponibili nelle condizioni di Google Analytics o nella panoramica di Google Analytics. Segnaliamo che su questo sito Google Analytics \u00e8 stato ampliato con il codice &#8220;gat._anonymizeIp();&#8221; \u00e8 stato ampliato per garantire la raccolta anonima degli indirizzi IP (il cosiddetto IP masking).<br><br>Il trattamento dei dati avviene sulla base delle disposizioni legali del \u00a7 96 comma 3 TKG e dell&#8217;articolo 6 comma 1 lettera a (consenso) e\/o (interesse legittimo) del GDPR.<br><br>La nostra preoccupazione ai sensi del GDPR (interesse legittimo) \u00e8 il miglioramento della nostra offerta e del nostro sito web.<br><br><br><br>Google Maps<br>Questo sito Web utilizza il prodotto Google Maps di Google Inc. Utilizzando questo sito Web, acconsenti alla raccolta, all&#8217;elaborazione e all&#8217;utilizzo dei dati raccolti automaticamente da Google Inc, dai suoi rappresentanti e da terze parti.<br>I Termini di utilizzo di Google Maps sono disponibili in &#8220;Termini di utilizzo di Google Maps&#8221;.<br><br><br><br><br><br>biscotti<br><br>I cookie sono file di testo che vengono automaticamente memorizzati localmente nel browser del visitatore quando viene richiamato un sito web. Questo sito utilizza i cookie per rendere l&#8217;offerta pi\u00f9 fruibile e funzionale. Grazie a questi file \u00e8 possibile, ad esempio, visualizzare su una pagina informazioni su misura per i singoli interessi. Le funzioni relative alla sicurezza per proteggere la tua privacy sono rese possibili anche attraverso l&#8217;uso dei cookie. L&#8217;unico scopo \u00e8 quindi quello di adattare la nostra offerta alle esigenze dei vostri clienti nel miglior modo possibile e di rendere l&#8217;utilizzo del sito il pi\u00f9 confortevole possibile. Con l&#8217;applicazione del GDPR 2018, i webmaster sono obbligati a rispettare il regolamento di base pubblicato su <a class=\"intext ext\" href=\"https:\/\/eu-datenschutz.org\/\" target=\"_blank\" rel=\"noopener\">https:\/\/eu-datenschutz.org\/<\/a> e ad informare di conseguenza i propri utenti sulla raccolta e la valutazione dei dati. La liceit\u00e0 del trattamento si basa sul Capo 2, Articolo 6 del GDPR.<br><br><br><br>Plugin Sociali<br>Questo sito web utilizza social plugin (plugin) di vari social network come &#8220;facebook.com&#8221; o &#8220;Xing&#8221;. Questi plugin possono essere riconosciuti dai rispettivi loghi.<br><br>Se si richiama un sito Web sul nostro sito Web con i relativi plug-in social, il browser stabilisce una connessione diretta con i server del rispettivo gestore del logo (ad es. facebook.com o twitter.com). Il contenuto del plug-in viene trasmesso direttamente al tuo browser dal fornitore di servizi e integrato nel sito Web dal fornitore. Si prega di notare che il trattamento dei dati da parte di Facebook, Twitter e Yahoo avviene al di fuori dell&#8217;Unione Europea. Inoltre, non abbiamo alcuna influenza sulla portata dei dati raccolti tramite l&#8217;uso dei social plugin e pertanto ti informiamo in base al nostro stato di conoscenza:<br><br>Integrando i social plugin, i fornitori ricevono l&#8217;informazione che l&#8217;utente ha effettuato l&#8217;accesso al sito Web corrispondente sul nostro sito Web. Se hai effettuato l&#8217;accesso a un servizio come Facebook, Twitter o altri, questo provider pu\u00f2 assegnare la visita al tuo account. Se interagisci con il plug-in, ad esempio premendo il pulsante &#8220;Mi piace&#8221; di Facebook o lasciando un commento, le informazioni pertinenti vengono trasmesse direttamente dal tuo browser al rispettivo fornitore di servizi e ivi memorizzate. Se non sei un membro di un social network, c&#8217;\u00e8 ancora la possibilit\u00e0 che il provider scopra e memorizzi il tuo indirizzo IP. Lo scopo e l&#8217;ambito della raccolta dei dati attraverso l&#8217;ulteriore elaborazione e utilizzo dei dati da parte del fornitore di servizi e i tuoi diritti al riguardo sono riportati nella rispettiva dichiarazione sulla protezione dei dati:<br><br><br><br><a class=\"intext ext\" href=\"http:\/\/www.facebook.com\/policy.php\" target=\"_blank\" rel=\"noopener\">http:\/\/www.facebook.com\/policy.php<\/a><br><a class=\"intext ext\" href=\"https:\/\/www.xing.com\/privacy\" target=\"_blank\" rel=\"noopener\">https:\/\/www.xing.com\/privacy<\/a><br><br><a class=\"intext ext\" href=\"https:\/\/wordpress.org\/about\/privacy\/\" target=\"_blank\" rel=\"noopener\">https:\/\/wordpress.org\/about\/privacy\/<\/a><br><br><a class=\"intext ext\" href=\"https:\/\/policies.google.com\/privacy\" target=\"_blank\" rel=\"noopener\">https:\/\/policies.google.com\/privacy<\/a><br><br><br><br>\u00c8 possibile impedire l&#8217;integrazione dei social plug-in ma anche l&#8217;utilizzo di software per l&#8217;analisi del sito Web utilizzando software appropriati, come il programma &#8220;Ghostery&#8221;.<br><br><br><br>Sinistra<br>Questo sito contiene collegamenti ad altri siti. Si prega di notare che Strandcamping Anderwald Gmbh. non si assume alcuna responsabilit\u00e0 per la protezione dei dati praticata su altri siti e per i contenuti ivi pubblicati.<br><br><br>I tuoi diritti<br><br>In linea di principio, hai il diritto all&#8217;informazione, alla correzione, alla cancellazione, alla limitazione, alla trasferibilit\u00e0 dei dati, alla revoca e all&#8217;opposizione. Se ritieni che il trattamento dei tuoi dati violi la legge sulla protezione dei dati o che i tuoi diritti alla protezione dei dati siano stati altrimenti violati in qualsiasi modo, puoi presentare un reclamo all&#8217;autorit\u00e0 di controllo. In Austria, questa \u00e8 l&#8217;Autorit\u00e0 austriaca per la protezione dei dati (DSB), Wickenburggasse 8-10, 1080 Vienna.<br><br><br><br>Vi chiediamo per\u00f2 di contattarci subito come primo passo in modo da poter risolvere insieme immediatamente il problema.<br><br>In questo caso, si prega di contattare: <a class=\"intext mail\" href=\"https:\/\/www.campinganderwald.at\/de\/datenschutz\/#\">datenschutz@campinganderwald.at<\/a><br><br><br><br><br><br>Puoi contattarci anche utilizzando i seguenti recapiti:<br><br>Strandcamping Anderwald GmbH<br><br>ATA 66 50 16 35<br><br>Spiaggia Nord 4<br><br>9583 Faak am See<br><br>M. 0043 650 9933 093<br><br>F. 0043 4254 2297<br><br>M. <a class=\"intext mail\" href=\"https:\/\/www.campinganderwald.at\/de\/datenschutz\/#\">ufficio@campinganderwald.at<\/a><br><br><br><br>Stato: 04\/2018<\/p>\t\t\t\t\t\t\t\t<\/div>\n\t\t\t\t<\/div>\n\t\t\t\t\t<\/div>\n\t\t<\/div>\n\t\t\t\t\t<\/div>\n\t\t<\/section>\n\t\t\t\t<\/div>\n\t\t","protected":false},"excerpt":{"rendered":"<p>Protezione dati La protezione dei tuoi dati personali \u00e8 particolarmente importante per noi. Pertanto elaboriamo i tuoi dati esclusivamente sulla base delle disposizioni di legge (GDPR, TKG 2003). In questa informativa sulla protezione dei dati ti informiamo sugli aspetti pi\u00f9 importanti del trattamento dei dati nell&#8217;ambito del nostro sito web. Il nostro sito Web pu\u00f2 [&hellip;]<\/p>\n","protected":false},"author":2,"featured_media":0,"parent":0,"menu_order":0,"comment_status":"closed","ping_status":"closed","template":"","meta":{"footnotes":""},"class_list":["post-3449","page","type-page","status-publish","hentry"],"yoast_head":"<!-- This site is optimized with the Yoast SEO plugin v27.6 - https:\/\/yoast.com\/product\/yoast-seo-wordpress\/ -->\n<title>privacy - Camping Anderwald<\/title>\n<meta name=\"robots\" content=\"index, follow, max-snippet:-1, max-image-preview:large, max-video-preview:-1\" \/>\n<link rel=\"canonical\" href=\"https:\/\/www.campinganderwald.at\/it\/privacy\/\" \/>\n<meta property=\"og:locale\" content=\"it_IT\" \/>\n<meta property=\"og:type\" content=\"article\" \/>\n<meta property=\"og:title\" content=\"privacy - Camping Anderwald\" \/>\n<meta property=\"og:description\" content=\"Protezione dati La protezione dei tuoi dati personali \u00e8 particolarmente importante per noi. Pertanto elaboriamo i tuoi dati esclusivamente sulla base delle disposizioni di legge (GDPR, TKG 2003). In questa informativa sulla protezione dei dati ti informiamo sugli aspetti pi\u00f9 importanti del trattamento dei dati nell&#8217;ambito del nostro sito web. Il nostro sito Web pu\u00f2 [&hellip;]\" \/>\n<meta property=\"og:url\" content=\"https:\/\/www.campinganderwald.at\/it\/privacy\/\" \/>\n<meta property=\"og:site_name\" content=\"Camping Anderwald\" \/>\n<meta property=\"article:modified_time\" content=\"2022-03-17T20:36:01+00:00\" \/>\n<meta name=\"twitter:card\" content=\"summary_large_image\" \/>\n<meta name=\"twitter:label1\" content=\"Tempo di lettura stimato\" \/>\n\t<meta name=\"twitter:data1\" content=\"6 minuti\" \/>\n<script type=\"application\/ld+json\" class=\"yoast-schema-graph\">{\"@context\":\"https:\\\/\\\/schema.org\",\"@graph\":[{\"@type\":\"WebPage\",\"@id\":\"https:\\\/\\\/www.campinganderwald.at\\\/it\\\/privacy\\\/\",\"url\":\"https:\\\/\\\/www.campinganderwald.at\\\/it\\\/privacy\\\/\",\"name\":\"privacy - Camping Anderwald\",\"isPartOf\":{\"@id\":\"https:\\\/\\\/www.campinganderwald.at\\\/it\\\/#website\"},\"datePublished\":\"2022-03-15T15:32:13+00:00\",\"dateModified\":\"2022-03-17T20:36:01+00:00\",\"breadcrumb\":{\"@id\":\"https:\\\/\\\/www.campinganderwald.at\\\/it\\\/privacy\\\/#breadcrumb\"},\"inLanguage\":\"it-IT\",\"potentialAction\":[{\"@type\":\"ReadAction\",\"target\":[\"https:\\\/\\\/www.campinganderwald.at\\\/it\\\/privacy\\\/\"]}]},{\"@type\":\"BreadcrumbList\",\"@id\":\"https:\\\/\\\/www.campinganderwald.at\\\/it\\\/privacy\\\/#breadcrumb\",\"itemListElement\":[{\"@type\":\"ListItem\",\"position\":1,\"name\":\"Startseite\",\"item\":\"https:\\\/\\\/www.campinganderwald.at\\\/it\\\/\"},{\"@type\":\"ListItem\",\"position\":2,\"name\":\"privacy\"}]},{\"@type\":\"WebSite\",\"@id\":\"https:\\\/\\\/www.campinganderwald.at\\\/it\\\/#website\",\"url\":\"https:\\\/\\\/www.campinganderwald.at\\\/it\\\/\",\"name\":\"Camping Anderwald\",\"description\":\"Unser Campingplatz liegt direkt am Faaker See in K\u00e4rnten, eingebettet in die traumhafte Kulisse der das gesamte Gebiet umgebenden Karawanken. Der Faaker See ist nicht nur der s\u00fcdlichste Badesee K\u00e4rntens, er ist auch einer der...\",\"publisher\":{\"@id\":\"https:\\\/\\\/www.campinganderwald.at\\\/it\\\/#organization\"},\"potentialAction\":[{\"@type\":\"SearchAction\",\"target\":{\"@type\":\"EntryPoint\",\"urlTemplate\":\"https:\\\/\\\/www.campinganderwald.at\\\/it\\\/?s={search_term_string}\"},\"query-input\":{\"@type\":\"PropertyValueSpecification\",\"valueRequired\":true,\"valueName\":\"search_term_string\"}}],\"inLanguage\":\"it-IT\"},{\"@type\":\"Organization\",\"@id\":\"https:\\\/\\\/www.campinganderwald.at\\\/it\\\/#organization\",\"name\":\"Camping Anderwald\",\"url\":\"https:\\\/\\\/www.campinganderwald.at\\\/it\\\/\",\"logo\":{\"@type\":\"ImageObject\",\"inLanguage\":\"it-IT\",\"@id\":\"https:\\\/\\\/www.campinganderwald.at\\\/it\\\/#\\\/schema\\\/logo\\\/image\\\/\",\"url\":\"https:\\\/\\\/www.campinganderwald.at\\\/wp-content\\\/uploads\\\/2022\\\/01\\\/campingAnderwald-logo.svg\",\"contentUrl\":\"https:\\\/\\\/www.campinganderwald.at\\\/wp-content\\\/uploads\\\/2022\\\/01\\\/campingAnderwald-logo.svg\",\"caption\":\"Camping Anderwald\"},\"image\":{\"@id\":\"https:\\\/\\\/www.campinganderwald.at\\\/it\\\/#\\\/schema\\\/logo\\\/image\\\/\"}}]}<\/script>\n<!-- \/ Yoast SEO plugin. -->","yoast_head_json":{"title":"privacy - Camping Anderwald","robots":{"index":"index","follow":"follow","max-snippet":"max-snippet:-1","max-image-preview":"max-image-preview:large","max-video-preview":"max-video-preview:-1"},"canonical":"https:\/\/www.campinganderwald.at\/it\/privacy\/","og_locale":"it_IT","og_type":"article","og_title":"privacy - Camping Anderwald","og_description":"Protezione dati La protezione dei tuoi dati personali \u00e8 particolarmente importante per noi. Pertanto elaboriamo i tuoi dati esclusivamente sulla base delle disposizioni di legge (GDPR, TKG 2003). In questa informativa sulla protezione dei dati ti informiamo sugli aspetti pi\u00f9 importanti del trattamento dei dati nell&#8217;ambito del nostro sito web. Il nostro sito Web pu\u00f2 [&hellip;]","og_url":"https:\/\/www.campinganderwald.at\/it\/privacy\/","og_site_name":"Camping Anderwald","article_modified_time":"2022-03-17T20:36:01+00:00","twitter_card":"summary_large_image","twitter_misc":{"Tempo di lettura stimato":"6 minuti"},"schema":{"@context":"https:\/\/schema.org","@graph":[{"@type":"WebPage","@id":"https:\/\/www.campinganderwald.at\/it\/privacy\/","url":"https:\/\/www.campinganderwald.at\/it\/privacy\/","name":"privacy - Camping Anderwald","isPartOf":{"@id":"https:\/\/www.campinganderwald.at\/it\/#website"},"datePublished":"2022-03-15T15:32:13+00:00","dateModified":"2022-03-17T20:36:01+00:00","breadcrumb":{"@id":"https:\/\/www.campinganderwald.at\/it\/privacy\/#breadcrumb"},"inLanguage":"it-IT","potentialAction":[{"@type":"ReadAction","target":["https:\/\/www.campinganderwald.at\/it\/privacy\/"]}]},{"@type":"BreadcrumbList","@id":"https:\/\/www.campinganderwald.at\/it\/privacy\/#breadcrumb","itemListElement":[{"@type":"ListItem","position":1,"name":"Startseite","item":"https:\/\/www.campinganderwald.at\/it\/"},{"@type":"ListItem","position":2,"name":"privacy"}]},{"@type":"WebSite","@id":"https:\/\/www.campinganderwald.at\/it\/#website","url":"https:\/\/www.campinganderwald.at\/it\/","name":"Camping Anderwald","description":"Unser Campingplatz liegt direkt am Faaker See in K\u00e4rnten, eingebettet in die traumhafte Kulisse der das gesamte Gebiet umgebenden Karawanken. Der Faaker See ist nicht nur der s\u00fcdlichste Badesee K\u00e4rntens, er ist auch einer der...","publisher":{"@id":"https:\/\/www.campinganderwald.at\/it\/#organization"},"potentialAction":[{"@type":"SearchAction","target":{"@type":"EntryPoint","urlTemplate":"https:\/\/www.campinganderwald.at\/it\/?s={search_term_string}"},"query-input":{"@type":"PropertyValueSpecification","valueRequired":true,"valueName":"search_term_string"}}],"inLanguage":"it-IT"},{"@type":"Organization","@id":"https:\/\/www.campinganderwald.at\/it\/#organization","name":"Camping Anderwald","url":"https:\/\/www.campinganderwald.at\/it\/","logo":{"@type":"ImageObject","inLanguage":"it-IT","@id":"https:\/\/www.campinganderwald.at\/it\/#\/schema\/logo\/image\/","url":"https:\/\/www.campinganderwald.at\/wp-content\/uploads\/2022\/01\/campingAnderwald-logo.svg","contentUrl":"https:\/\/www.campinganderwald.at\/wp-content\/uploads\/2022\/01\/campingAnderwald-logo.svg","caption":"Camping Anderwald"},"image":{"@id":"https:\/\/www.campinganderwald.at\/it\/#\/schema\/logo\/image\/"}}]}},"_links":{"self":[{"href":"https:\/\/www.campinganderwald.at\/it\/wp-json\/wp\/v2\/pages\/3449","targetHints":{"allow":["GET"]}}],"collection":[{"href":"https:\/\/www.campinganderwald.at\/it\/wp-json\/wp\/v2\/pages"}],"about":[{"href":"https:\/\/www.campinganderwald.at\/it\/wp-json\/wp\/v2\/types\/page"}],"author":[{"embeddable":true,"href":"https:\/\/www.campinganderwald.at\/it\/wp-json\/wp\/v2\/users\/2"}],"replies":[{"embeddable":true,"href":"https:\/\/www.campinganderwald.at\/it\/wp-json\/wp\/v2\/comments?post=3449"}],"version-history":[{"count":0,"href":"https:\/\/www.campinganderwald.at\/it\/wp-json\/wp\/v2\/pages\/3449\/revisions"}],"wp:attachment":[{"href":"https:\/\/www.campinganderwald.at\/it\/wp-json\/wp\/v2\/media?parent=3449"}],"curies":[{"name":"wp","href":"https:\/\/api.w.org\/{rel}","templated":true}]}}